{"id":10896,"date":"2024-10-18T12:35:30","date_gmt":"2024-10-18T12:35:30","guid":{"rendered":"http:\/\/teak2.local\/?post_type=product&#038;p=10896"},"modified":"2025-10-27T18:02:27","modified_gmt":"2025-10-27T17:02:27","slug":"teak-luan-tvxxx","status":"publish","type":"product","link":"https:\/\/teak2.be\/fr\/product\/teak-luan-tvxxx\/","title":{"rendered":"Teak Luan TV140-200"},"content":{"rendered":"<p>Meuble TV \u00e9l\u00e9gant et moderne en teck non trait\u00e9. Le Teak Luan TV140-200 est un meuble TV en teck au look \u00e9pur\u00e9. Ce meuble TV moderne est dot\u00e9 de portes \u00e0 charni\u00e8res et se caract\u00e9rise par son style moderne et sa construction solide. Le meuble de base repose sur un pied \u00e9l\u00e9gant. Ce meuble est constitu\u00e9 d'une seule pi\u00e8ce.<\/p>\n<p>De serie Teak Luan wordt ambachtelijk gemaakt in Indonesi\u00eb en is leverbaar in verschillende afmetingen en\/of uitvoeringen. Dit teak tv meubel is uitgevoerd in onbehandeld teak. Onbehandeld teak is bruin (blank) van kleur en wordt egaal glad geschuurd. Het teak kan verschillende kleurtinten hebben afhankelijk van natuurlijke omstandigheden. Dit teakhout is tevens ook gerecycled teak en heeft een zware, dichte structuur. TEAK2 maakt enkel gebruik van de beste kwaliteit teak afkomstig uit Java! Degelijke, massieve en zware opbouw. De gladde structuur geeft het meubel een strakke, moderne uitstraling.<\/p>\n<p>Dit stijlvolle, moderne teak\u00a0Tv-kast heeft een\u00a0strakke\u00a0uitstraling en past daardoor mooi in een industri\u00eble of\u00a0moderne\u00a0inrichting. Naast een modern interieur ook mooi bij een\u00a0eigentijdse\u00a0of landelijke stijl. Dit modern Tv-meubel kan o.a. dienen als\u00a0modern\u00a0houten Tv-meubel of teakhouten Tv kast in de woonkamer of living.<\/p>","protected":false},"excerpt":{"rendered":"<table>\n<tbody>\n<tr>\n<td width=\"110\"><\/td>\n<td width=\"300\"><\/td>\n<\/tr>\n<tr>\n<td width=\"110\">Mat\u00e9riel:<\/td>\n<td width=\"300\">Teck<\/td>\n<\/tr>\n<tr>\n<td width=\"110\">Couleur:<\/td>\n<td width=\"300\">Brun (Fonc\u00e9)<\/td>\n<\/tr>\n<tr>\n<td width=\"110\">Finition:<\/td>\n<td width=\"300\">Teck non trait\u00e9<\/td>\n<\/tr>\n<\/tbody>\n<\/table>","protected":false},"featured_media":513914,"template":"","meta":{"_seopress_robots_primary_cat":"none","_seopress_titles_title":"Teak Luan TV140-200 | stijlvolle, moderne teak Tv-kast - TEAK2","_seopress_titles_desc":"Stijlvolle, moderne teak Tv-kast in onbehandeld teak. Tv-meubel met moderne draaideuren en open vakken - TEAK2.","_seopress_robots_index":""},"product_brand":[],"product_cat":[77,68],"product_tag":[52,44,53],"class_list":{"0":"post-10896","1":"product","2":"type-product","3":"status-publish","4":"has-post-thumbnail","6":"product_cat-teak-tv-meubel","7":"product_cat-tv-meubels","8":"product_tag-design-meubelen","9":"product_tag-moderne-meubels","10":"product_tag-onbehandeld-teak","12":"first","13":"instock","14":"taxable","15":"shipping-taxable","16":"purchasable","17":"product-type-variable"},"_links":{"self":[{"href":"https:\/\/teak2.be\/fr\/wp-json\/wp\/v2\/product\/10896","targetHints":{"allow":["GET"]}}],"collection":[{"href":"https:\/\/teak2.be\/fr\/wp-json\/wp\/v2\/product"}],"about":[{"href":"https:\/\/teak2.be\/fr\/wp-json\/wp\/v2\/types\/product"}],"version-history":[{"count":1,"href":"https:\/\/teak2.be\/fr\/wp-json\/wp\/v2\/product\/10896\/revisions"}],"predecessor-version":[{"id":513926,"href":"https:\/\/teak2.be\/fr\/wp-json\/wp\/v2\/product\/10896\/revisions\/513926"}],"wp:featuredmedia":[{"embeddable":true,"href":"https:\/\/teak2.be\/fr\/wp-json\/wp\/v2\/media\/513914"}],"wp:attachment":[{"href":"https:\/\/teak2.be\/fr\/wp-json\/wp\/v2\/media?parent=10896"}],"wp:term":[{"taxonomy":"product_brand","embeddable":true,"href":"https:\/\/teak2.be\/fr\/wp-json\/wp\/v2\/product_brand?post=10896"},{"taxonomy":"product_cat","embeddable":true,"href":"https:\/\/teak2.be\/fr\/wp-json\/wp\/v2\/product_cat?post=10896"},{"taxonomy":"product_tag","embeddable":true,"href":"https:\/\/teak2.be\/fr\/wp-json\/wp\/v2\/product_tag?post=10896"}],"curies":[{"name":"wp","href":"https:\/\/api.w.org\/{rel}","templated":true}]}}