{"id":10922,"date":"2024-10-18T12:35:50","date_gmt":"2024-10-18T12:35:50","guid":{"rendered":"http:\/\/teak2.local\/?post_type=product&#038;p=10922"},"modified":"2024-10-23T21:35:45","modified_gmt":"2024-10-23T19:35:45","slug":"kuda-jantan-180","status":"publish","type":"product","link":"https:\/\/teak2.be\/fr\/product\/kuda-jantan-180\/","title":{"rendered":"Kuda Jantan 180"},"content":{"rendered":"<p>Apart teak beeld paard met teakhouten poten. De Kuda Jantan is een teak beeld met een exclusieve uitstraling. Dit exclusieve teakhouten paard is uitgevoerd in teakhout, volledig massief en uniek. Deze beelden worden volledig ambachtelijk gemaakt door de ware beeldhouwers \/ kunstenaars in Indonesi\u00eb. Exclusief beeld in massief teakhout uit Indonesi\u00eb, elk stuk is uniek. De ornament staat op een teakhouten poot. Dit meubel bestaat uit 1 deel.<\/p>\n<p>De serie Kuda Jantan wordt ambachtelijk gemaakt in Indonesi\u00eb en is momenteel enkel leverbaar in deze afmeting en\/of uitvoering. <b>Chaque pi\u00e8ce de cette s\u00e9rie est unique!<\/b> Ce cheval en teck est fabriqu\u00e9 \u00e0 partir de bois de racine de teck. Le bois de racine de teck est lourd et poss\u00e8de une structure dense en raison des nombreuses ann\u00e9es qu'il a pass\u00e9es dans des conditions vari\u00e9es. La racine de teck r\u00e9siste \u00e0 la pourriture et poss\u00e8de une structure et un grain sauvages uniques. C'est une structure unique qui donne au teck un aspect exclusif et robuste. Id\u00e9al pour les pi\u00e8ces uniques en teck, les statues ou les meubles. TEAK2 utilise uniquement du teck de Java de la meilleure qualit\u00e9! Construction robuste, solide et lourde.<\/p>\n<p>Dit apart teak beeld\u00a0paard heeft een\u00a0exclusieve\u00a0uitstraling en past daardoor mooi in een industri\u00eble of moderne\u00a0inrichting. Naast een modern interieur ook mooi bij een\u00a0eigentijdse\u00a0of landelijke stijl. Dit houten beeld kan o.a. dienen als\u00a0exclusieve eyecatcher voor een kantoor, inkomhal of zowel\u00a0de eetkamer als woonkamer of living.<\/p>","protected":false},"excerpt":{"rendered":"<table>\n<tbody>\n<tr>\n<td width=\"110\"><\/td>\n<td width=\"300\"><\/td>\n<\/tr>\n<tr>\n<td width=\"110\">Mat\u00e9riel:<\/td>\n<td width=\"300\">Teck<\/td>\n<\/tr>\n<tr>\n<td width=\"110\">Couleur:<\/td>\n<td width=\"300\">Brun (Fonc\u00e9)<\/td>\n<\/tr>\n<tr>\n<td width=\"110\">Finition:<\/td>\n<td width=\"300\">Wortelhout &#8211; Teak Roots<\/td>\n<\/tr>\n<tr>\n<td width=\"110\">B\u00e2ti:<\/td>\n<td width=\"300\">Pied en teck<\/td>\n<\/tr>\n<\/tbody>\n<\/table>","protected":false},"featured_media":11008,"template":"","meta":{"_seopress_robots_primary_cat":"none","_seopress_titles_title":"Kuda Jantan 180 | apart teak beeld paard met teakhouten poten","_seopress_titles_desc":"Apart teak beeld paard met teakhouten poten. Exclusief teakhouten paard, groot formaat en volledig massief - TEAK2","_seopress_robots_index":""},"product_brand":[],"product_cat":[91,92],"product_tag":[49,43,75],"class_list":{"0":"post-10922","1":"product","2":"type-product","3":"status-publish","4":"has-post-thumbnail","6":"product_cat-overige","7":"product_cat-unieke-beelden","8":"product_tag-indonesische-stijl","9":"product_tag-landelijke-meubels","10":"product_tag-teak-wortelhout","12":"first","13":"instock","14":"taxable","15":"shipping-taxable","16":"purchasable","17":"product-type-variable"},"_links":{"self":[{"href":"https:\/\/teak2.be\/fr\/wp-json\/wp\/v2\/product\/10922","targetHints":{"allow":["GET"]}}],"collection":[{"href":"https:\/\/teak2.be\/fr\/wp-json\/wp\/v2\/product"}],"about":[{"href":"https:\/\/teak2.be\/fr\/wp-json\/wp\/v2\/types\/product"}],"version-history":[{"count":0,"href":"https:\/\/teak2.be\/fr\/wp-json\/wp\/v2\/product\/10922\/revisions"}],"wp:featuredmedia":[{"embeddable":true,"href":"https:\/\/teak2.be\/fr\/wp-json\/wp\/v2\/media\/11008"}],"wp:attachment":[{"href":"https:\/\/teak2.be\/fr\/wp-json\/wp\/v2\/media?parent=10922"}],"wp:term":[{"taxonomy":"product_brand","embeddable":true,"href":"https:\/\/teak2.be\/fr\/wp-json\/wp\/v2\/product_brand?post=10922"},{"taxonomy":"product_cat","embeddable":true,"href":"https:\/\/teak2.be\/fr\/wp-json\/wp\/v2\/product_cat?post=10922"},{"taxonomy":"product_tag","embeddable":true,"href":"https:\/\/teak2.be\/fr\/wp-json\/wp\/v2\/product_tag?post=10922"}],"curies":[{"name":"wp","href":"https:\/\/api.w.org\/{rel}","templated":true}]}}