{"id":11023,"date":"2024-10-18T12:37:29","date_gmt":"2024-10-18T12:37:29","guid":{"rendered":"http:\/\/teak2.local\/?post_type=product&#038;p=11023"},"modified":"2024-10-25T15:44:11","modified_gmt":"2024-10-25T13:44:11","slug":"teak-mengitari-oxx","status":"publish","type":"product","link":"https:\/\/teak2.be\/fr\/product\/teak-mengitari-oxx\/","title":{"rendered":"Teak Mengitari O45-70"},"content":{"rendered":"<p>Belle table basse ronde d'ext\u00e9rieur, table d'appoint de jardin en teck et m\u00e9tal. La Teak Mengitari O45-70 est une table basse ronde au look moderne. Cette table d'appoint ronde pour le jardin a un plateau en teck non trait\u00e9 et un pi\u00e8tement en m\u00e9tal. Cette table d'appoint de jardin se caract\u00e9rise par sa belle structure non trait\u00e9e et son aspect moderne d\u00fb au m\u00e9tal utilis\u00e9. La base de cette table basse ronde est un pied rond en m\u00e9tal.<\/p>\n<p>De serie Teak Mengitari wordt ambachtelijk gemaakt in Indonesi\u00eb en is momenteel leverbaar in verschillende afmetingen en\/of uitvoeringen. Deze teak bijzettafel is uitgevoerd in onbehandeld teak. Onbehandeld teak is licht (blank) van kleur en wordt egaal glad geschuurd. Dit teakhout is tevens ook gerecycled teak en heeft een zware, dichte structuur. TEAK2 maakt enkel gebruik van de beste kwaliteit teak afkomstig uit Java! Degelijke, massieve en zware opbouw. De gladde structuur geeft het meubel een strakke, moderne uitstraling.<\/p>\n<p>Deze mooie ronde salontafel buiten heeft een\u00a0moderne\u00a0uitstraling en kan door de massieve opbouw en sterke constructie perfect dienen als buitenmeubel of teak tuinmeubel. Alle teakhouten tuinmeubelen en teak tuinmeubilair van TEAK2 voldoen aan de hoogste kwaliteit. De ronde buiten salontafel kan o.a. dienen als\u00a0bijzettafel tuin of ronde buiten salontafel voor binnen of buiten. <b>Le prix est par article!<\/b><\/p>","protected":false},"excerpt":{"rendered":"<table>\n<tbody>\n<tr>\n<td width=\"110\"><\/td>\n<td width=\"200\"><\/td>\n<\/tr>\n<tr>\n<td width=\"110\">Mat\u00e9riel:<\/td>\n<td width=\"200\">Teck + M\u00e9tal<\/td>\n<\/tr>\n<tr>\n<td width=\"110\">Couleur:<\/td>\n<td width=\"200\">Bruin\u00a0(Licht)<\/td>\n<\/tr>\n<tr>\n<td width=\"110\">Finition:<\/td>\n<td width=\"200\">Teck non trait\u00e9<\/td>\n<\/tr>\n<\/tbody>\n<\/table>\n<p>&nbsp;<\/p>","protected":false},"featured_media":11051,"template":"","meta":{"_seopress_robots_primary_cat":"none","_seopress_titles_title":"Teak Mengitari O45-70 | mooie ronde salontafel buiten, bijzettafel","_seopress_titles_desc":"Mooie ronde salontafel buiten, bijzettafel tuin in teak met metaal. Ronde salontafel als tuinmeubel - TEAK2.","_seopress_robots_index":""},"product_brand":[],"product_cat":[74,71],"product_tag":[52,44,53],"class_list":{"0":"post-11023","1":"product","2":"type-product","3":"status-publish","4":"has-post-thumbnail","6":"product_cat-overige-tuinmeubelen","7":"product_cat-tuinmeubelen","8":"product_tag-design-meubelen","9":"product_tag-moderne-meubels","10":"product_tag-onbehandeld-teak","12":"first","13":"instock","14":"sale","15":"taxable","16":"shipping-taxable","17":"purchasable","18":"product-type-variable"},"_links":{"self":[{"href":"https:\/\/teak2.be\/fr\/wp-json\/wp\/v2\/product\/11023","targetHints":{"allow":["GET"]}}],"collection":[{"href":"https:\/\/teak2.be\/fr\/wp-json\/wp\/v2\/product"}],"about":[{"href":"https:\/\/teak2.be\/fr\/wp-json\/wp\/v2\/types\/product"}],"version-history":[{"count":0,"href":"https:\/\/teak2.be\/fr\/wp-json\/wp\/v2\/product\/11023\/revisions"}],"wp:featuredmedia":[{"embeddable":true,"href":"https:\/\/teak2.be\/fr\/wp-json\/wp\/v2\/media\/11051"}],"wp:attachment":[{"href":"https:\/\/teak2.be\/fr\/wp-json\/wp\/v2\/media?parent=11023"}],"wp:term":[{"taxonomy":"product_brand","embeddable":true,"href":"https:\/\/teak2.be\/fr\/wp-json\/wp\/v2\/product_brand?post=11023"},{"taxonomy":"product_cat","embeddable":true,"href":"https:\/\/teak2.be\/fr\/wp-json\/wp\/v2\/product_cat?post=11023"},{"taxonomy":"product_tag","embeddable":true,"href":"https:\/\/teak2.be\/fr\/wp-json\/wp\/v2\/product_tag?post=11023"}],"curies":[{"name":"wp","href":"https:\/\/api.w.org\/{rel}","templated":true}]}}