{"id":11034,"date":"2024-10-18T12:37:29","date_gmt":"2024-10-18T12:37:29","guid":{"rendered":"http:\/\/teak2.local\/?post_type=product&#038;p=11034"},"modified":"2025-03-19T10:59:28","modified_gmt":"2025-03-19T09:59:28","slug":"teak-rumah-60dl-old","status":"publish","type":"product","link":"https:\/\/teak2.be\/fr\/product\/teak-rumah-60dl-old\/","title":{"rendered":"Teak Rumah 60DL Old"},"content":{"rendered":"<p>Vaisselier \u00e9troit et moderne en teck rustique avec portes tournantes, vieux teck massif. Le Teak Rumah 60DL Old est un vaisselier en teck au look rustique moderne. Ce vaisselier \u00e9troit et ferm\u00e9 est dot\u00e9 de portes tournantes et de tiroirs. L'\u00e9l\u00e9ment mural est dot\u00e9 d'une corniche moderne. Cet \u00e9l\u00e9ment mural rustique-moderne se caract\u00e9rise par sa construction moderne et ses \u00e9l\u00e9ments de style rustique en vieux teck massif. Les tiroirs de l'\u00e9l\u00e9ment peuvent \u00eatre facilement ouverts et ferm\u00e9s \u00e0 l'aide de poign\u00e9es rondes en m\u00e9tal. L'\u00e9l\u00e9ment bas repose sur une plinthe plate. Ce meuble est constitu\u00e9 d'une seule pi\u00e8ce.<\/p>\n<p>De serie Teak Rumah wordt ambachtelijk gemaakt in Indonesi\u00eb en is leverbaar in verschillende maten en\/of uitvoeringen. Deze teak kast is uitgevoerd in oud teak. Oud teak is zwaarder en dichter van structuur mede doordat het jarenlang verschillende omstandigheden heeft ervaren. Het oude gerecycled teakhout is qua kleur donker van tint, heeft een geleefd, exclusief karakter en een prachtige structuur. TEAK2 maakt enkel gebruik van de beste kwaliteit teak afkomstig uit Java! Degelijke, massieve en zware opbouw.<\/p>\n<p>Deze smalle landelijk-moderne wandkast teak\u00a0heeft een\u00a0chique\u00a0uitstraling en past daardoor mooi in een moderne of\u00a0industri\u00eble\u00a0inrichting. Naast een industrieel interieur ook mooi bij een\u00a0eigentijdse\u00a0of landelijke stijl. Deze dichte teak kast kan o.a. dienen als\u00a0dichte smalle buffetkast, keukenkast,\u00a0smalle teakhouten buffetkast in zowel\u00a0de keuken als woonkamer of living.<\/p>","protected":false},"excerpt":{"rendered":"<table>\n<tbody>\n<tr>\n<td width=\"110\"><\/td>\n<td width=\"300\"><\/td>\n<\/tr>\n<tr>\n<td width=\"110\">Mat\u00e9riel:<\/td>\n<td width=\"300\">Teck<\/td>\n<\/tr>\n<tr>\n<td width=\"110\">Couleur:<\/td>\n<td width=\"300\">Bruin\u00a0(Donker)<\/td>\n<\/tr>\n<tr>\n<td width=\"110\">Finition:<\/td>\n<td width=\"300\">Vieux teck<\/td>\n<\/tr>\n<\/tbody>\n<\/table>","protected":false},"featured_media":11064,"template":"","meta":{"_seopress_robots_primary_cat":"none","_seopress_titles_title":"Teak Rumah 60DL Old | smalle landelijk-moderne wandkast teak","_seopress_titles_desc":"Chique landelijk-moderne wandkast teak met draaideuren, massief oud teakhout en lades - TEAK2.","_seopress_robots_index":""},"product_brand":[],"product_cat":[39,47],"product_tag":[43,44,51],"class_list":{"0":"post-11034","1":"product","2":"type-product","3":"status-publish","4":"has-post-thumbnail","6":"product_cat-kasten","7":"product_cat-teak-buffetkast","8":"product_tag-landelijke-meubels","9":"product_tag-moderne-meubels","10":"product_tag-oud-teak","12":"first","13":"instock","14":"taxable","15":"shipping-taxable","16":"purchasable","17":"product-type-variable"},"_links":{"self":[{"href":"https:\/\/teak2.be\/fr\/wp-json\/wp\/v2\/product\/11034","targetHints":{"allow":["GET"]}}],"collection":[{"href":"https:\/\/teak2.be\/fr\/wp-json\/wp\/v2\/product"}],"about":[{"href":"https:\/\/teak2.be\/fr\/wp-json\/wp\/v2\/types\/product"}],"version-history":[{"count":0,"href":"https:\/\/teak2.be\/fr\/wp-json\/wp\/v2\/product\/11034\/revisions"}],"wp:featuredmedia":[{"embeddable":true,"href":"https:\/\/teak2.be\/fr\/wp-json\/wp\/v2\/media\/11064"}],"wp:attachment":[{"href":"https:\/\/teak2.be\/fr\/wp-json\/wp\/v2\/media?parent=11034"}],"wp:term":[{"taxonomy":"product_brand","embeddable":true,"href":"https:\/\/teak2.be\/fr\/wp-json\/wp\/v2\/product_brand?post=11034"},{"taxonomy":"product_cat","embeddable":true,"href":"https:\/\/teak2.be\/fr\/wp-json\/wp\/v2\/product_cat?post=11034"},{"taxonomy":"product_tag","embeddable":true,"href":"https:\/\/teak2.be\/fr\/wp-json\/wp\/v2\/product_tag?post=11034"}],"curies":[{"name":"wp","href":"https:\/\/api.w.org\/{rel}","templated":true}]}}