{"id":11072,"date":"2024-10-18T12:37:57","date_gmt":"2024-10-18T12:37:57","guid":{"rendered":"http:\/\/teak2.local\/?post_type=product&#038;p=11072"},"modified":"2024-10-23T12:19:03","modified_gmt":"2024-10-23T10:19:03","slug":"tabouret-de-bar-rongga","status":"publish","type":"product","link":"https:\/\/teak2.be\/fr\/product\/barkruk-rongga\/","title":{"rendered":"Barkruk Rongga"},"content":{"rendered":"<p>Moderne barkruk ECO-leder met metalen poot. De Barkruk Rongga is een luxe barkruk met een moderne uitstraling. Deze barkruk is uitgevoerd in ECO-leder en bestaat uit 70% echt leder en 30% polyester en is uitgevoerd met een rugleuning. Deze kruk heeft de perfecte combinatie voor een sterk en gebruiksvriendelijk materiaal. Deze moderne barkruk is leverbaar in meerdere kleuren of uitvoeringen. Het onderstel van deze kruk is een metalen poot\u00a0en is leverbaar met een ronde poot of hoekige poot. Mooi te combineren met het ruime assortiment teakhouten bartafels bij TEAK2.<\/p>\n<p>La s\u00e9rie Rongga est disponible en plusieurs couleurs et motifs. Cette chaise de luxe est fabriqu\u00e9e en cuir \u00e9cologique de haute qualit\u00e9. TEAK2 utilise uniquement des mat\u00e9riaux de la meilleure qualit\u00e9, en mettant l'accent sur la durabilit\u00e9 et le confort d'assise. Cette chaise de salle \u00e0 manger robuste est fabriqu\u00e9e en Europe. Ce mod\u00e8le poss\u00e8de un cadre moderne et droit, qui lui donne un aspect \u00e9pur\u00e9.<\/p>\n<p>Deze moderne armstoel heeft een\u00a0moderne uitstraling en past daardoor mooi in een industri\u00eble of moderne inrichting. Naast een modern interieur ook mooi bij een\u00a0eigentijdse of landelijke stijl. De luxe stoel kan o.a. dienen als luxe barkruk of\u00a0hoge barstoel in zowel de keuken als eetkamer of woonkamer.<\/p>","protected":false},"excerpt":{"rendered":"<table>\n<tbody>\n<tr>\n<td width=\"110\"><\/td>\n<td width=\"300\"><\/td>\n<\/tr>\n<tr>\n<td width=\"110\">Mat\u00e9riel:<\/td>\n<td width=\"300\">Cuir-ECO + m\u00e9tal<\/td>\n<\/tr>\n<tr>\n<td width=\"110\">Finition:<\/td>\n<td width=\"300\">Cuir v\u00e9ritable (70%) + Polyester (30%)<\/td>\n<\/tr>\n<tr>\n<td width=\"110\">B\u00e2ti:<\/td>\n<td width=\"300\">Pied en m\u00e9tal<\/td>\n<\/tr>\n<tr>\n<td width=\"110\">Largeur:<\/td>\n<td width=\"300\">43 cm (Z:43)<\/td>\n<\/tr>\n<tr>\n<td width=\"110\">Taille:<\/td>\n<td width=\"300\">105 cm (Z:72 | A:)<\/td>\n<\/tr>\n<tr>\n<td width=\"110\">Profondeur:<\/td>\n<td width=\"300\">43 cm (Z:35)<\/td>\n<\/tr>\n<tr>\n<td width=\"110\">\n<div class=\"list\">Prix conseill\u00e9:<\/div>\n<\/td>\n<td width=\"\u201c300\">\n<div class=\"listp\">\u20ac169,00<\/div>\n<\/td>\n<\/tr>\n<\/tbody>\n<\/table>","protected":false},"featured_media":11110,"template":"","meta":{"_seopress_robots_primary_cat":"none","_seopress_titles_title":"Barkruk Rongga | moderne barkruk ECO-leder met metalen poot","_seopress_titles_desc":"Moderne barkruk ECO-leder met metalen poot. Luxe hoge barkruk met een moderne uitstraling - TEAK2.","_seopress_robots_index":""},"product_brand":[],"product_cat":[58,56],"product_tag":[43,44],"class_list":{"0":"post-11072","1":"product","2":"type-product","3":"status-publish","4":"has-post-thumbnail","6":"product_cat-barkruk","7":"product_cat-stoelen","8":"product_tag-landelijke-meubels","9":"product_tag-moderne-meubels","11":"first","12":"instock","13":"taxable","14":"shipping-taxable","15":"purchasable","16":"product-type-variable"},"_links":{"self":[{"href":"https:\/\/teak2.be\/fr\/wp-json\/wp\/v2\/product\/11072","targetHints":{"allow":["GET"]}}],"collection":[{"href":"https:\/\/teak2.be\/fr\/wp-json\/wp\/v2\/product"}],"about":[{"href":"https:\/\/teak2.be\/fr\/wp-json\/wp\/v2\/types\/product"}],"version-history":[{"count":0,"href":"https:\/\/teak2.be\/fr\/wp-json\/wp\/v2\/product\/11072\/revisions"}],"wp:featuredmedia":[{"embeddable":true,"href":"https:\/\/teak2.be\/fr\/wp-json\/wp\/v2\/media\/11110"}],"wp:attachment":[{"href":"https:\/\/teak2.be\/fr\/wp-json\/wp\/v2\/media?parent=11072"}],"wp:term":[{"taxonomy":"product_brand","embeddable":true,"href":"https:\/\/teak2.be\/fr\/wp-json\/wp\/v2\/product_brand?post=11072"},{"taxonomy":"product_cat","embeddable":true,"href":"https:\/\/teak2.be\/fr\/wp-json\/wp\/v2\/product_cat?post=11072"},{"taxonomy":"product_tag","embeddable":true,"href":"https:\/\/teak2.be\/fr\/wp-json\/wp\/v2\/product_tag?post=11072"}],"curies":[{"name":"wp","href":"https:\/\/api.w.org\/{rel}","templated":true}]}}