{"id":11223,"date":"2024-10-18T12:40:03","date_gmt":"2024-10-18T12:40:03","guid":{"rendered":"http:\/\/teak2.local\/?post_type=product&#038;p=11223"},"modified":"2024-10-24T12:00:07","modified_gmt":"2024-10-24T10:00:07","slug":"luwes-1z-pol","status":"publish","type":"product","link":"https:\/\/teak2.be\/fr\/product\/luwes-1z-pol\/","title":{"rendered":"Luwes 1Z POL"},"content":{"rendered":"<p>Duurzame, comfortabele en moderne poef in gerecycled polyester met metalen zwart onderstel. De Luwes 1Z is een luxe poef met een moderne uitstraling. Deze design hocker is uitgevoerd in gerecycled polyester, een duurzame stof uit 100% gerecyclede plastic flessen. Het is een zeer stevige, gem\u00ealeerde stof met een Martindale score van 55.000 waardoor de stof lang mooi en slijtvast blijft. De stof voelt zacht en comfortabel aan, het materiaal is bovendien ook waterafstotend! Het onderstel van deze poef is een zwarte metalen poot. Mooi te combineren met de Luwes 3-zits banken of hoekbanken bij TEAK2. Zo is het mogelijk om een royale bank te cre\u00eberen met longchair of een U-bank als deze aan de hoekbank gekoppeld wordt. Uw zithoek was nog nooit zo comfortabel! \ud83d\ude09<\/p>\n<p>La s\u00e9rie Luwes est disponible en plusieurs couleurs et motifs. Ce pouf design est fabriqu\u00e9 en polyester recycl\u00e9 et est de tr\u00e8s haute qualit\u00e9. TEAK2 utilise uniquement des mat\u00e9riaux de la meilleure qualit\u00e9, avec une attention particuli\u00e8re port\u00e9e \u00e0 la solidit\u00e9 et au confort. Cette pouffe est fabriqu\u00e9e de mani\u00e8re durable et est compos\u00e9e \u00e0 100% de bouteilles en plastique recycl\u00e9es. Sa construction solide et son haut degr\u00e9 de Martindale en font une s\u00e9rie tr\u00e8s populaire dans les \u00e9tablissements de restauration.<\/p>\n<p>La s\u00e9rie Luwes se compose d'une couche de ressorts ondul\u00e9s tendus sur un cadre en bois. Le r\u00e9sultat ? Un si\u00e8ge bien suspendu adapt\u00e9 \u00e0 un usage intensif ! Cela minimise au maximum l'affaissement et offre un confort d'assise optimal. De la mousse froide HR a \u00e9t\u00e9 appliqu\u00e9e sur cette suspension pour une longue dur\u00e9e de vie. La ventilation, la grande r\u00e9silience et le risque r\u00e9duit de froissement font partie des principaux avantages de la mousse froide.<\/p>\n<p>Deze duurzame, comfortabele en moderne poef in gerecycled polyester heeft een strakke uitstraling\u00a0en past daardoor mooi in een industri\u00eble of moderne\u00a0inrichting. Naast een modern interieur ook mooi bij een\u00a0eigentijdse\u00a0of landelijke stijl. De design hocker kan o.a. dienen als\u00a0poef ter uitbreiding van de Luwes bankstellen of\u00a0als luxe bijzettafel of salontafel in de woonkamer.<\/p>","protected":false},"excerpt":{"rendered":"<table>\n<tbody>\n<tr>\n<td width=\"110\"><\/td>\n<td width=\"300\"><\/td>\n<\/tr>\n<tr>\n<td width=\"110\">Materiaal:<\/td>\n<td width=\"300\">Polyester + Metaal<\/td>\n<\/tr>\n<tr>\n<td width=\"110\">Afwerking:<\/td>\n<td width=\"300\">Gerecycleerd Polyester<\/td>\n<\/tr>\n<tr>\n<td width=\"110\">Onderstel:<\/td>\n<td width=\"300\">Metalen poot<\/td>\n<\/tr>\n<tr>\n<td width=\"110\">Breedte:<\/td>\n<td width=\"300\">90 cm (Z:77)<\/td>\n<\/tr>\n<tr>\n<td width=\"110\">Hoogte:<\/td>\n<td width=\"300\">45 cm (Z:45 | A:)<\/td>\n<\/tr>\n<tr>\n<td width=\"110\">Diepte:<\/td>\n<td width=\"300\">60 cm (Z:60)<\/td>\n<\/tr>\n<tr>\n<td width=\"110\">\n<div class=\"list\">Adviesprijs:<\/div>\n<\/td>\n<td width=\"300\">\n<div class=\"listp\">[bank_price id=\"11223\"]<\/div>\n<\/td>\n<\/tr>\n<\/tbody>\n<\/table>\n","protected":false},"featured_media":11366,"template":"","meta":{"_seopress_robots_primary_cat":"none","_seopress_titles_title":"Luwes 1Z POL | moderne poef in gerecycled polyester met metaal","_seopress_titles_desc":"Duurzame, comfortabele en moderne poef in gerecycled polyester met metalen zwart onderstel. Design hocker in gem\u00ealeerde stof - TEAK2.","_seopress_robots_index":""},"product_brand":[],"product_cat":[94,102,91,100],"product_tag":[52,44],"class_list":{"0":"post-11223","1":"product","2":"type-product","3":"status-publish","4":"has-post-thumbnail","6":"product_cat-banken","7":"product_cat-luxe-bank","8":"product_cat-overige","9":"product_cat-overige-meubelen","10":"product_tag-design-meubelen","11":"product_tag-moderne-meubels","13":"first","14":"instock","15":"taxable","16":"shipping-taxable","17":"purchasable","18":"product-type-variable"},"_links":{"self":[{"href":"https:\/\/teak2.be\/fr\/wp-json\/wp\/v2\/product\/11223","targetHints":{"allow":["GET"]}}],"collection":[{"href":"https:\/\/teak2.be\/fr\/wp-json\/wp\/v2\/product"}],"about":[{"href":"https:\/\/teak2.be\/fr\/wp-json\/wp\/v2\/types\/product"}],"version-history":[{"count":0,"href":"https:\/\/teak2.be\/fr\/wp-json\/wp\/v2\/product\/11223\/revisions"}],"wp:featuredmedia":[{"embeddable":true,"href":"https:\/\/teak2.be\/fr\/wp-json\/wp\/v2\/media\/11366"}],"wp:attachment":[{"href":"https:\/\/teak2.be\/fr\/wp-json\/wp\/v2\/media?parent=11223"}],"wp:term":[{"taxonomy":"product_brand","embeddable":true,"href":"https:\/\/teak2.be\/fr\/wp-json\/wp\/v2\/product_brand?post=11223"},{"taxonomy":"product_cat","embeddable":true,"href":"https:\/\/teak2.be\/fr\/wp-json\/wp\/v2\/product_cat?post=11223"},{"taxonomy":"product_tag","embeddable":true,"href":"https:\/\/teak2.be\/fr\/wp-json\/wp\/v2\/product_tag?post=11223"}],"curies":[{"name":"wp","href":"https:\/\/api.w.org\/{rel}","templated":true}]}}