{"id":11387,"date":"2024-10-18T12:43:01","date_gmt":"2024-10-18T12:43:01","guid":{"rendered":"http:\/\/teak2.local\/?post_type=product&#038;p=11387"},"modified":"2024-10-24T12:04:39","modified_gmt":"2024-10-24T10:04:39","slug":"luwes-5z-pol","status":"publish","type":"product","link":"https:\/\/teak2.be\/fr\/product\/luwes-5z-pol\/","title":{"rendered":"Luwes 5Z POL"},"content":{"rendered":"<p>Duurzame, comfortabele en moderne hoekbank in gerecycled polyester met metalen zwart onderstel. De Luwes 5Z is een luxe hoekbank met een moderne uitstraling. Deze design hoekbank is uitgevoerd in gerecycled polyester, een duurzame stof uit 100% gerecyclede plastic flessen. Het is een zeer stevige, gem\u00ealeerde stof met een Martindale score van 55.000 waardoor de stof lang mooi en slijtvast blijft. De stof voelt zacht en comfortabel aan, het materiaal is bovendien ook waterafstotend! Het onderstel van deze zitbank is een zwarte metalen poot. Mooi te combineren met de Luwes poef of banken bij TEAK2. Zo is het mogelijk om een royaal bankstel te cre\u00eberen met longchair of als U-bank als deze aan de hoeksalon gekoppeld wordt. Uw zithoek was nog nooit zo comfortabel! \ud83d\ude09 Dit model is leverbaar in linkse of rechtse hoek!<\/p>\n<p>La s\u00e9rie Luwes est disponible en plusieurs couleurs et motifs. Ce canap\u00e9 design est fabriqu\u00e9 en polyester recycl\u00e9 et est de tr\u00e8s haute qualit\u00e9. TEAK2 utilise uniquement des mat\u00e9riaux de la meilleure qualit\u00e9, avec une attention particuli\u00e8re port\u00e9e \u00e0 la solidit\u00e9 et au confort. Cette collection de canap\u00e9s est fabriqu\u00e9e de mani\u00e8re durable et est compos\u00e9e \u00e0 100 % de bouteilles en plastique recycl\u00e9es. Sa construction solide et son haut degr\u00e9 de Martindale en font une collection tr\u00e8s appr\u00e9ci\u00e9e des professionnels de l'h\u00f4tellerie et de la restauration.<\/p>\n<p>La s\u00e9rie Luwes se compose d'une couche de ressorts ondul\u00e9s tendus sur un cadre en bois. Le r\u00e9sultat ? Un si\u00e8ge bien suspendu adapt\u00e9 \u00e0 un usage intensif ! Cela minimise au maximum l'affaissement et offre un confort d'assise optimal. De la mousse froide HR a \u00e9t\u00e9 appliqu\u00e9e sur cette suspension pour une longue dur\u00e9e de vie. La ventilation, la grande r\u00e9silience et le risque r\u00e9duit de froissement font partie des principaux avantages de la mousse froide.<\/p>\n<p>Deze duurzame, comfortabele en moderne hoekbank in gerecycled polyester heeft een strakke uitstraling\u00a0en past daardoor mooi in een industri\u00eble of moderne\u00a0inrichting. Naast een modern interieur ook mooi bij een\u00a0eigentijdse\u00a0of landelijke stijl. Deze design sofa kan o.a. dienen als\u00a0moderne hoekbank of\u00a0luxe loungebank of lounge zetel voor in de woonkamer.<\/p>\n<p>&nbsp;<\/p>\n<p><em>*Coin : gauche ou droite est possible. Coin gauche signifie que le coin est \u00e0 gauche lorsque vous \u00eates devant le canap\u00e9. Si vous \u00eates derri\u00e8re le canap\u00e9, le coin est \u00e0 droite.<\/em><\/p>","protected":false},"excerpt":{"rendered":"<table>\n<tbody>\n<tr>\n<td width=\"110\"><\/td>\n<td width=\"300\"><\/td>\n<\/tr>\n<tr>\n<td width=\"110\">Materiaal:<\/td>\n<td width=\"300\">Polyester + Metaal<\/td>\n<\/tr>\n<tr>\n<td width=\"110\">Afwerking:<\/td>\n<td width=\"300\">Gerecycleerd Polyester<\/td>\n<\/tr>\n<tr>\n<td width=\"110\">Onderstel:<\/td>\n<td width=\"300\">Metalen poot<\/td>\n<\/tr>\n<tr>\n<td width=\"110\">Breedte:<\/td>\n<td width=\"300\">252 cm (Z:205)<\/td>\n<\/tr>\n<tr>\n<td width=\"110\">Hoogte:<\/td>\n<td width=\"300\">78 cm (Z:46 | A:62)<\/td>\n<\/tr>\n<tr>\n<td width=\"110\">Diepte:<\/td>\n<td width=\"300\">87-200 cm (Z:57)<\/td>\n<\/tr>\n<tr>\n<td width=\"110\">\n<div class=\"list\">Adviesprijs:<\/div>\n<\/td>\n<td width=\"300\">\n<div class=\"listp\">[bank_price id=\"11387\"]<\/div>\n<\/td>\n<\/tr>\n<\/tbody>\n<\/table>\n","protected":false},"featured_media":11556,"template":"","meta":{"_seopress_robots_primary_cat":"none","_seopress_titles_title":"Luwes 5Z POL | moderne hoekbank in gerecycled polyester","_seopress_titles_desc":"Duurzame, comfortabele en moderne hoekbank in gerecycled polyester met metalen onderstel. Design hoekbank, sofa of lounge zetel - TEAK2.","_seopress_robots_index":""},"product_brand":[],"product_cat":[94,102],"product_tag":[52,44],"class_list":{"0":"post-11387","1":"product","2":"type-product","3":"status-publish","4":"has-post-thumbnail","6":"product_cat-banken","7":"product_cat-luxe-bank","8":"product_tag-design-meubelen","9":"product_tag-moderne-meubels","11":"first","12":"instock","13":"taxable","14":"shipping-taxable","15":"purchasable","16":"product-type-variable"},"_links":{"self":[{"href":"https:\/\/teak2.be\/fr\/wp-json\/wp\/v2\/product\/11387","targetHints":{"allow":["GET"]}}],"collection":[{"href":"https:\/\/teak2.be\/fr\/wp-json\/wp\/v2\/product"}],"about":[{"href":"https:\/\/teak2.be\/fr\/wp-json\/wp\/v2\/types\/product"}],"version-history":[{"count":0,"href":"https:\/\/teak2.be\/fr\/wp-json\/wp\/v2\/product\/11387\/revisions"}],"wp:featuredmedia":[{"embeddable":true,"href":"https:\/\/teak2.be\/fr\/wp-json\/wp\/v2\/media\/11556"}],"wp:attachment":[{"href":"https:\/\/teak2.be\/fr\/wp-json\/wp\/v2\/media?parent=11387"}],"wp:term":[{"taxonomy":"product_brand","embeddable":true,"href":"https:\/\/teak2.be\/fr\/wp-json\/wp\/v2\/product_brand?post=11387"},{"taxonomy":"product_cat","embeddable":true,"href":"https:\/\/teak2.be\/fr\/wp-json\/wp\/v2\/product_cat?post=11387"},{"taxonomy":"product_tag","embeddable":true,"href":"https:\/\/teak2.be\/fr\/wp-json\/wp\/v2\/product_tag?post=11387"}],"curies":[{"name":"wp","href":"https:\/\/api.w.org\/{rel}","templated":true}]}}