{"id":11589,"date":"2024-10-18T12:46:44","date_gmt":"2024-10-18T12:46:44","guid":{"rendered":"http:\/\/teak2.local\/?post_type=product&#038;p=11589"},"modified":"2024-10-24T11:32:57","modified_gmt":"2024-10-24T09:32:57","slug":"kekar","status":"publish","type":"product","link":"https:\/\/teak2.be\/fr\/product\/kekar\/","title":{"rendered":"Kekar"},"content":{"rendered":"<p>Stapelbare horeca stoel in polypropyleen met metaal. De Kekar is een design eetkamerstoel met een trendy, moderne uitstraling. Deze stoel heeft strakke, slanke vormen en is uitgevoerd met een stevige kunststof zitting. Dit Polypropyleen (PP) materiaal wordt ook wel onbreekbaar plastic genoemd en is zeer eenvoudig in onderhoud. Het is bestand tegen bacteri\u00ebgroei, vocht en hardnekkige dranken zoals rode wijn. Deze horeca eetkamerstoel typeert zich door de slanke, ruimtebesparende opbouw en stevige constructie. Het onderstel van deze stoel is van metaal. Mooi te combineren met het ruime assortiment teakhouten tafels bij TEAK2.<\/p>\n<p>La s\u00e9rie Kekar est disponible en plusieurs couleurs. Cette chaise de salle \u00e0 manger en polypropyl\u00e8ne de haute qualit\u00e9 est parfaite pour le secteur de l'h\u00f4tellerie. TEAK2 n'utilise que des mat\u00e9riaux de la meilleure qualit\u00e9, en mettant l'accent sur la durabilit\u00e9 et le confort d'assise. La chaise est id\u00e9ale pour l'ameublement de projets car elle est empilable, ne n\u00e9cessite aucun entretien et est robuste.<\/p>\n<p>Deze stapelbare horeca stoel heeft een\u00a0moderne\u00a0uitstraling en past daardoor mooi in een industri\u00eble of moderne\u00a0inrichting. Naast een modern interieur ook mooi bij een\u00a0retro\u00a0of landelijke stijl. De stapelbare stoel kan o.a. dienen als onderhoudsvrije eetkamerstoel, stapelbare horeca stoel of comfortabele stoel voor projectinrichtingen.<\/p>","protected":false},"excerpt":{"rendered":"<table>\n<tbody>\n<tr>\n<td width=\"110\"><\/td>\n<td width=\"300\"><\/td>\n<\/tr>\n<tr>\n<td width=\"110\">Materiaal:<\/td>\n<td width=\"300\">Kunststof + Metaal<\/td>\n<\/tr>\n<tr>\n<td width=\"110\">Afwerking:<\/td>\n<td width=\"300\">Polypropyleen<\/td>\n<\/tr>\n<tr>\n<td width=\"110\">Onderstel:<\/td>\n<td width=\"300\">Metalen poot<\/td>\n<\/tr>\n<tr>\n<td width=\"110\">Breedte:<\/td>\n<td width=\"300\">50 cm (Z:42)<\/td>\n<\/tr>\n<tr>\n<td width=\"110\">Hoogte:<\/td>\n<td width=\"300\">78 cm (Z:45 | A:)<\/td>\n<\/tr>\n<tr>\n<td width=\"110\">Diepte:<\/td>\n<td width=\"300\">43 cm (Z:43)<\/td>\n<\/tr>\n<tr>\n<td width=\"110\">\n<div class=\"list\">Adviesprijs:<\/div>\n<\/td>\n<td width=\"300\">\n<div class=\"listp\">[stoel_price id=\"11589\"]<\/div>\n<\/td>\n<\/tr>\n<\/tbody>\n<\/table>\n","protected":false},"featured_media":11713,"template":"","meta":{"_seopress_robots_primary_cat":"none","_seopress_titles_title":"Kekar | stapelbare horeca stoel in polypropyleen met metaal","_seopress_titles_desc":"Stapelbare horeca stoel in polypropyleen met metaal. Design eetkamerstoel met trendy, moderne uitstraling. Stevige kunststof zitting PP - TEAK2.","_seopress_robots_index":""},"product_brand":[],"product_cat":[86,56],"product_tag":[52,43,44],"class_list":{"0":"post-11589","1":"product","2":"type-product","3":"status-publish","4":"has-post-thumbnail","6":"product_cat-luxe-eetkamerstoelen","7":"product_cat-stoelen","8":"product_tag-design-meubelen","9":"product_tag-landelijke-meubels","10":"product_tag-moderne-meubels","12":"first","13":"instock","14":"sale","15":"taxable","16":"shipping-taxable","17":"purchasable","18":"product-type-variable"},"_links":{"self":[{"href":"https:\/\/teak2.be\/fr\/wp-json\/wp\/v2\/product\/11589","targetHints":{"allow":["GET"]}}],"collection":[{"href":"https:\/\/teak2.be\/fr\/wp-json\/wp\/v2\/product"}],"about":[{"href":"https:\/\/teak2.be\/fr\/wp-json\/wp\/v2\/types\/product"}],"version-history":[{"count":0,"href":"https:\/\/teak2.be\/fr\/wp-json\/wp\/v2\/product\/11589\/revisions"}],"wp:featuredmedia":[{"embeddable":true,"href":"https:\/\/teak2.be\/fr\/wp-json\/wp\/v2\/media\/11713"}],"wp:attachment":[{"href":"https:\/\/teak2.be\/fr\/wp-json\/wp\/v2\/media?parent=11589"}],"wp:term":[{"taxonomy":"product_brand","embeddable":true,"href":"https:\/\/teak2.be\/fr\/wp-json\/wp\/v2\/product_brand?post=11589"},{"taxonomy":"product_cat","embeddable":true,"href":"https:\/\/teak2.be\/fr\/wp-json\/wp\/v2\/product_cat?post=11589"},{"taxonomy":"product_tag","embeddable":true,"href":"https:\/\/teak2.be\/fr\/wp-json\/wp\/v2\/product_tag?post=11589"}],"curies":[{"name":"wp","href":"https:\/\/api.w.org\/{rel}","templated":true}]}}