{"id":11639,"date":"2024-10-18T12:47:43","date_gmt":"2024-10-18T12:47:43","guid":{"rendered":"http:\/\/teak2.local\/?post_type=product&#038;p=11639"},"modified":"2024-10-24T14:53:31","modified_gmt":"2024-10-24T12:53:31","slug":"sikut-teddy","status":"publish","type":"product","link":"https:\/\/teak2.be\/fr\/product\/sikut-teddy\/","title":{"rendered":"Sikut Teddy"},"content":{"rendered":"<p>Fauteuil de luxe en tissu peluche doux avec pi\u00e8tement en m\u00e9tal. Le Sikut est un fauteuil de luxe au look exclusif. Ce fauteuil bas design est fabriqu\u00e9 dans un tissu peluche doux, compos\u00e9 de polyester et d'acrylique. Ce fauteuil se caract\u00e9rise par la combinaison d'une structure color\u00e9e et d'un pi\u00e8tement en m\u00e9tal. La base de cette chaise est un pied en m\u00e9tal. Elle se combine \u00e0 merveille avec la large gamme de tables en teck de TEAK2.<\/p>\n<p>La s\u00e9rie Sikut est disponible en plusieurs couleurs et motifs. Ce fauteuil de luxe est fabriqu\u00e9 en polyester recycl\u00e9 combin\u00e9 \u00e0 de l'acrylique et est de tr\u00e8s bonne qualit\u00e9. TEAK2 utilise uniquement des mat\u00e9riaux de la meilleure qualit\u00e9, avec une attention particuli\u00e8re port\u00e9e \u00e0 la solidit\u00e9 et au confort. Cette chaise de salon est fabriqu\u00e9e de mani\u00e8re durable et le polyester est compos\u00e9 \u00e0 100% de bouteilles en plastique recycl\u00e9es. Gr\u00e2ce \u00e0 sa solide construction et \u00e0 son haut degr\u00e9 de Martindale, cette s\u00e9rie est souvent utilis\u00e9e dans l'h\u00f4tellerie et la restauration.<\/p>\n<p>Deze\u00a0luxe kleine fauteuil in zachte teddy stof\u00a0heeft een\u00a0exclusieve\u00a0uitstraling en past daardoor mooi in een design of\u00a0moderne\u00a0inrichting. Naast een modern interieur ook mooi bij een\u00a0industri\u00eble\u00a0of landelijke stijl. De luxe stoel kan o.a. dienen als\u00a0chique design fauteuil of luxe lage stoel in de horeca, als lounge stoel op kantoor of luxe fauteuil in de woonkamer of living.<\/p>","protected":false},"excerpt":{"rendered":"<table>\n<tbody>\n<tr>\n<td width=\"110\"><\/td>\n<td width=\"300\"><\/td>\n<\/tr>\n<tr>\n<td width=\"110\">Mat\u00e9riel:<\/td>\n<td width=\"300\">Nounours + M\u00e9tal<\/td>\n<\/tr>\n<tr>\n<td width=\"110\">Finition:<\/td>\n<td width=\"300\">Polyester recycl\u00e9 + Acrylique<\/td>\n<\/tr>\n<tr>\n<td width=\"110\">B\u00e2ti:<\/td>\n<td width=\"300\">Pied en m\u00e9tal<\/td>\n<\/tr>\n<tr>\n<td width=\"110\">Largeur:<\/td>\n<td width=\"300\">54 cm (Z:52)<\/td>\n<\/tr>\n<tr>\n<td width=\"110\">Taille:<\/td>\n<td width=\"300\">74 cm (Z:45 | A:)<\/td>\n<\/tr>\n<tr>\n<td width=\"110\">Profondeur:<\/td>\n<td width=\"300\">65 cm (Z:47)<\/td>\n<\/tr>\n<tr>\n<td width=\"110\">\n<div class=\"list\">Prix conseill\u00e9:<\/div>\n<\/td>\n<td width=\"300\">\n<div class=\"listp\">\u20ac169,00<\/div>\n<\/td>\n<\/tr>\n<\/tbody>\n<\/table>","protected":false},"featured_media":11725,"template":"","meta":{"_seopress_robots_primary_cat":"none","_seopress_titles_title":"Sikut Teddy | luxe kleine fauteuil in zachte teddy stof met metaal","_seopress_titles_desc":"Luxe kleine fauteuil in zachte teddy stof met metaal. Lage design fauteuil, bonte structuur. Lage lounge stoel horeca, kantoor of woonkamer.","_seopress_robots_index":""},"product_brand":[],"product_cat":[59,56],"product_tag":[52,43,44],"class_list":{"0":"post-11639","1":"product","2":"type-product","3":"status-publish","4":"has-post-thumbnail","6":"product_cat-luxe-stoel","7":"product_cat-stoelen","8":"product_tag-design-meubelen","9":"product_tag-landelijke-meubels","10":"product_tag-moderne-meubels","12":"first","13":"instock","14":"taxable","15":"shipping-taxable","16":"purchasable","17":"product-type-variable"},"_links":{"self":[{"href":"https:\/\/teak2.be\/fr\/wp-json\/wp\/v2\/product\/11639","targetHints":{"allow":["GET"]}}],"collection":[{"href":"https:\/\/teak2.be\/fr\/wp-json\/wp\/v2\/product"}],"about":[{"href":"https:\/\/teak2.be\/fr\/wp-json\/wp\/v2\/types\/product"}],"version-history":[{"count":0,"href":"https:\/\/teak2.be\/fr\/wp-json\/wp\/v2\/product\/11639\/revisions"}],"wp:featuredmedia":[{"embeddable":true,"href":"https:\/\/teak2.be\/fr\/wp-json\/wp\/v2\/media\/11725"}],"wp:attachment":[{"href":"https:\/\/teak2.be\/fr\/wp-json\/wp\/v2\/media?parent=11639"}],"wp:term":[{"taxonomy":"product_brand","embeddable":true,"href":"https:\/\/teak2.be\/fr\/wp-json\/wp\/v2\/product_brand?post=11639"},{"taxonomy":"product_cat","embeddable":true,"href":"https:\/\/teak2.be\/fr\/wp-json\/wp\/v2\/product_cat?post=11639"},{"taxonomy":"product_tag","embeddable":true,"href":"https:\/\/teak2.be\/fr\/wp-json\/wp\/v2\/product_tag?post=11639"}],"curies":[{"name":"wp","href":"https:\/\/api.w.org\/{rel}","templated":true}]}}