{"id":11795,"date":"2024-10-18T12:49:31","date_gmt":"2024-10-18T12:49:31","guid":{"rendered":"http:\/\/teak2.local\/?post_type=product&#038;p=11795"},"modified":"2024-10-24T11:36:57","modified_gmt":"2024-10-24T09:36:57","slug":"lentur-1z-chenille","status":"publish","type":"product","link":"https:\/\/teak2.be\/fr\/product\/lentur-1z-chenille\/","title":{"rendered":"Lentur 1Z Chenille"},"content":{"rendered":"<p>Duurzame, moderne en comfortabele poef met ronde elementen in chenille en metalen zwart onderstel. De Lentur 1Z CHE is een luxe poef met een moderne uitstraling. Deze comfortabele hocker is uitgevoerd met afgerond zitvlak in chenille, een duurzame stof uit 100% gerecyclede plastic flessen. Het is een zeer stevige stof en door de chenille garen ook nog eens zacht. Deze stof heeft een Martindale score van 100.000 waardoor de stof lang mooi en slijtvast blijft. De stof voelt zacht en comfortabel aan, het materiaal is bovendien ook waterafstotend! Het onderstel van deze poef is een zwarte metalen poot. Mooi te combineren met de Lentur 2.5-zits banken of hoekbanken bij TEAK2. Zo is het mogelijk om een royale bank te cre\u00eberen met longchair of een U-bank als deze aan de hoekbank gekoppeld wordt. Uw zithoek was nog nooit zo comfortabel! \ud83d\ude09<\/p>\n<p>La s\u00e9rie Lentur est disponible en plusieurs couleurs et motifs. Ce pouf confortable aux \u00e9l\u00e9ments ronds est fabriqu\u00e9 en chenille de haute qualit\u00e9. TEAK2 utilise uniquement des mat\u00e9riaux de la meilleure qualit\u00e9, en mettant l'accent sur la durabilit\u00e9 et le confort d'assise. Ce repose-pieds est produit de mani\u00e8re durable et est fabriqu\u00e9 \u00e0 partir de bouteilles en plastique 100% recycl\u00e9es. Sa construction solide et son indice de r\u00e9sistance \u00e9lev\u00e9 \u00e0 l'abrasion font que cette s\u00e9rie est \u00e9galement souvent utilis\u00e9e dans l'industrie h\u00f4teli\u00e8re.<\/p>\n<p>La s\u00e9rie Lentur se compose d'une couche de ressorts ondul\u00e9s tendus sur un cadre en bois. Le r\u00e9sultat? Un si\u00e8ge bien rembourr\u00e9 et arrondi, adapt\u00e9 \u00e0 un usage intensif! Cela minimise au maximum l'affaissement et offre un confort d'assise optimal. De la mousse froide HR a \u00e9t\u00e9 appliqu\u00e9e sur cette suspension pour une longue dur\u00e9e de vie. La ventilation, la grande r\u00e9silience et le risque de froissement r\u00e9duit sont parmi les principaux avantages de la mousse froide.<\/p>\n<p>Deze duurzame, moderne en comfortabele poef in chenille heeft een moderne uitstraling\u00a0en past daardoor mooi in een industri\u00eble of moderne\u00a0inrichting. Naast een modern interieur ook mooi bij een\u00a0klassieke\u00a0of landelijke stijl. De comfortabele hocker kan o.a. dienen als\u00a0poef ter uitbreiding van de Lentur bankstellen of\u00a0als luxe bijzettafel of salontafel in de woonkamer.<\/p>","protected":false},"excerpt":{"rendered":"<table>\n<tbody>\n<tr>\n<td width=\"110\"><\/td>\n<td width=\"300\"><\/td>\n<\/tr>\n<tr>\n<td width=\"110\">Materiaal:<\/td>\n<td width=\"300\">Chenille + Metaal<\/td>\n<\/tr>\n<tr>\n<td width=\"110\">Afwerking:<\/td>\n<td width=\"300\">Gerecycled Polyester<\/td>\n<\/tr>\n<tr>\n<td width=\"110\">Onderstel:<\/td>\n<td width=\"300\">Metalen poot<\/td>\n<\/tr>\n<tr>\n<td width=\"110\">Breedte:<\/td>\n<td width=\"300\">78 cm (Z:78)<\/td>\n<\/tr>\n<tr>\n<td width=\"110\">Hoogte:<\/td>\n<td width=\"300\">50 cm (Z:50 | A:)<\/td>\n<\/tr>\n<tr>\n<td width=\"110\">Diepte:<\/td>\n<td width=\"300\">42 cm (Z:42)<\/td>\n<\/tr>\n<tr>\n<td width=\"110\">\n<div class=\"list\">Adviesprijs:<\/div>\n<\/td>\n<td width=\"300\">\n<div class=\"listp\">[bank_price id=\"11795\"]<\/div>\n<\/td>\n<\/tr>\n<\/tbody>\n<\/table>\n","protected":false},"featured_media":11901,"template":"","meta":{"_seopress_robots_primary_cat":"none","_seopress_titles_title":"Lentur 1Z CHE | duurzame, moderne en comfortabele poef chenille","_seopress_titles_desc":"Duurzame, moderne en comfortabele poef chenille, ronde elementen en kussens. Comfortabele hocker, hoge martindale score - TEAK2.","_seopress_robots_index":""},"product_brand":[],"product_cat":[94,102,91,100],"product_tag":[52,43,44],"class_list":{"0":"post-11795","1":"product","2":"type-product","3":"status-publish","4":"has-post-thumbnail","6":"product_cat-banken","7":"product_cat-luxe-bank","8":"product_cat-overige","9":"product_cat-overige-meubelen","10":"product_tag-design-meubelen","11":"product_tag-landelijke-meubels","12":"product_tag-moderne-meubels","14":"first","15":"instock","16":"taxable","17":"shipping-taxable","18":"purchasable","19":"product-type-variable"},"_links":{"self":[{"href":"https:\/\/teak2.be\/fr\/wp-json\/wp\/v2\/product\/11795","targetHints":{"allow":["GET"]}}],"collection":[{"href":"https:\/\/teak2.be\/fr\/wp-json\/wp\/v2\/product"}],"about":[{"href":"https:\/\/teak2.be\/fr\/wp-json\/wp\/v2\/types\/product"}],"version-history":[{"count":0,"href":"https:\/\/teak2.be\/fr\/wp-json\/wp\/v2\/product\/11795\/revisions"}],"wp:featuredmedia":[{"embeddable":true,"href":"https:\/\/teak2.be\/fr\/wp-json\/wp\/v2\/media\/11901"}],"wp:attachment":[{"href":"https:\/\/teak2.be\/fr\/wp-json\/wp\/v2\/media?parent=11795"}],"wp:term":[{"taxonomy":"product_brand","embeddable":true,"href":"https:\/\/teak2.be\/fr\/wp-json\/wp\/v2\/product_brand?post=11795"},{"taxonomy":"product_cat","embeddable":true,"href":"https:\/\/teak2.be\/fr\/wp-json\/wp\/v2\/product_cat?post=11795"},{"taxonomy":"product_tag","embeddable":true,"href":"https:\/\/teak2.be\/fr\/wp-json\/wp\/v2\/product_tag?post=11795"}],"curies":[{"name":"wp","href":"https:\/\/api.w.org\/{rel}","templated":true}]}}