{"id":12024,"date":"2024-10-18T12:53:03","date_gmt":"2024-10-18T12:53:03","guid":{"rendered":"http:\/\/teak2.local\/?post_type=product&#038;p=12024"},"modified":"2024-10-24T11:39:00","modified_gmt":"2024-10-24T09:39:00","slug":"lentur-2z-eco-leder","status":"publish","type":"product","link":"https:\/\/teak2.be\/fr\/product\/lentur-2z-eco-leder\/","title":{"rendered":"Lentur 2.5Z ECO-Leder"},"content":{"rendered":"<p>Duurzame, moderne en comfortabele bank in ECO-leder met ronde elementen en metalen zwart onderstel. De Lentur 2.5Z ECO-leder is een luxe 2.5-zits bank met een moderne uitstraling. Deze comfortabele sofa met afgerond zitvlak is uitgevoerd in ECO-leder, een prachtig materiaal dat bestaat uit 70% echt leder en 30% polyester. Een perfecte combinatie voor een sterk en gebruiksvriendelijk materiaal! Het is een zeer stevig materiaal met een Martindale score van 30.000 waardoor het leer lang mooi en slijtvast blijft. ECO-leer voelt zachter aan dan 100% leer en is ook nog eens gebruiksvriendelijker en duurzamer. Bovendien is het ook nog eens vuil- en waterafstotend! Het onderstel van deze zitbank is een zwarte metalen poot. Mooi te combineren met de Lentur poef of banken bij TEAK2. Zo is het mogelijk om een royaal bankstel te cre\u00eberen met longchair of als hoekbank als deze aan de 2.5-zits bank gekoppeld wordt. Uw zithoek was nog nooit zo comfortabel! \ud83d\ude09<\/p>\n<p>La s\u00e9rie Lentur est disponible en plusieurs couleurs et motifs. Ce canap\u00e9 confortable aux \u00e9l\u00e9ments arrondis est fabriqu\u00e9 en cuir \u00e9cologique de haute qualit\u00e9. TEAK2 utilise uniquement des mat\u00e9riaux de la meilleure qualit\u00e9, avec une attention particuli\u00e8re port\u00e9e \u00e0 la solidit\u00e9 et au confort. Cette pouffe est fabriqu\u00e9e de mani\u00e8re durable et est compos\u00e9e \u00e0 70% de cuir v\u00e9ritable et \u00e0 30% de polyester. Sa construction solide et son haut degr\u00e9 de Martindale en font une s\u00e9rie tr\u00e8s appr\u00e9ci\u00e9e dans les \u00e9tablissements de restauration.<\/p>\n<p>La s\u00e9rie Lentur se compose d'une couche de ressorts ondul\u00e9s tendus sur un cadre en bois. Le r\u00e9sultat? Un si\u00e8ge bien suspendu, adapt\u00e9 \u00e0 un usage intensif! Cela minimise au maximum l'affaissement et offre un confort d'assise optimal. De la mousse froide HR a \u00e9t\u00e9 appliqu\u00e9e sur cette suspension pour une longue dur\u00e9e de vie. La ventilation, la haute r\u00e9silience et le risque r\u00e9duit de froissement sont parmi les principaux avantages de la mousse froide.<\/p>\n<p>Deze duurzame, moderne en comfortabele bank in ECO-leder heeft een moderne uitstraling\u00a0en past daardoor mooi in een industri\u00eble of moderne\u00a0inrichting. Naast een modern interieur ook mooi bij een\u00a0klassieke\u00a0of landelijke stijl. Deze comfortabele sofa kan o.a. dienen als\u00a0eigentijdse bank of\u00a0luxe loungebank of lounge zetel voor in de woonkamer.<\/p>","protected":false},"excerpt":{"rendered":"<table>\n<tbody>\n<tr>\n<td width=\"110\"><\/td>\n<td width=\"300\"><\/td>\n<\/tr>\n<tr>\n<td width=\"110\">Materiaal:<\/td>\n<td width=\"300\">ECO-leder + Metaal<\/td>\n<\/tr>\n<tr>\n<td width=\"110\">Afwerking:<\/td>\n<td width=\"300\">Echt leder (70%) + Polyester (30%)<\/td>\n<\/tr>\n<tr>\n<td width=\"110\">Onderstel:<\/td>\n<td width=\"300\">Metalen poot<\/td>\n<\/tr>\n<tr>\n<td width=\"110\">Breedte:<\/td>\n<td width=\"300\">198 cm (Z:150)<\/td>\n<\/tr>\n<tr>\n<td width=\"110\">Hoogte:<\/td>\n<td width=\"300\">78 cm (Z:45 | A:62)<\/td>\n<\/tr>\n<tr>\n<td width=\"110\">Diepte:<\/td>\n<td width=\"300\">98 cm (Z:57)<\/td>\n<\/tr>\n<tr>\n<td width=\"110\">\n<div class=\"list\">Adviesprijs:<\/div>\n<\/td>\n<td width=\"300\">\n<div class=\"listp\">[bank_price id=\"12024\"]<\/div>\n<\/td>\n<\/tr>\n<\/tbody>\n<\/table>\n","protected":false},"featured_media":12131,"template":"","meta":{"_seopress_robots_primary_cat":"none","_seopress_titles_title":"Lentur 2.5Z ECO-leder | moderne en comfortabele bank ECO-leder","_seopress_titles_desc":"Duurzame, moderne en comfortabele bank in ECO-leder, ronde elementen en kussens. Mix van echt leder en polyester - TEAK2.","_seopress_robots_index":""},"product_brand":[],"product_cat":[94,102,91,100],"product_tag":[52,43,44],"class_list":{"0":"post-12024","1":"product","2":"type-product","3":"status-publish","4":"has-post-thumbnail","6":"product_cat-banken","7":"product_cat-luxe-bank","8":"product_cat-overige","9":"product_cat-overige-meubelen","10":"product_tag-design-meubelen","11":"product_tag-landelijke-meubels","12":"product_tag-moderne-meubels","14":"first","15":"instock","16":"taxable","17":"shipping-taxable","18":"purchasable","19":"product-type-variable"},"_links":{"self":[{"href":"https:\/\/teak2.be\/fr\/wp-json\/wp\/v2\/product\/12024","targetHints":{"allow":["GET"]}}],"collection":[{"href":"https:\/\/teak2.be\/fr\/wp-json\/wp\/v2\/product"}],"about":[{"href":"https:\/\/teak2.be\/fr\/wp-json\/wp\/v2\/types\/product"}],"version-history":[{"count":0,"href":"https:\/\/teak2.be\/fr\/wp-json\/wp\/v2\/product\/12024\/revisions"}],"wp:featuredmedia":[{"embeddable":true,"href":"https:\/\/teak2.be\/fr\/wp-json\/wp\/v2\/media\/12131"}],"wp:attachment":[{"href":"https:\/\/teak2.be\/fr\/wp-json\/wp\/v2\/media?parent=12024"}],"wp:term":[{"taxonomy":"product_brand","embeddable":true,"href":"https:\/\/teak2.be\/fr\/wp-json\/wp\/v2\/product_brand?post=12024"},{"taxonomy":"product_cat","embeddable":true,"href":"https:\/\/teak2.be\/fr\/wp-json\/wp\/v2\/product_cat?post=12024"},{"taxonomy":"product_tag","embeddable":true,"href":"https:\/\/teak2.be\/fr\/wp-json\/wp\/v2\/product_tag?post=12024"}],"curies":[{"name":"wp","href":"https:\/\/api.w.org\/{rel}","templated":true}]}}