{"id":12300,"date":"2024-10-18T12:57:20","date_gmt":"2024-10-18T12:57:20","guid":{"rendered":"http:\/\/teak2.local\/?post_type=product&#038;p=12300"},"modified":"2025-10-18T11:46:55","modified_gmt":"2025-10-18T09:46:55","slug":"teak-besar-100g","status":"publish","type":"product","link":"https:\/\/teak2.be\/fr\/product\/teak-besar-100g\/","title":{"rendered":"Teak Besar 100G"},"content":{"rendered":"<p>Une armoire \u00e9troite en teck avec une vitre en teck lisse non trait\u00e9. La Teak Besar 100G est une vitrine en teck \u00e0 l'aspect authentique et rustique. Cette armoire \u00e9troite en teck est \u00e9quip\u00e9e de deux tiroirs et de portes battantes. L'armoire sup\u00e9rieure est dot\u00e9e d'une corniche traditionnelle. Cette armoire murale se caract\u00e9rise par ses \u00e9l\u00e9ments authentiques et la vitre sur le c\u00f4t\u00e9 de l'armoire. Les tiroirs de l'armoire peuvent \u00eatre facilement ouverts et ferm\u00e9s gr\u00e2ce \u00e0 des poign\u00e9es rondes en m\u00e9tal. L'armoire de base repose sur un pied \u00e9l\u00e9gant. Ce meuble est constitu\u00e9 d'une seule pi\u00e8ce.<\/p>\n<p>De serie Teak Besar wordt ambachtelijk gemaakt in Indonesi\u00eb en is leverbaar in verschillende maten en\/of uitvoeringen. Deze teak kast is uitgevoerd in onbehandeld teak. Onbehandeld teak is bruin (blank) van kleur en wordt egaal glad geschuurd. Het teak kan verschillende kleurtinten hebben afhankelijk van natuurlijke omstandigheden. Dit teakhout is tevens ook gerecycled teak en heeft een zware, dichte structuur. TEAK2 maakt enkel gebruik van de beste kwaliteit teak afkomstig uit Java! Degelijke, massieve en zware opbouw. De gladde structuur geeft het meubel een strakke, moderne uitstraling.<\/p>\n<p>Deze\u00a0smalle teakhouten kast met glas\u00a0in glad onbehandeld teak heeft een\u00a0landelijke\u00a0uitstraling en past daardoor mooi in een klassieke of\u00a0landelijke\u00a0inrichting. Naast een landelijk interieur ook mooi bij een\u00a0industri\u00eble\u00a0of moderne stijl. De smalle teakhouten kast kan o.a. dienen als\u00a0kleine buffetkast, hoekkast of\u00a0teak wandkast met glas\u00a0in zowel\u00a0de keuken als woonkamer of living.<\/p>","protected":false},"excerpt":{"rendered":"<table>\n<tbody>\n<tr>\n<td width=\"110\"><\/td>\n<td width=\"300\"><\/td>\n<\/tr>\n<tr>\n<td width=\"110\">Mat\u00e9riel:<\/td>\n<td width=\"300\">Teck<\/td>\n<\/tr>\n<tr>\n<td width=\"110\">Couleur:<\/td>\n<td width=\"300\">Bruin\u00a0(Donker)<\/td>\n<\/tr>\n<tr>\n<td width=\"110\">Finition:<\/td>\n<td width=\"300\">Teck non trait\u00e9<\/td>\n<\/tr>\n<\/tbody>\n<\/table>","protected":false},"featured_media":12353,"template":"","meta":{"_seopress_robots_primary_cat":"none","_seopress_titles_title":"Teak Besar 100G | smalle teakhouten kast met glas in teak","_seopress_titles_desc":"Smalle teakhouten kast met glas in onbehandeld teak, authentieke en landelijke uitstraling. Teak wandkast met glas - TEAK2.","_seopress_robots_index":""},"product_brand":[],"product_cat":[39,123,47,40],"product_tag":[42,43,53],"class_list":{"0":"post-12300","1":"product","2":"type-product","3":"status-publish","4":"has-post-thumbnail","6":"product_cat-kasten","7":"product_cat-sale","8":"product_cat-teak-buffetkast","9":"product_cat-vitrinekast","10":"product_tag-klassieke-meubels","11":"product_tag-landelijke-meubels","12":"product_tag-onbehandeld-teak","14":"first","15":"instock","16":"sale","17":"taxable","18":"shipping-taxable","19":"purchasable","20":"product-type-variable"},"_links":{"self":[{"href":"https:\/\/teak2.be\/fr\/wp-json\/wp\/v2\/product\/12300","targetHints":{"allow":["GET"]}}],"collection":[{"href":"https:\/\/teak2.be\/fr\/wp-json\/wp\/v2\/product"}],"about":[{"href":"https:\/\/teak2.be\/fr\/wp-json\/wp\/v2\/types\/product"}],"version-history":[{"count":2,"href":"https:\/\/teak2.be\/fr\/wp-json\/wp\/v2\/product\/12300\/revisions"}],"predecessor-version":[{"id":513437,"href":"https:\/\/teak2.be\/fr\/wp-json\/wp\/v2\/product\/12300\/revisions\/513437"}],"wp:featuredmedia":[{"embeddable":true,"href":"https:\/\/teak2.be\/fr\/wp-json\/wp\/v2\/media\/12353"}],"wp:attachment":[{"href":"https:\/\/teak2.be\/fr\/wp-json\/wp\/v2\/media?parent=12300"}],"wp:term":[{"taxonomy":"product_brand","embeddable":true,"href":"https:\/\/teak2.be\/fr\/wp-json\/wp\/v2\/product_brand?post=12300"},{"taxonomy":"product_cat","embeddable":true,"href":"https:\/\/teak2.be\/fr\/wp-json\/wp\/v2\/product_cat?post=12300"},{"taxonomy":"product_tag","embeddable":true,"href":"https:\/\/teak2.be\/fr\/wp-json\/wp\/v2\/product_tag?post=12300"}],"curies":[{"name":"wp","href":"https:\/\/api.w.org\/{rel}","templated":true}]}}