{"id":12334,"date":"2024-10-18T12:57:41","date_gmt":"2024-10-18T12:57:41","guid":{"rendered":"http:\/\/teak2.local\/?post_type=product&#038;p=12334"},"modified":"2025-10-25T20:35:46","modified_gmt":"2025-10-25T18:35:46","slug":"teak-bersih-satu","status":"publish","type":"product","link":"https:\/\/teak2.be\/fr\/product\/teak-bersih-satu\/","title":{"rendered":"Teak Bersih Satu"},"content":{"rendered":"<p>Chaise de salle \u00e0 manger scandinave en teck avec accoudoirs. La Teak Bersih Satu est une chaise de salle \u00e0 manger en teck au look exclusif. Cette chaise de salle \u00e0 manger design en bois est fabriqu\u00e9e en teck non trait\u00e9. Cette chaise se caract\u00e9rise par son style scandinave exclusif. La chaise pr\u00e9sente des caract\u00e9ristiques de style exclusives et un pi\u00e8tement en teck. Elle se combine \u00e0 merveille avec la large gamme de tables en teck de TEAK2.<\/p>\n<p>De serie Teak Bersih wordt ambachtelijk gemaakt in Indonesi\u00eb en is leverbaar in verschillende maten en\/of uitvoeringen. Deze teakhouten stoel is uitgevoerd in onbehandeld teak. Onbehandeld teak is licht (blank) van kleur en wordt egaal glad geschuurd. Dit teakhout is tevens ook gerecycled teak en heeft een zware, dichte structuur. TEAK2 maakt enkel gebruik van de beste kwaliteit teak afkomstig uit Java! Degelijke, massieve en zware opbouw. De gladde structuur geeft het meubel een strakke, moderne uitstraling.<\/p>\n<p>Deze\u00a0Scandi eetkamerstoel teak met armleuning\u00a0heeft een exclusieve\u00a0uitstraling en past daardoor mooi in een eigentijdse of\u00a0moderne\u00a0inrichting. Naast een modern interieur ook mooi bij een\u00a0huiselijke\u00a0of landelijke stijl. De teakhouten stoel kan o.a. dienen als\u00a0houten design eetkamerstoel met armleuning, bureaustoel of\u00a0design armstoel in zowel de keuken als eetkamer of woonkamer.<\/p>","protected":false},"excerpt":{"rendered":"<table>\n<tbody>\n<tr>\n<td width=\"110\"><\/td>\n<td width=\"300\"><\/td>\n<\/tr>\n<tr>\n<td width=\"110\">Mat\u00e9riel:<\/td>\n<td width=\"300\">Teck<\/td>\n<\/tr>\n<tr>\n<td width=\"110\">Couleur:<\/td>\n<td width=\"300\">Brun (Fonc\u00e9)<\/td>\n<\/tr>\n<tr>\n<td width=\"110\">Finition:<\/td>\n<td width=\"300\">Teck non trait\u00e9<\/td>\n<\/tr>\n<tr>\n<td width=\"110\">B\u00e2ti:<\/td>\n<td width=\"300\">Pied en teck<\/td>\n<\/tr>\n<\/tbody>\n<\/table>","protected":false},"featured_media":12418,"template":"","meta":{"_seopress_robots_primary_cat":"none","_seopress_titles_title":"Teak Bersih Satu | Scandi eetkamerstoel teak met armleuning","_seopress_titles_desc":"Scandi eetkamerstoel teak met armleuning, exclusieve uitstraling. Houten design eetkamerstoel, onbehandeld teak - meubelwinkel TEAK2.","_seopress_robots_index":""},"product_brand":[],"product_cat":[56,57],"product_tag":[52,44,53,51],"class_list":{"0":"post-12334","1":"product","2":"type-product","3":"status-publish","4":"has-post-thumbnail","6":"product_cat-stoelen","7":"product_cat-teak-eetkamerstoelen","8":"product_tag-design-meubelen","9":"product_tag-moderne-meubels","10":"product_tag-onbehandeld-teak","11":"product_tag-oud-teak","13":"first","14":"onbackorder","15":"taxable","16":"shipping-taxable","17":"purchasable","18":"product-type-variable"},"_links":{"self":[{"href":"https:\/\/teak2.be\/fr\/wp-json\/wp\/v2\/product\/12334","targetHints":{"allow":["GET"]}}],"collection":[{"href":"https:\/\/teak2.be\/fr\/wp-json\/wp\/v2\/product"}],"about":[{"href":"https:\/\/teak2.be\/fr\/wp-json\/wp\/v2\/types\/product"}],"version-history":[{"count":1,"href":"https:\/\/teak2.be\/fr\/wp-json\/wp\/v2\/product\/12334\/revisions"}],"predecessor-version":[{"id":513535,"href":"https:\/\/teak2.be\/fr\/wp-json\/wp\/v2\/product\/12334\/revisions\/513535"}],"wp:featuredmedia":[{"embeddable":true,"href":"https:\/\/teak2.be\/fr\/wp-json\/wp\/v2\/media\/12418"}],"wp:attachment":[{"href":"https:\/\/teak2.be\/fr\/wp-json\/wp\/v2\/media?parent=12334"}],"wp:term":[{"taxonomy":"product_brand","embeddable":true,"href":"https:\/\/teak2.be\/fr\/wp-json\/wp\/v2\/product_brand?post=12334"},{"taxonomy":"product_cat","embeddable":true,"href":"https:\/\/teak2.be\/fr\/wp-json\/wp\/v2\/product_cat?post=12334"},{"taxonomy":"product_tag","embeddable":true,"href":"https:\/\/teak2.be\/fr\/wp-json\/wp\/v2\/product_tag?post=12334"}],"curies":[{"name":"wp","href":"https:\/\/api.w.org\/{rel}","templated":true}]}}