{"id":12336,"date":"2024-10-18T12:57:41","date_gmt":"2024-10-18T12:57:41","guid":{"rendered":"http:\/\/teak2.local\/?post_type=product&#038;p=12336"},"modified":"2025-03-26T15:29:04","modified_gmt":"2025-03-26T14:29:04","slug":"mix-kopor-buxxx-old","status":"publish","type":"product","link":"https:\/\/teak2.be\/fr\/product\/mix-kopor-buxxx-old\/","title":{"rendered":"Mix Kopor BU310 Old"},"content":{"rendered":"<p>Industri\u00eble houten bank met metaal en zonder rugleuning. De Mix Kopor BU310 Old is een houten bank met een industri\u00eble, moderne uitstraling. Deze moderne bank is uitgevoerd in oud hout en typeert zich door industri\u00eble combinatie van mix hout en metaal. Het onderstel van deze moderne bank is een metalen poot. Mooi te combineren met het ruime assortiment teakhouten tafels bij TEAK2.<\/p>\n<p>De serie Mix Kopor wordt ambachtelijk gemaakt in Indonesi\u00eb en is momenteel enkel leverbaar in deze afmeting en\/of uitvoering. Deze industri\u00eble eetkamerbank is uitgevoerd in mix hout. Mixed Wood is oud samengesteld hout en heeft een robuuste uitstraling doordat het jarenlang verschillende omstandigheden heeft ervaren. Het oude hout is gerecycled en heeft een geleed, stoer karakter. TEAK2 maakt enkel gebruik van de beste kwaliteit hout afkomstig uit Java! Degelijke, massieve en zware opbouw.<\/p>\n<p>Deze\u00a0industri\u00eble houten bank met metaal\u00a0heeft een moderne\u00a0uitstraling en past daardoor mooi in een industri\u00eble of\u00a0moderne\u00a0inrichting. Naast een modern interieur ook mooi bij een\u00a0klassieke\u00a0of landelijke stijl. De bank kan o.a. dienen als\u00a0moderne\u00a0houten eetkamerbank of\u00a0bank zonder rugleuning in zowel de keuken als eetkamer of woonkamer.<\/p>","protected":false},"excerpt":{"rendered":"<table>\n<tbody>\n<tr>\n<td width=\"110\"><\/td>\n<td width=\"300\"><\/td>\n<\/tr>\n<tr>\n<td width=\"110\">Mat\u00e9riel:<\/td>\n<td width=\"300\">M\u00e9lange de Bois + M\u00e9tal<\/td>\n<\/tr>\n<tr>\n<td width=\"110\">Couleur:<\/td>\n<td width=\"300\">Bruin\u00a0(Donker)<\/td>\n<\/tr>\n<tr>\n<td width=\"110\">Finition:<\/td>\n<td width=\"300\">Vieux bois<\/td>\n<\/tr>\n<tr>\n<td width=\"110\">B\u00e2ti:<\/td>\n<td width=\"300\">Pied en m\u00e9tal<\/td>\n<\/tr>\n<\/tbody>\n<\/table>","protected":false},"featured_media":12430,"template":"","meta":{"_seopress_robots_primary_cat":"none","_seopress_titles_title":"Mix Kopor BU310 Old | industri\u00eble houten bank met metaal","_seopress_titles_desc":"Industri\u00eble houten bank met metaal en zonder rugleuning. Moderne bank in oud hout, mixed wood - TEAK2","_seopress_robots_index":""},"product_brand":[],"product_cat":[123,56,95],"product_tag":[52,89,44],"class_list":{"0":"post-12336","1":"product","2":"type-product","3":"status-publish","4":"has-post-thumbnail","6":"product_cat-sale","7":"product_cat-stoelen","8":"product_cat-teak-bank","9":"product_tag-design-meubelen","10":"product_tag-mix-hout","11":"product_tag-moderne-meubels","13":"first","14":"instock","15":"sale","16":"taxable","17":"shipping-taxable","18":"purchasable","19":"product-type-variable"},"_links":{"self":[{"href":"https:\/\/teak2.be\/fr\/wp-json\/wp\/v2\/product\/12336","targetHints":{"allow":["GET"]}}],"collection":[{"href":"https:\/\/teak2.be\/fr\/wp-json\/wp\/v2\/product"}],"about":[{"href":"https:\/\/teak2.be\/fr\/wp-json\/wp\/v2\/types\/product"}],"version-history":[{"count":0,"href":"https:\/\/teak2.be\/fr\/wp-json\/wp\/v2\/product\/12336\/revisions"}],"wp:featuredmedia":[{"embeddable":true,"href":"https:\/\/teak2.be\/fr\/wp-json\/wp\/v2\/media\/12430"}],"wp:attachment":[{"href":"https:\/\/teak2.be\/fr\/wp-json\/wp\/v2\/media?parent=12336"}],"wp:term":[{"taxonomy":"product_brand","embeddable":true,"href":"https:\/\/teak2.be\/fr\/wp-json\/wp\/v2\/product_brand?post=12336"},{"taxonomy":"product_cat","embeddable":true,"href":"https:\/\/teak2.be\/fr\/wp-json\/wp\/v2\/product_cat?post=12336"},{"taxonomy":"product_tag","embeddable":true,"href":"https:\/\/teak2.be\/fr\/wp-json\/wp\/v2\/product_tag?post=12336"}],"curies":[{"name":"wp","href":"https:\/\/api.w.org\/{rel}","templated":true}]}}