{"id":12636,"date":"2024-10-18T13:02:11","date_gmt":"2024-10-18T13:02:11","guid":{"rendered":"http:\/\/teak2.local\/?post_type=product&#038;p=12636"},"modified":"2024-10-24T12:14:24","modified_gmt":"2024-10-24T10:14:24","slug":"makan-xxxwl-ag","status":"publish","type":"product","link":"https:\/\/teak2.be\/fr\/product\/makan-xxxwl-ag\/","title":{"rendered":"Makan 110-300WL AG"},"content":{"rendered":"<p>Landelijke antraciet grutterskast met witte binnenkant en bolle kleppen, stijlvolle en chique kleurstelling. De Makan 110-300WL AG is een antraciet buffetkast met een modern landelijke uitstraling. Deze landelijke antraciet buffetkast is uitgevoerd met draaideuren in de boven- en onderkast. Het facet geslepen glas in de bovenkast benadrukt de traditionele, authentieke stijl. De bovenkast is uitgevoerd met een traditionele koof. Deze zwarte grutterskast typeert zich door de authentieke bolle klep en combinatie van landelijke stijlkenmerken en een stijlvolle en chique kleurstelling. De lades van de kast kunnen eenvoudig geopend en gesloten worden a.d.h.v. metalen ronde komgrepen. De onderkast staat op een onderstel met uitgesneden poten. Dit meubel bestaat uit 2 losse delen (boven &#8211; onderkast).<\/p>\n<p>De serie Makan wordt ambachtelijk gemaakt in Indonesi\u00eb en is leverbaar in verschillende maten, kleuren en\/of uitvoeringen. Deze zwarte kast is de gespoten LUXE-uitvoering in de kleur antraciet en heeft een spierwitte binnenkant (RAL 9016). Ondanks de strakke gespoten behandeling behoudt deze wel zijn typerende houtnerf. De luxe-uitvoering heeft een hogere afwerking en is uitgevoerd met ladegeleiders.<\/p>\n<p>Ce vaisselier de style campagnard anthracite a une apparence \u00e9l\u00e9gante et s'int\u00e8gre donc parfaitement dans un presbyt\u00e8re ou un int\u00e9rieur de style campagnard. En plus d'un int\u00e9rieur campagnard, il s'int\u00e8gre \u00e9galement bien dans un style traditionnel ou moderne. Le meuble noir peut servir de vaisselier gris d\u00e9lav\u00e9 campagnard, d'armoire de cuisine ou d'armoire d'\u00e9picerie anthracite, aussi bien dans la cuisine que dans le salon.<\/p>","protected":false},"excerpt":{"rendered":"<table>\n<tbody>\n<tr>\n<td width=\"110\"><\/td>\n<td width=\"300\"><\/td>\n<\/tr>\n<tr>\n<td width=\"110\">Mat\u00e9riel:<\/td>\n<td width=\"300\">Bois de Mindi<\/td>\n<\/tr>\n<tr>\n<td width=\"110\">Couleur:<\/td>\n<td width=\"300\">Anthracite + Blanc signalisation (RAL 9016)<\/td>\n<\/tr>\n<tr>\n<td width=\"110\">Finition:<\/td>\n<td width=\"300\">Gespoten &#8211; LUXE<\/td>\n<\/tr>\n<\/tbody>\n<\/table>","protected":false},"featured_media":12720,"template":"","meta":{"_seopress_robots_primary_cat":"none","_seopress_titles_title":"Makan 110-300WL AG | landelijke antraciet grutterskast","_seopress_titles_desc":"Landelijke antraciet grutterskast met wit. Landelijke antraciet buffetkast met bolle kleppen, stijlvol & chique - TEAK2.","_seopress_robots_index":""},"product_brand":[],"product_cat":[80,39],"product_tag":[81,43,44],"class_list":{"0":"post-12636","1":"product","2":"type-product","3":"status-publish","4":"has-post-thumbnail","6":"product_cat-gekleurde-buffetkast","7":"product_cat-kasten","8":"product_tag-antraciet","9":"product_tag-landelijke-meubels","10":"product_tag-moderne-meubels","12":"first","13":"instock","14":"sale","15":"taxable","16":"shipping-taxable","17":"purchasable","18":"product-type-variable"},"_links":{"self":[{"href":"https:\/\/teak2.be\/fr\/wp-json\/wp\/v2\/product\/12636","targetHints":{"allow":["GET"]}}],"collection":[{"href":"https:\/\/teak2.be\/fr\/wp-json\/wp\/v2\/product"}],"about":[{"href":"https:\/\/teak2.be\/fr\/wp-json\/wp\/v2\/types\/product"}],"version-history":[{"count":0,"href":"https:\/\/teak2.be\/fr\/wp-json\/wp\/v2\/product\/12636\/revisions"}],"wp:featuredmedia":[{"embeddable":true,"href":"https:\/\/teak2.be\/fr\/wp-json\/wp\/v2\/media\/12720"}],"wp:attachment":[{"href":"https:\/\/teak2.be\/fr\/wp-json\/wp\/v2\/media?parent=12636"}],"wp:term":[{"taxonomy":"product_brand","embeddable":true,"href":"https:\/\/teak2.be\/fr\/wp-json\/wp\/v2\/product_brand?post=12636"},{"taxonomy":"product_cat","embeddable":true,"href":"https:\/\/teak2.be\/fr\/wp-json\/wp\/v2\/product_cat?post=12636"},{"taxonomy":"product_tag","embeddable":true,"href":"https:\/\/teak2.be\/fr\/wp-json\/wp\/v2\/product_tag?post=12636"}],"curies":[{"name":"wp","href":"https:\/\/api.w.org\/{rel}","templated":true}]}}