{"id":12730,"date":"2024-10-18T13:03:26","date_gmt":"2024-10-18T13:03:26","guid":{"rendered":"http:\/\/teak2.local\/?post_type=product&#038;p=12730"},"modified":"2025-03-19T10:36:20","modified_gmt":"2025-03-19T09:36:20","slug":"teak-biro-surya-xxxa","status":"publish","type":"product","link":"https:\/\/teak2.be\/fr\/product\/teak-biro-surya-xxxa\/","title":{"rendered":"Teak Biro Surya 160A"},"content":{"rendered":"<p>Grand bureau de style rustique avec armoire \u00e0 plateau en teck massif. Le Teak Biro Surya 160A est un bureau en teck au look rustique authentique. Ce grand bureau en teck poss\u00e8de de nombreux tiroirs et se caract\u00e9rise par son style rustique et ses \u00e9l\u00e9ments authentiques. Les tiroirs du bureau s'ouvrent et se ferment facilement gr\u00e2ce \u00e0 des poign\u00e9es rondes en m\u00e9tal et sont \u00e9quip\u00e9s de glissi\u00e8res. Ce bureau est une version de luxe et poss\u00e8de une structure haute avec beaucoup d'espace de rangement, une v\u00e9ritable armoire de bureau. Le meuble bas repose sur un pi\u00e8tement \u00e0 pieds \u00e9vid\u00e9s. Ce meuble se compose de 3 parties distinctes (2 colonnes, plateau et armoire sup\u00e9rieure).<\/p>\n<p>De serie Teak Surya wordt ambachtelijk gemaakt in Indonesi\u00eb en is leverbaar in verschillende afmetingen en\/of uitvoeringen. Dit teakhouten bureau is uitgevoerd in onbehandeld teak. Onbehandeld teak is bruin (blank) van kleur en wordt egaal glad geschuurd. Het teak kan verschillende kleurtinten hebben afhankelijk van natuurlijke omstandigheden. Dit teakhout is tevens ook gerecycled teak en heeft een zware, dichte structuur. TEAK2 maakt enkel gebruik van de beste kwaliteit teak afkomstig uit Java! Degelijke, massieve en zware opbouw. De gladde structuur geeft het meubel een strakke, moderne uitstraling.<\/p>\n<p>Dit landelijk groot bureau\u00a0met bovenkast heeft een\u00a0authentieke\u00a0uitstraling en past daardoor mooi in een eigentijdse of landelijke\u00a0inrichting. Naast een landelijk interieur ook mooi bij een\u00a0industri\u00eble\u00a0of moderne stijl. Dit teak bureau kan o.a. dienen als\u00a0landelijk\u00a0teakhouten secretaire in een kantoor, inkomhal of zowel\u00a0de eetkamer als woonkamer of living.<\/p>","protected":false},"excerpt":{"rendered":"<table>\n<tbody>\n<tr>\n<td width=\"110\"><\/td>\n<td width=\"300\"><\/td>\n<\/tr>\n<tr>\n<td width=\"110\">Mat\u00e9riel:<\/td>\n<td width=\"300\">Teck<\/td>\n<\/tr>\n<tr>\n<td width=\"110\">Couleur:<\/td>\n<td width=\"300\">Brun (Fonc\u00e9)<\/td>\n<\/tr>\n<tr>\n<td width=\"110\">Finition:<\/td>\n<td width=\"300\">Teck non trait\u00e9<\/td>\n<\/tr>\n<\/tbody>\n<\/table>","protected":false},"featured_media":12748,"template":"","meta":{"_seopress_robots_primary_cat":"none","_seopress_titles_title":"Teak Biro Surya 160A | landelijk groot bureau met bovenkast","_seopress_titles_desc":"Landelijk groot bureau met bovenkast in massief teak. Groot teakhouten bureau met veel opbergruimte.","_seopress_robots_index":""},"product_brand":[],"product_cat":[76,54],"product_tag":[42,43,53],"class_list":{"0":"post-12730","1":"product","2":"type-product","3":"status-publish","4":"has-post-thumbnail","6":"product_cat-bureau","7":"product_cat-tafels","8":"product_tag-klassieke-meubels","9":"product_tag-landelijke-meubels","10":"product_tag-onbehandeld-teak","12":"first","13":"instock","14":"taxable","15":"shipping-taxable","16":"purchasable","17":"product-type-variable"},"_links":{"self":[{"href":"https:\/\/teak2.be\/fr\/wp-json\/wp\/v2\/product\/12730","targetHints":{"allow":["GET"]}}],"collection":[{"href":"https:\/\/teak2.be\/fr\/wp-json\/wp\/v2\/product"}],"about":[{"href":"https:\/\/teak2.be\/fr\/wp-json\/wp\/v2\/types\/product"}],"version-history":[{"count":0,"href":"https:\/\/teak2.be\/fr\/wp-json\/wp\/v2\/product\/12730\/revisions"}],"wp:featuredmedia":[{"embeddable":true,"href":"https:\/\/teak2.be\/fr\/wp-json\/wp\/v2\/media\/12748"}],"wp:attachment":[{"href":"https:\/\/teak2.be\/fr\/wp-json\/wp\/v2\/media?parent=12730"}],"wp:term":[{"taxonomy":"product_brand","embeddable":true,"href":"https:\/\/teak2.be\/fr\/wp-json\/wp\/v2\/product_brand?post=12730"},{"taxonomy":"product_cat","embeddable":true,"href":"https:\/\/teak2.be\/fr\/wp-json\/wp\/v2\/product_cat?post=12730"},{"taxonomy":"product_tag","embeddable":true,"href":"https:\/\/teak2.be\/fr\/wp-json\/wp\/v2\/product_tag?post=12730"}],"curies":[{"name":"wp","href":"https:\/\/api.w.org\/{rel}","templated":true}]}}