{"id":12733,"date":"2024-10-18T13:03:26","date_gmt":"2024-10-18T13:03:26","guid":{"rendered":"http:\/\/teak2.local\/?post_type=product&#038;p=12733"},"modified":"2025-03-26T15:28:06","modified_gmt":"2025-03-26T14:28:06","slug":"teak-bebas-xxx-old","status":"publish","type":"product","link":"https:\/\/teak2.be\/fr\/product\/teak-bebas-xxx-old\/","title":{"rendered":"Teak Bebas 120 Old"},"content":{"rendered":"<p>Armoire murale \u00e9troite et ouverte en vieux teck bross\u00e9, biblioth\u00e8que. La Teak Bebas 120 Old est une armoire en teck au look authentique et rustique. Cette biblioth\u00e8que en teck est dot\u00e9e de tiroirs et d'\u00e9tag\u00e8res ouvertes. L'\u00e9l\u00e9ment mural est dot\u00e9 d'une moulure \u00e9l\u00e9gante. Cet \u00e9l\u00e9ment se caract\u00e9rise par ses caract\u00e9ristiques authentiques, ses \u00e9l\u00e9ments de style rustique et sa construction \u00e9troite. Les tiroirs de l'\u00e9l\u00e9ment peuvent \u00eatre facilement ouverts et ferm\u00e9s \u00e0 l'aide de poign\u00e9es rondes en m\u00e9tal. L'\u00e9l\u00e9ment bas repose sur un pied \u00e9l\u00e9gant. Ce meuble est constitu\u00e9 d'une seule pi\u00e8ce.<\/p>\n<p>De serie Teak Bebas wordt ambachtelijk gemaakt in Indonesi\u00eb en is leverbaar in verschillende maten en\/of uitvoeringen. Deze teak kast is uitgevoerd in geborsteld oud teak. Geborsteld oud teak is zwaarder en dichter van structuur mede doordat het jarenlang verschillende omstandigheden heeft ervaren. Het oude gerecycled teakhout heeft een geborstelde behandeling ondergaan waardoor het teakhout een exclusieve robuuste uitstraling krijgt. Het hout is donkerbruin van kleur. TEAK2 maakt enkel gebruik van de beste kwaliteit teak afkomstig uit Java! Degelijke, massieve en zware opbouw.<\/p>\n<p>Deze\u00a0smalle open wandkast in geborsteld oud teak heeft een\u00a0landelijke\u00a0uitstraling en past daardoor mooi in een klassieke of\u00a0landelijke\u00a0inrichting. Naast een landelijk interieur ook mooi bij een\u00a0industri\u00eble\u00a0of moderne stijl. De kleine teak kast kan o.a. dienen als teakhouten boekenkast, hoekkast of\u00a0slanke houten buffetkast\u00a0in zowel\u00a0de keuken als woonkamer of living.<\/p>","protected":false},"excerpt":{"rendered":"<table>\n<tbody>\n<tr>\n<td width=\"110\"><\/td>\n<td width=\"300\"><\/td>\n<\/tr>\n<tr>\n<td width=\"110\">Mat\u00e9riel:<\/td>\n<td width=\"300\">Teck<\/td>\n<\/tr>\n<tr>\n<td width=\"110\">Couleur:<\/td>\n<td width=\"300\">Bruin\u00a0(Donker)<\/td>\n<\/tr>\n<tr>\n<td width=\"110\">Finition:<\/td>\n<td width=\"300\">Vieux teck bross\u00e9<\/td>\n<\/tr>\n<\/tbody>\n<\/table>","protected":false},"featured_media":12769,"template":"","meta":{"_seopress_robots_primary_cat":"none","_seopress_titles_title":"Teak Bebas 120 Old | smalle open wandkast teak","_seopress_titles_desc":"Smalle open wandkast in geborsteld oud teak, boekenkast met open legplanken en lades - TEAK2.","_seopress_robots_index":""},"product_brand":[],"product_cat":[39,123,47],"product_tag":[50,43],"class_list":{"0":"post-12733","1":"product","2":"type-product","3":"status-publish","4":"has-post-thumbnail","6":"product_cat-kasten","7":"product_cat-sale","8":"product_cat-teak-buffetkast","9":"product_tag-geborsteld-oud-teak","10":"product_tag-landelijke-meubels","12":"first","13":"instock","14":"sale","15":"taxable","16":"shipping-taxable","17":"purchasable","18":"product-type-variable"},"_links":{"self":[{"href":"https:\/\/teak2.be\/fr\/wp-json\/wp\/v2\/product\/12733","targetHints":{"allow":["GET"]}}],"collection":[{"href":"https:\/\/teak2.be\/fr\/wp-json\/wp\/v2\/product"}],"about":[{"href":"https:\/\/teak2.be\/fr\/wp-json\/wp\/v2\/types\/product"}],"version-history":[{"count":0,"href":"https:\/\/teak2.be\/fr\/wp-json\/wp\/v2\/product\/12733\/revisions"}],"wp:featuredmedia":[{"embeddable":true,"href":"https:\/\/teak2.be\/fr\/wp-json\/wp\/v2\/media\/12769"}],"wp:attachment":[{"href":"https:\/\/teak2.be\/fr\/wp-json\/wp\/v2\/media?parent=12733"}],"wp:term":[{"taxonomy":"product_brand","embeddable":true,"href":"https:\/\/teak2.be\/fr\/wp-json\/wp\/v2\/product_brand?post=12733"},{"taxonomy":"product_cat","embeddable":true,"href":"https:\/\/teak2.be\/fr\/wp-json\/wp\/v2\/product_cat?post=12733"},{"taxonomy":"product_tag","embeddable":true,"href":"https:\/\/teak2.be\/fr\/wp-json\/wp\/v2\/product_tag?post=12733"}],"curies":[{"name":"wp","href":"https:\/\/api.w.org\/{rel}","templated":true}]}}