{"id":512302,"date":"2025-05-07T15:01:54","date_gmt":"2025-05-07T13:01:54","guid":{"rendered":"https:\/\/teak2.be\/?post_type=product&#038;p=512302"},"modified":"2026-02-11T14:40:30","modified_gmt":"2026-02-11T13:40:30","slug":"teak-besi-bayu-txxx-old-luxe-poot","status":"publish","type":"product","link":"https:\/\/teak2.be\/fr\/product\/teak-besi-bayu-txxx-old-luxe-poot\/","title":{"rendered":"Teak Besi Bayu T180-300 Old Luxe poot"},"content":{"rendered":"<p>Table de tronc d'arbre massive en teck avec bord inclin\u00e9 de forme naturelle et pied design en m\u00e9tal. La table Teak Besi Bayu T200-300 Old <b>(Pied de luxe) <\/b>is een teak eettafel met een strakke, moderne uitstraling. Deze design boomstamtafel is uitgevoerd met een geborsteld oud teakhouten blad (5 of 6cm) en heeft geen kopregel. Elk blad is uniek! Deze teakhouten eettafel met luxe poot typeert zich door zijn massief oud teakhouten blad met schuine natuurlijk gevormde rand en moderne, industri\u00eble kenmerken met combinatie teak en metaal. Het onderstel van deze houten eettafel is een<b> pied en m\u00e9tal de luxe disponible en diff\u00e9rents mod\u00e8les<\/b>: LX-pied, LS-pied (pied d'araign\u00e9e \/ pied matriciel) et plus. Ce tableau est <b>ook leverbaar met een \u2018standaard\u2019 poot! <\/b><i>(y compris U-pied)<\/i> <b>Le<\/b> <b>ch\u00e2ssis est disponible en diff\u00e9rentes finitions:<\/b> M\u00e9tal non trait\u00e9 (UM), m\u00e9tal rev\u00eatu (CM), rev\u00eatement noir (BC) et rev\u00eatement blanc (WC).<\/p>\n<p>De serie Teak Besi Bayu wordt ambachtelijk gemaakt in Indonesi\u00eb en is leverbaar in verschillende maten en\/of uitvoeringen. Deze teak tafel is uitgevoerd in geborsteld oud teak. Geborsteld oud teak is zwaarder en dichter van structuur mede doordat het jarenlang verschillende omstandigheden heeft ervaren. Het oude gerecycled teakhout heeft een geborstelde behandeling ondergaan waardoor het teakhout een exclusieve robuuste uitstraling krijgt. Het hout is donkerbruin van kleur. TEAK2 maakt enkel gebruik van de beste kwaliteit teak afkomstig uit Java! Degelijke, massieve en zware opbouw.<\/p>\n<p>Deze massieve design boomstamtafel teak heeft een\u00a0moderne\u00a0uitstraling en past daardoor mooi in een industri\u00eble of moderne\u00a0inrichting. Naast een modern interieur ook mooi bij een\u00a0landelijke\u00a0of minimalistische stijl. De teak tafel kan o.a. dienen als\u00a0design\u00a0teakhouten boomstamtafel, keukentafel of\u00a0exclusieve teakhouten eettafel met luxe poot in zowel\u00a0de keuken als eetkamer of woonkamer.<\/p>\n<p>&nbsp;<\/p>\n<p><img loading=\"lazy\" decoding=\"async\" class=\"aligncenter wp-image-512281 size-full\" src=\"https:\/\/teak2.be\/wp-content\/uploads\/Tafelpoten-TEAK2.webp\" alt=\"Pieds de table en m\u00e9tal pour tables design en bois \/ teck et tables \u00e0 manger industrielles en teck massif. Tables exclusives - TEAK2\" width=\"1920\" height=\"1280\" srcset=\"https:\/\/teak2.be\/wp-content\/uploads\/Tafelpoten-TEAK2.webp 1920w, https:\/\/teak2.be\/wp-content\/uploads\/Tafelpoten-TEAK2-300x200.webp 300w, https:\/\/teak2.be\/wp-content\/uploads\/Tafelpoten-TEAK2-1024x683.webp 1024w, https:\/\/teak2.be\/wp-content\/uploads\/Tafelpoten-TEAK2-150x100.webp 150w, https:\/\/teak2.be\/wp-content\/uploads\/Tafelpoten-TEAK2-768x512.webp 768w, https:\/\/teak2.be\/wp-content\/uploads\/Tafelpoten-TEAK2-1536x1024.webp 1536w, https:\/\/teak2.be\/wp-content\/uploads\/Tafelpoten-TEAK2-18x12.webp 18w, https:\/\/teak2.be\/wp-content\/uploads\/Tafelpoten-TEAK2-600x400.webp 600w\" sizes=\"auto, (max-width: 1920px) 100vw, 1920px\" \/><\/p>","protected":false},"excerpt":{"rendered":"<table>\n<tbody>\n<tr>\n<td width=\"110\"><\/td>\n<td width=\"300\"><\/td>\n<\/tr>\n<tr>\n<td width=\"110\">Mat\u00e9riel:<\/td>\n<td width=\"300\">Teck + M\u00e9tal<\/td>\n<\/tr>\n<tr>\n<td width=\"110\">Couleur:<\/td>\n<td width=\"300\">Bruin\u00a0(Donker)<\/td>\n<\/tr>\n<tr>\n<td width=\"110\">Finition:<\/td>\n<td width=\"300\">Vieux teck bross\u00e9<\/td>\n<\/tr>\n<tr>\n<td width=\"110\">B\u00e2ti:<\/td>\n<td width=\"300\">Pied en m\u00e9tal<\/td>\n<\/tr>\n<\/tbody>\n<\/table>","protected":false},"featured_media":513749,"template":"","meta":{"_seopress_robots_primary_cat":"none","_seopress_titles_title":"Teak Besi Bayu T180-300 Old Luxe poot | boomstamtafel","_seopress_titles_desc":"Massieve design boomstamtafel teak met schuine natuurlijk gevormde rand. Luxe metalen poot - TEAK2.","_seopress_robots_index":""},"product_brand":[],"product_cat":[54,55],"product_tag":[52,50,78,44],"class_list":{"0":"post-512302","1":"product","2":"type-product","3":"status-publish","4":"has-post-thumbnail","6":"product_cat-tafels","7":"product_cat-teak-eettafel","8":"product_tag-design-meubelen","9":"product_tag-geborsteld-oud-teak","10":"product_tag-metaal","11":"product_tag-moderne-meubels","13":"first","14":"instock","15":"taxable","16":"shipping-taxable","17":"purchasable","18":"product-type-variable"},"_links":{"self":[{"href":"https:\/\/teak2.be\/fr\/wp-json\/wp\/v2\/product\/512302","targetHints":{"allow":["GET"]}}],"collection":[{"href":"https:\/\/teak2.be\/fr\/wp-json\/wp\/v2\/product"}],"about":[{"href":"https:\/\/teak2.be\/fr\/wp-json\/wp\/v2\/types\/product"}],"version-history":[{"count":2,"href":"https:\/\/teak2.be\/fr\/wp-json\/wp\/v2\/product\/512302\/revisions"}],"predecessor-version":[{"id":513750,"href":"https:\/\/teak2.be\/fr\/wp-json\/wp\/v2\/product\/512302\/revisions\/513750"}],"wp:featuredmedia":[{"embeddable":true,"href":"https:\/\/teak2.be\/fr\/wp-json\/wp\/v2\/media\/513749"}],"wp:attachment":[{"href":"https:\/\/teak2.be\/fr\/wp-json\/wp\/v2\/media?parent=512302"}],"wp:term":[{"taxonomy":"product_brand","embeddable":true,"href":"https:\/\/teak2.be\/fr\/wp-json\/wp\/v2\/product_brand?post=512302"},{"taxonomy":"product_cat","embeddable":true,"href":"https:\/\/teak2.be\/fr\/wp-json\/wp\/v2\/product_cat?post=512302"},{"taxonomy":"product_tag","embeddable":true,"href":"https:\/\/teak2.be\/fr\/wp-json\/wp\/v2\/product_tag?post=512302"}],"curies":[{"name":"wp","href":"https:\/\/api.w.org\/{rel}","templated":true}]}}