{"id":512367,"date":"2025-05-07T23:24:14","date_gmt":"2025-05-07T21:24:14","guid":{"rendered":"https:\/\/teak2.be\/?post_type=product&#038;p=512367"},"modified":"2025-10-25T21:28:43","modified_gmt":"2025-10-25T19:28:43","slug":"teak-bersih-osrxx","status":"publish","type":"product","link":"https:\/\/teak2.be\/fr\/product\/teak-bersih-osrxx\/","title":{"rendered":"Teak Bersih OSR50-80"},"content":{"rendered":"<p>Table basse ronde d'ext\u00e9rieur, pied rond avec lattes en bois. La Teak Bersih OSR50-80 est une table basse ronde d'ext\u00e9rieur au look moderne. Cette table d'appoint ronde pour le jardin est dot\u00e9e d'un plateau en teck non trait\u00e9 et d'un pi\u00e8tement en teck. Cette table d'appoint de jardin se caract\u00e9rise par son pi\u00e8tement rond en bois avec des lattes en teck de style scandinave. Le pi\u00e8tement de cette table basse est constitu\u00e9 d'un pied rond en bois.<\/p>\n<p>De serie Teak Bersih wordt ambachtelijk gemaakt in Indonesi\u00eb en is leverbaar in verschillende afmetingen en\/of uitvoeringen. Deze teak bijzettafel is uitgevoerd in onbehandeld teak. Onbehandeld teak is licht (blank) van kleur en wordt egaal glad geschuurd. Dit teakhout is tevens ook gerecycled teak en heeft een zware, dichte structuur. TEAK2 maakt enkel gebruik van de beste kwaliteit teak afkomstig uit Java! Degelijke, massieve en zware opbouw. De gladde structuur geeft het meubel een strakke, moderne uitstraling.<\/p>\n<p>Deze ronde salontafel buiten heeft een\u00a0moderne\u00a0uitstraling en kan door de massieve opbouw en sterke constructie perfect dienen als buitenmeubel of teak tuinmeubel. Alle teakhouten tuinmeubelen en teak tuinmeubilair van TEAK2 voldoen aan de hoogste kwaliteit. De ronde buiten salontafel kan o.a. dienen als\u00a0bijzettafel tuin of ronde buiten salontafel voor binnen of buiten.<\/p>","protected":false},"excerpt":{"rendered":"<table>\n<tbody>\n<tr>\n<td width=\"110\"><\/td>\n<td width=\"300\"><\/td>\n<\/tr>\n<tr>\n<td width=\"110\">Mat\u00e9riel:<\/td>\n<td width=\"300\">Teck + M\u00e9tal<\/td>\n<\/tr>\n<tr>\n<td width=\"110\">Couleur:<\/td>\n<td width=\"300\">Bruin\u00a0(Donker)<\/td>\n<\/tr>\n<tr>\n<td width=\"110\">Finition:<\/td>\n<td width=\"300\">Teck non trait\u00e9<\/td>\n<\/tr>\n<\/tbody>\n<\/table>","protected":false},"featured_media":513550,"template":"","meta":{"_seopress_robots_primary_cat":"none","_seopress_titles_title":"Teak Bersih OSR50-80 | ronde salontafel buiten","_seopress_titles_desc":"Ronde salontafel buiten, ronde poot met houten latjes in scandi stijl. Design bijzettafel voor buiten - TEAK2.","_seopress_robots_index":""},"product_brand":[],"product_cat":[74,71],"product_tag":[43,44,53],"class_list":{"0":"post-512367","1":"product","2":"type-product","3":"status-publish","4":"has-post-thumbnail","6":"product_cat-overige-tuinmeubelen","7":"product_cat-tuinmeubelen","8":"product_tag-landelijke-meubels","9":"product_tag-moderne-meubels","10":"product_tag-onbehandeld-teak","12":"first","13":"onbackorder","14":"taxable","15":"shipping-taxable","16":"purchasable","17":"product-type-variable"},"_links":{"self":[{"href":"https:\/\/teak2.be\/fr\/wp-json\/wp\/v2\/product\/512367","targetHints":{"allow":["GET"]}}],"collection":[{"href":"https:\/\/teak2.be\/fr\/wp-json\/wp\/v2\/product"}],"about":[{"href":"https:\/\/teak2.be\/fr\/wp-json\/wp\/v2\/types\/product"}],"version-history":[{"count":2,"href":"https:\/\/teak2.be\/fr\/wp-json\/wp\/v2\/product\/512367\/revisions"}],"predecessor-version":[{"id":513548,"href":"https:\/\/teak2.be\/fr\/wp-json\/wp\/v2\/product\/512367\/revisions\/513548"}],"wp:featuredmedia":[{"embeddable":true,"href":"https:\/\/teak2.be\/fr\/wp-json\/wp\/v2\/media\/513550"}],"wp:attachment":[{"href":"https:\/\/teak2.be\/fr\/wp-json\/wp\/v2\/media?parent=512367"}],"wp:term":[{"taxonomy":"product_brand","embeddable":true,"href":"https:\/\/teak2.be\/fr\/wp-json\/wp\/v2\/product_brand?post=512367"},{"taxonomy":"product_cat","embeddable":true,"href":"https:\/\/teak2.be\/fr\/wp-json\/wp\/v2\/product_cat?post=512367"},{"taxonomy":"product_tag","embeddable":true,"href":"https:\/\/teak2.be\/fr\/wp-json\/wp\/v2\/product_tag?post=512367"}],"curies":[{"name":"wp","href":"https:\/\/api.w.org\/{rel}","templated":true}]}}