{"id":514144,"date":"2025-10-30T15:48:03","date_gmt":"2025-10-30T14:48:03","guid":{"rendered":"https:\/\/teak2.be\/?post_type=product&#038;p=514144"},"modified":"2026-02-19T18:01:07","modified_gmt":"2026-02-19T17:01:07","slug":"luca","status":"publish","type":"product","link":"https:\/\/teak2.be\/fr\/product\/luca\/","title":{"rendered":"Luca"},"content":{"rendered":"<p>Chaise design scandinave avec structure aspect bois et assise en polyester recycl\u00e9. La Luca est une chaise de salle \u00e0 manger luxueuse au look moderne. Cette chaise \u00e0 accoudoirs est fabriqu\u00e9e en polyester recycl\u00e9, un tissu durable compos\u00e9 \u00e0 85% de bouteilles en plastique recycl\u00e9es et \u00e0 15% de lin. Il s'agit d'un mat\u00e9riau tr\u00e8s r\u00e9sistant avec un score Martindale de 50 000, ce qui garantit la long\u00e9vit\u00e9 du tissu. De plus, ce mat\u00e9riau est hydrofuge et la construction robuste de la chaise la rend \u00e9galement id\u00e9ale pour le secteur de la restauration ! La chaise se caract\u00e9rise par la forme typique de son dossier et son style scandinave. Le pi\u00e8tement de cette chaise \u00e0 accoudoirs est en m\u00e9tal. Elle se combine \u00e0 merveille avec la large gamme de tables en teck de TEAK2.<\/p>\n<p>Chaise design scandinave avec structure aspect bois et assise en polyester recycl\u00e9. La Luca est une chaise de salle \u00e0 manger luxueuse au look moderne. Cette chaise \u00e0 accoudoirs est fabriqu\u00e9e en polyester recycl\u00e9, un tissu durable compos\u00e9 \u00e0 85% de bouteilles en plastique recycl\u00e9es et \u00e0 15% de lin. Il s'agit d'un mat\u00e9riau tr\u00e8s r\u00e9sistant avec un score Martindale de 50 000, ce qui garantit la long\u00e9vit\u00e9 du tissu. De plus, ce mat\u00e9riau est hydrofuge et la construction robuste de la chaise la rend \u00e9galement id\u00e9ale pour le secteur de la restauration! La chaise se caract\u00e9rise par la forme typique de son dossier et son style scandinave. Le pi\u00e8tement de cette chaise \u00e0 accoudoirs est en m\u00e9tal. Elle se combine \u00e0 merveille avec la large gamme de tables en teck de TEAK2.<\/p>\n<p>Deze Scandinavische design stoel heeft een\u00a0moderne\u00a0look en past daardoor mooi in een industri\u00eble of moderne\u00a0inrichting. Naast een modern interieur ook mooi bij een\u00a0eigentijdse\u00a0of landelijke stijl. De luxe stoel kan o.a. dienen als\u00a0trendy eetkamerstoel, bureaustoel of\u00a0duurzame design eetkamerstoel in zowel de keuken als eetkamer of woonkamer.<\/p>","protected":false},"excerpt":{"rendered":"<table>\n<tbody>\n<tr>\n<td width=\"110\"><\/td>\n<td width=\"300\"><\/td>\n<\/tr>\n<tr>\n<td width=\"110\">Mat\u00e9riel:<\/td>\n<td width=\"300\">Polyester + M\u00e9tal<\/td>\n<\/tr>\n<tr>\n<td width=\"110\">Finition:<\/td>\n<td width=\"300\">Polyester recycl\u00e9<\/td>\n<\/tr>\n<tr>\n<td width=\"110\">B\u00e2ti:<\/td>\n<td width=\"300\">Pied en m\u00e9tal<\/td>\n<\/tr>\n<tr>\n<td width=\"110\">Largeur:<\/td>\n<td width=\"300\">51 cm (Z:46)<\/td>\n<\/tr>\n<tr>\n<td width=\"110\">Taille:<\/td>\n<td width=\"300\">77 cm (Z:48 | A:)<\/td>\n<\/tr>\n<tr>\n<td width=\"110\">Profondeur:<\/td>\n<td width=\"300\">55 cm (Z:44)<\/td>\n<\/tr>\n<tr>\n<td width=\"110\">\n<div class=\"list\">Prix conseill\u00e9:<\/div>\n<\/td>\n<td width=\"300\">\n<div class=\"listp\">\u20ac189,00<\/div>\n<\/td>\n<\/tr>\n<\/tbody>\n<\/table>","protected":false},"featured_media":514428,"template":"","meta":{"_seopress_robots_primary_cat":"none","_seopress_titles_title":"Luca | scandinavische design stoel met hout look frame","_seopress_titles_desc":"Moderne eetkamerstoel in trendy Scandinavisch design. Aparte rugleuning en degelijke zit in polyester met linnen.","_seopress_robots_index":""},"product_brand":[],"product_cat":[86,56],"product_tag":[52,43,44],"class_list":{"0":"post-514144","1":"product","2":"type-product","3":"status-publish","4":"has-post-thumbnail","6":"product_cat-luxe-eetkamerstoelen","7":"product_cat-stoelen","8":"product_tag-design-meubelen","9":"product_tag-landelijke-meubels","10":"product_tag-moderne-meubels","12":"first","13":"instock","14":"taxable","15":"shipping-taxable","16":"purchasable","17":"product-type-variable"},"_links":{"self":[{"href":"https:\/\/teak2.be\/fr\/wp-json\/wp\/v2\/product\/514144","targetHints":{"allow":["GET"]}}],"collection":[{"href":"https:\/\/teak2.be\/fr\/wp-json\/wp\/v2\/product"}],"about":[{"href":"https:\/\/teak2.be\/fr\/wp-json\/wp\/v2\/types\/product"}],"version-history":[{"count":1,"href":"https:\/\/teak2.be\/fr\/wp-json\/wp\/v2\/product\/514144\/revisions"}],"predecessor-version":[{"id":514148,"href":"https:\/\/teak2.be\/fr\/wp-json\/wp\/v2\/product\/514144\/revisions\/514148"}],"wp:featuredmedia":[{"embeddable":true,"href":"https:\/\/teak2.be\/fr\/wp-json\/wp\/v2\/media\/514428"}],"wp:attachment":[{"href":"https:\/\/teak2.be\/fr\/wp-json\/wp\/v2\/media?parent=514144"}],"wp:term":[{"taxonomy":"product_brand","embeddable":true,"href":"https:\/\/teak2.be\/fr\/wp-json\/wp\/v2\/product_brand?post=514144"},{"taxonomy":"product_cat","embeddable":true,"href":"https:\/\/teak2.be\/fr\/wp-json\/wp\/v2\/product_cat?post=514144"},{"taxonomy":"product_tag","embeddable":true,"href":"https:\/\/teak2.be\/fr\/wp-json\/wp\/v2\/product_tag?post=514144"}],"curies":[{"name":"wp","href":"https:\/\/api.w.org\/{rel}","templated":true}]}}