{"id":8806,"date":"2024-10-18T12:25:19","date_gmt":"2024-10-18T12:25:19","guid":{"rendered":"http:\/\/teak2.local\/?post_type=product&#038;p=8806"},"modified":"2025-03-19T20:34:38","modified_gmt":"2025-03-19T19:34:38","slug":"teak-kursi-old","status":"publish","type":"product","link":"https:\/\/teak2.be\/fr\/product\/teak-kursi-old\/","title":{"rendered":"Teak Kursi Old"},"content":{"rendered":"<p>Chaise de salle \u00e0 manger rustique en vieux teck bross\u00e9. La Teak Kursi Old est une chaise de salle \u00e0 manger en teck au look rustique. Cette chaise de cuisine en bois rustique est fabriqu\u00e9e en vieux teck bross\u00e9. Cette chaise de salle \u00e0 manger en teck se caract\u00e9rise par sa construction solide et robuste et son assise confortable. La chaise pr\u00e9sente des caract\u00e9ristiques de style rustique et est souvent utilis\u00e9e dans l'industrie h\u00f4teli\u00e8re en raison de sa construction solide et confortable. La base de cette chaise de cuisine rustique en bois est un pied en teck. Elle se combine \u00e0 merveille avec la large gamme de tables en teck de TEAK2.<\/p>\n<p>De serie Teak Kursi wordt ambachtelijk gemaakt in Indonesi\u00eb en is leverbaar in verschillende maten en\/of uitvoeringen. Deze teakhouten stoel is uitgevoerd in geborsteld oud teak. Geborsteld oud teak is zwaarder en dichter van structuur mede doordat het jarenlang verschillende omstandigheden heeft ervaren. Het oude gerecycled teakhout heeft een geborstelde behandeling ondergaan waardoor het teakhout een exclusieve robuuste uitstraling krijgt. Het hout is donkerbruin van kleur. TEAK2 maakt enkel gebruik van de beste kwaliteit teak afkomstig uit Java! Degelijke, massieve en zware opbouw.<\/p>\n<p>Deze\u00a0landelijke teakhouten eetkamerstoel\u00a0heeft een warme\u00a0uitstraling en past daardoor mooi in een pastoriestijl of\u00a0landelijke\u00a0inrichting. Naast een landelijk interieur ook mooi bij een\u00a0eigentijdse\u00a0of moderne stijl. De teakhouten stoel kan o.a. dienen als\u00a0landelijke\u00a0teakhouten eetkamerstoel, bureaustoel of\u00a0teakhouten keukenstoel in zowel de keuken als eetkamer of woonkamer.<\/p>","protected":false},"excerpt":{"rendered":"<table>\n<tbody>\n<tr>\n<td width=\"110\"><\/td>\n<td width=\"300\"><\/td>\n<\/tr>\n<tr>\n<td width=\"110\">Mat\u00e9riel:<\/td>\n<td width=\"300\">Teck<\/td>\n<\/tr>\n<tr>\n<td width=\"110\">Couleur:<\/td>\n<td width=\"300\">Bruin\u00a0(Donker)<\/td>\n<\/tr>\n<tr>\n<td width=\"110\">Finition:<\/td>\n<td width=\"300\">Vieux teck bross\u00e9<\/td>\n<\/tr>\n<tr>\n<td width=\"110\">B\u00e2ti:<\/td>\n<td width=\"300\">Pied en teck<\/td>\n<\/tr>\n<\/tbody>\n<\/table>","protected":false},"featured_media":4992,"template":"","meta":{"_seopress_robots_primary_cat":"none","_seopress_titles_title":"Teak Kursi Old | landelijke teakhouten eetkamerstoel - TEAK2","_seopress_titles_desc":"Comfortabele teakhouten eetkamerstoel in geborsteld oud teak uit Indonesi\u00eb. Teakhouten stoelen & eetkamerstoelen bij meubelwinkel TEAK2.","_seopress_robots_index":""},"product_brand":[],"product_cat":[56,57],"product_tag":[50,43,44],"class_list":{"0":"post-8806","1":"product","2":"type-product","3":"status-publish","4":"has-post-thumbnail","6":"product_cat-stoelen","7":"product_cat-teak-eetkamerstoelen","8":"product_tag-geborsteld-oud-teak","9":"product_tag-landelijke-meubels","10":"product_tag-moderne-meubels","12":"first","13":"onbackorder","14":"taxable","15":"shipping-taxable","16":"purchasable","17":"product-type-variable"},"_links":{"self":[{"href":"https:\/\/teak2.be\/fr\/wp-json\/wp\/v2\/product\/8806","targetHints":{"allow":["GET"]}}],"collection":[{"href":"https:\/\/teak2.be\/fr\/wp-json\/wp\/v2\/product"}],"about":[{"href":"https:\/\/teak2.be\/fr\/wp-json\/wp\/v2\/types\/product"}],"version-history":[{"count":0,"href":"https:\/\/teak2.be\/fr\/wp-json\/wp\/v2\/product\/8806\/revisions"}],"wp:featuredmedia":[{"embeddable":true,"href":"https:\/\/teak2.be\/fr\/wp-json\/wp\/v2\/media\/4992"}],"wp:attachment":[{"href":"https:\/\/teak2.be\/fr\/wp-json\/wp\/v2\/media?parent=8806"}],"wp:term":[{"taxonomy":"product_brand","embeddable":true,"href":"https:\/\/teak2.be\/fr\/wp-json\/wp\/v2\/product_brand?post=8806"},{"taxonomy":"product_cat","embeddable":true,"href":"https:\/\/teak2.be\/fr\/wp-json\/wp\/v2\/product_cat?post=8806"},{"taxonomy":"product_tag","embeddable":true,"href":"https:\/\/teak2.be\/fr\/wp-json\/wp\/v2\/product_tag?post=8806"}],"curies":[{"name":"wp","href":"https:\/\/api.w.org\/{rel}","templated":true}]}}