{"id":8808,"date":"2024-10-18T12:25:19","date_gmt":"2024-10-18T12:25:19","guid":{"rendered":"http:\/\/teak2.local\/?post_type=product&#038;p=8808"},"modified":"2025-03-19T20:38:32","modified_gmt":"2025-03-19T19:38:32","slug":"teak-kursi-palang-l-old","status":"publish","type":"product","link":"https:\/\/teak2.be\/fr\/product\/teak-kursi-palang-l-old\/","title":{"rendered":"Teak Kursi Palang L-Old"},"content":{"rendered":"<p>Chaise de salle \u00e0 manger rustique en vieux teck magnifique. La Teak Kursi Palang L-Old est une chaise de salle \u00e0 manger en teck \u00e0 l'aspect rustique. Cette chaise rustique en bois est fabriqu\u00e9e en vieux teck et poss\u00e8de une croix dans le dossier. Cette chaise de salle \u00e0 manger en teck se caract\u00e9rise par sa construction solide et robuste et son assise confortable. La chaise en bois pr\u00e9sente des caract\u00e9ristiques de style rustique et est souvent utilis\u00e9e dans l'industrie h\u00f4teli\u00e8re en raison de sa construction solide et confortable. La base de cette chaise en bois rustique est un pied en teck. Elle se combine \u00e0 merveille avec la large gamme de tables en teck de TEAK2.<\/p>\n<p>De serie Teak Kursi wordt ambachtelijk gemaakt in Indonesi\u00eb en is leverbaar in verschillende maten en\/of uitvoeringen. Deze teak stoel is uitgevoerd in oud teak. Oud teak is zwaarder en dichter van structuur mede doordat het jarenlang verschillende omstandigheden heeft ervaren. Het oude gerecycled teakhout is qua kleur donker van tint, heeft een geleefd, exclusief karakter en een prachtige structuur. TEAK2 maakt enkel gebruik van de beste kwaliteit teak afkomstig uit Java! Degelijke, massieve en zware opbouw.<\/p>\n<p>Deze teakhouten landelijke eetkamerstoel\u00a0heeft een luxe\u00a0uitstraling en past daardoor mooi in een pastoriestijl of\u00a0landelijke\u00a0inrichting. Naast een landelijk interieur ook mooi bij een\u00a0eigentijdse\u00a0of moderne stijl. De teak stoel kan o.a. dienen als\u00a0landelijke eetkamerstoel, bureaustoel of degelijke keukenstoel in zowel de keuken als eetkamer of woonkamer.<\/p>","protected":false},"excerpt":{"rendered":"<table>\n<tbody>\n<tr>\n<td width=\"110\"><\/td>\n<td width=\"300\"><\/td>\n<\/tr>\n<tr>\n<td width=\"110\">Mat\u00e9riel:<\/td>\n<td width=\"300\">Teck<\/td>\n<\/tr>\n<tr>\n<td width=\"110\">Couleur:<\/td>\n<td width=\"300\">Bruin\u00a0(Donker)<\/td>\n<\/tr>\n<tr>\n<td width=\"110\">Finition:<\/td>\n<td width=\"300\">Vieux teck<\/td>\n<\/tr>\n<tr>\n<td width=\"110\">B\u00e2ti:<\/td>\n<td width=\"300\">Pied en teck<\/td>\n<\/tr>\n<\/tbody>\n<\/table>","protected":false},"featured_media":5009,"template":"","meta":{"_seopress_robots_primary_cat":"none","_seopress_titles_title":"Teak Kursi Palang L-Old | teakhouten landelijke eetkamerstoel","_seopress_titles_desc":"Teakhouten landelijke eetkamerstoel in prachtig oud teak, kwaliteit uit Indonesi\u00eb. Landelijke houten stoel, comfortabel - TEAK2.","_seopress_robots_index":""},"product_brand":[],"product_cat":[56,57],"product_tag":[43,51],"class_list":{"0":"post-8808","1":"product","2":"type-product","3":"status-publish","4":"has-post-thumbnail","6":"product_cat-stoelen","7":"product_cat-teak-eetkamerstoelen","8":"product_tag-landelijke-meubels","9":"product_tag-oud-teak","11":"first","12":"instock","13":"taxable","14":"shipping-taxable","15":"purchasable","16":"product-type-variable"},"_links":{"self":[{"href":"https:\/\/teak2.be\/fr\/wp-json\/wp\/v2\/product\/8808","targetHints":{"allow":["GET"]}}],"collection":[{"href":"https:\/\/teak2.be\/fr\/wp-json\/wp\/v2\/product"}],"about":[{"href":"https:\/\/teak2.be\/fr\/wp-json\/wp\/v2\/types\/product"}],"version-history":[{"count":0,"href":"https:\/\/teak2.be\/fr\/wp-json\/wp\/v2\/product\/8808\/revisions"}],"wp:featuredmedia":[{"embeddable":true,"href":"https:\/\/teak2.be\/fr\/wp-json\/wp\/v2\/media\/5009"}],"wp:attachment":[{"href":"https:\/\/teak2.be\/fr\/wp-json\/wp\/v2\/media?parent=8808"}],"wp:term":[{"taxonomy":"product_brand","embeddable":true,"href":"https:\/\/teak2.be\/fr\/wp-json\/wp\/v2\/product_brand?post=8808"},{"taxonomy":"product_cat","embeddable":true,"href":"https:\/\/teak2.be\/fr\/wp-json\/wp\/v2\/product_cat?post=8808"},{"taxonomy":"product_tag","embeddable":true,"href":"https:\/\/teak2.be\/fr\/wp-json\/wp\/v2\/product_tag?post=8808"}],"curies":[{"name":"wp","href":"https:\/\/api.w.org\/{rel}","templated":true}]}}