{"id":8817,"date":"2024-10-18T12:25:21","date_gmt":"2024-10-18T12:25:21","guid":{"rendered":"http:\/\/teak2.local\/?post_type=product&#038;p=8817"},"modified":"2024-10-24T22:56:57","modified_gmt":"2024-10-24T20:56:57","slug":"teak-kotak-sxxxi","status":"publish","type":"product","link":"https:\/\/teak2.be\/fr\/product\/teak-kotak-sxxxi\/","title":{"rendered":"Teak Kotak S120-160(I)"},"content":{"rendered":"<p>Table basse rectangulaire en teck avec tiroirs. La Teak Kotak S120-160(I) est une table basse en teck au look campagnard moderne. Cette table basse en teck a un plateau en teck non trait\u00e9 et n'a pas de t\u00eate de lit. La table dispose de 4 tiroirs qui peuvent \u00eatre facilement ouverts et ferm\u00e9s gr\u00e2ce \u00e0 des poign\u00e9es rondes en m\u00e9tal. Cette table basse en teck se caract\u00e9rise par sa forme rectangulaire et ses caract\u00e9ristiques rustiques. Elle est disponible en 2 versions : <strong>versie (I) met in\u00a0het midden geplaatste lades of versie met diagonaal geplaatste lades <\/strong>zoals het vierkante model.\u00a0Het onderstel van deze teak tafel is een strakke poot.<\/p>\n<p>De serie Teak Kotak wordt ambachtelijk gemaakt in Indonesi\u00eb en is leverbaar in verschillende maten en\/of uitvoeringen. Deze teak tafel is uitgevoerd in onbehandeld teak. Onbehandeld teak is licht (blank) van kleur en wordt egaal glad geschuurd. Dit teakhout is tevens ook gerecycled teak en heeft een zware, dichte structuur. TEAK2 maakt enkel gebruik van de beste kwaliteit teak afkomstig uit Java! Degelijke, massieve en zware opbouw. De gladde structuur geeft het meubel een strakke, moderne uitstraling.<\/p>\n<p>Deze\u00a0landelijke rechthoekige salontafel in teak heeft een\u00a0moderne\u00a0uitstraling en past daardoor mooi in een pastoriestijl of\u00a0landelijke\u00a0inrichting. Naast een landelijk interieur ook mooi bij een\u00a0huiselijke\u00a0of moderne stijl. De teak tafel kan o.a. dienen als salontafel, hoektafel of teakhouten bijzettafel in de living of woonkamer.<\/p>","protected":false},"excerpt":{"rendered":"<table>\n<tbody>\n<tr>\n<td width=\"110\"><\/td>\n<td width=\"300\"><\/td>\n<\/tr>\n<tr>\n<td width=\"110\">Mat\u00e9riel:<\/td>\n<td width=\"300\">Teck<\/td>\n<\/tr>\n<tr>\n<td width=\"110\">Couleur:<\/td>\n<td width=\"300\">Bruin\u00a0(Licht)<\/td>\n<\/tr>\n<tr>\n<td width=\"110\">Finition:<\/td>\n<td width=\"300\">Teck non trait\u00e9<\/td>\n<\/tr>\n<\/tbody>\n<\/table>","protected":false},"featured_media":5091,"template":"","meta":{"_seopress_robots_primary_cat":"none","_seopress_titles_title":"Teak Kotak S120-160(I) | rechthoekige salontafel in teak & lades","_seopress_titles_desc":"Rechthoekige salontafel in teak met lades diagonaal of in het midden geplaatst. Salontafel in glad onbehandeld teak bij TEAK2.","_seopress_robots_index":""},"product_brand":[],"product_cat":[54,62],"product_tag":[43,44,53],"class_list":{"0":"post-8817","1":"product","2":"type-product","3":"status-publish","4":"has-post-thumbnail","6":"product_cat-tafels","7":"product_cat-teak-salontafel","8":"product_tag-landelijke-meubels","9":"product_tag-moderne-meubels","10":"product_tag-onbehandeld-teak","12":"first","13":"instock","14":"taxable","15":"shipping-taxable","16":"purchasable","17":"product-type-variable"},"_links":{"self":[{"href":"https:\/\/teak2.be\/fr\/wp-json\/wp\/v2\/product\/8817","targetHints":{"allow":["GET"]}}],"collection":[{"href":"https:\/\/teak2.be\/fr\/wp-json\/wp\/v2\/product"}],"about":[{"href":"https:\/\/teak2.be\/fr\/wp-json\/wp\/v2\/types\/product"}],"version-history":[{"count":0,"href":"https:\/\/teak2.be\/fr\/wp-json\/wp\/v2\/product\/8817\/revisions"}],"wp:featuredmedia":[{"embeddable":true,"href":"https:\/\/teak2.be\/fr\/wp-json\/wp\/v2\/media\/5091"}],"wp:attachment":[{"href":"https:\/\/teak2.be\/fr\/wp-json\/wp\/v2\/media?parent=8817"}],"wp:term":[{"taxonomy":"product_brand","embeddable":true,"href":"https:\/\/teak2.be\/fr\/wp-json\/wp\/v2\/product_brand?post=8817"},{"taxonomy":"product_cat","embeddable":true,"href":"https:\/\/teak2.be\/fr\/wp-json\/wp\/v2\/product_cat?post=8817"},{"taxonomy":"product_tag","embeddable":true,"href":"https:\/\/teak2.be\/fr\/wp-json\/wp\/v2\/product_tag?post=8817"}],"curies":[{"name":"wp","href":"https:\/\/api.w.org\/{rel}","templated":true}]}}