{"id":8840,"date":"2024-10-18T12:25:22","date_gmt":"2024-10-18T12:25:22","guid":{"rendered":"http:\/\/teak2.local\/?post_type=product&#038;p=8840"},"modified":"2025-10-25T19:08:49","modified_gmt":"2025-10-25T17:08:49","slug":"teak-angur-dxxx","status":"publish","type":"product","link":"https:\/\/teak2.be\/fr\/product\/teak-angur-dxxx\/","title":{"rendered":"Teak Angur D60-160"},"content":{"rendered":"<p>Casier \u00e0 vin, buffet ou console en teck avec espace de rangement pour bouteilles de vin. Le Teak Angur D60-160 est un buffet en teck au look rustique. Ce buffet en bois unique est dot\u00e9 de tiroirs et se caract\u00e9rise par son style rustique et son espace de rangement pratique pour les bouteilles (de vin). Les tiroirs du buffet peuvent \u00eatre facilement ouverts et ferm\u00e9s gr\u00e2ce aux poign\u00e9es rondes en m\u00e9tal. Le meuble bas repose sur une plinthe plate. Ce meuble est constitu\u00e9 d'une seule pi\u00e8ce.<\/p>\n<p>De serie Teak Angur wordt ambachtelijk gemaakt in Indonesi\u00eb en is leverbaar in verschillende maten en\/of uitvoeringen. Dit teak dressoir is uitgevoerd in onbehandeld teak. Onbehandeld teak is bruin (blank) van kleur en wordt egaal glad geschuurd. Het teak kan verschillende kleurtinten hebben afhankelijk van natuurlijke omstandigheden. Dit teakhout is tevens ook gerecycled teak en heeft een zware, dichte structuur. TEAK2 maakt enkel gebruik van de beste kwaliteit teak afkomstig uit Java! Degelijke, massieve en zware opbouw. De gladde structuur geeft het meubel een strakke, moderne uitstraling.<\/p>\n<p>Deze teak wijnrek heeft een\u00a0landelijke\u00a0uitstraling en past daardoor mooi in een pastoriestijl of\u00a0landelijke\u00a0inrichting. Naast een landelijk interieur ook mooi bij een\u00a0eigentijdse\u00a0of moderne stijl. Dit teak dressoir kan o.a. dienen als\u00a0landelijk\u00a0teakhouten dressoir of sidetable in de inkomhal, slaapkamer en zowel\u00a0de eetkamer als woonkamer of living.<\/p>","protected":false},"excerpt":{"rendered":"<table>\n<tbody>\n<tr>\n<td width=\"110\"><\/td>\n<td width=\"300\"><\/td>\n<\/tr>\n<tr>\n<td width=\"110\">Mat\u00e9riel:<\/td>\n<td width=\"300\">Teck<\/td>\n<\/tr>\n<tr>\n<td width=\"110\">Couleur:<\/td>\n<td width=\"300\">Bruin\u00a0(Donker)<\/td>\n<\/tr>\n<tr>\n<td width=\"110\">Finition:<\/td>\n<td width=\"300\">Onbehandeld\u00a0Teak<\/td>\n<\/tr>\n<\/tbody>\n<\/table>","protected":false},"featured_media":513527,"template":"","meta":{"_seopress_robots_primary_cat":"none","_seopress_titles_title":"Teak Angur D60-160 | teak wijnrek, dressoir opbergruimte flessen - TEAK2","_seopress_titles_desc":"Teak wijnrek, dressoir opbergruimte flessen wijn of andere dranken. Landelijk apart houten dressoir met lades bij meubelwinkel TEAK2.","_seopress_robots_index":""},"product_brand":[],"product_cat":[64,65],"product_tag":[43,53],"class_list":{"0":"post-8840","1":"product","2":"type-product","3":"status-publish","4":"has-post-thumbnail","6":"product_cat-dressoirs","7":"product_cat-teak-dressoir","8":"product_tag-landelijke-meubels","9":"product_tag-onbehandeld-teak","11":"first","12":"onbackorder","13":"taxable","14":"shipping-taxable","15":"purchasable","16":"product-type-variable"},"_links":{"self":[{"href":"https:\/\/teak2.be\/fr\/wp-json\/wp\/v2\/product\/8840","targetHints":{"allow":["GET"]}}],"collection":[{"href":"https:\/\/teak2.be\/fr\/wp-json\/wp\/v2\/product"}],"about":[{"href":"https:\/\/teak2.be\/fr\/wp-json\/wp\/v2\/types\/product"}],"version-history":[{"count":1,"href":"https:\/\/teak2.be\/fr\/wp-json\/wp\/v2\/product\/8840\/revisions"}],"predecessor-version":[{"id":513528,"href":"https:\/\/teak2.be\/fr\/wp-json\/wp\/v2\/product\/8840\/revisions\/513528"}],"wp:featuredmedia":[{"embeddable":true,"href":"https:\/\/teak2.be\/fr\/wp-json\/wp\/v2\/media\/513527"}],"wp:attachment":[{"href":"https:\/\/teak2.be\/fr\/wp-json\/wp\/v2\/media?parent=8840"}],"wp:term":[{"taxonomy":"product_brand","embeddable":true,"href":"https:\/\/teak2.be\/fr\/wp-json\/wp\/v2\/product_brand?post=8840"},{"taxonomy":"product_cat","embeddable":true,"href":"https:\/\/teak2.be\/fr\/wp-json\/wp\/v2\/product_cat?post=8840"},{"taxonomy":"product_tag","embeddable":true,"href":"https:\/\/teak2.be\/fr\/wp-json\/wp\/v2\/product_tag?post=8840"}],"curies":[{"name":"wp","href":"https:\/\/api.w.org\/{rel}","templated":true}]}}