{"id":8869,"date":"2024-10-18T12:25:25","date_gmt":"2024-10-18T12:25:25","guid":{"rendered":"http:\/\/teak2.local\/?post_type=product&#038;p=8869"},"modified":"2024-10-23T13:53:12","modified_gmt":"2024-10-23T11:53:12","slug":"cerah-dxxxl-sw","status":"publish","type":"product","link":"https:\/\/teak2.be\/fr\/product\/cerah-dxxxl-sw\/","title":{"rendered":"Cerah D115-220L SW"},"content":{"rendered":"<p>Buffet blanc moderne avec portes coulissantes et tiroirs. Le Cerah D115-220L SW est un buffet blanc au look moderne. Ce buffet moderne est dot\u00e9 de portes coulissantes et se caract\u00e9rise par sa construction fine et la combinaison de caract\u00e9ristiques classiques et modernes. Les tiroirs du buffet peuvent \u00eatre facilement ouverts et ferm\u00e9s gr\u00e2ce \u00e0 des poign\u00e9es encastr\u00e9es modernes. Le meuble bas repose sur un socle avec des pieds d\u00e9coup\u00e9s. Ce meuble est constitu\u00e9 d'une seule partie.<\/p>\n<p>De serie Cerah wordt ambachtelijk gemaakt in Indonesi\u00eb en is leverbaar in verschillende maten en\/of uitvoeringen. Dit wit dressoir is de gespoten LUXE-uitvoering in de kleur spierwit (RAL 9016). Ondanks de strakke gespoten behandeling behoudt deze wel zijn typerende houtnerf. De luxe-uitvoering heeft een hogere afwerking en is uitgevoerd met ladegeleiders.<\/p>\n<p>Dit\u00a0modern wit dressoir heeft een\u00a0eigentijdse\u00a0uitstraling en past daardoor mooi in een industri\u00eble of moderne\u00a0inrichting. Naast een modern interieur ook mooi bij een\u00a0landelijke\u00a0of klassieke stijl. Dit witte dressoir kan o.a. dienen als\u00a0modern\u00a0white wash\u00a0dressoir in de inkomhal, slaapkamer en zowel\u00a0de eetkamer als woonkamer of living.<\/p>","protected":false},"excerpt":{"rendered":"<table>\n<tbody>\n<tr>\n<td width=\"110\"><\/td>\n<td width=\"300\"><\/td>\n<\/tr>\n<tr>\n<td width=\"110\">Mat\u00e9riel:<\/td>\n<td width=\"300\">Bois de Mindi<\/td>\n<\/tr>\n<tr>\n<td width=\"110\">Couleur:<\/td>\n<td width=\"300\">Blanc signalisation (RAL 9016)<\/td>\n<\/tr>\n<tr>\n<td width=\"110\">Finition:<\/td>\n<td width=\"300\">Gespoten\u00a0&#8211; LUXE<\/td>\n<\/tr>\n<\/tbody>\n<\/table>","protected":false},"featured_media":5482,"template":"","meta":{"_seopress_robots_primary_cat":"none","_seopress_titles_title":"Cerah D115-220L SW | modern wit dressoir met schuifdeuren","_seopress_titles_desc":"Modern wit dressoir met schuifdeuren en lades. Dressoir wit in combinatie authentieke, klassieke elementen en moderne stijl - TEAK2.","_seopress_robots_index":""},"product_brand":[],"product_cat":[64,66],"product_tag":[44,45],"class_list":{"0":"post-8869","1":"product","2":"type-product","3":"status-publish","4":"has-post-thumbnail","6":"product_cat-dressoirs","7":"product_cat-wit-dressoir","8":"product_tag-moderne-meubels","9":"product_tag-spierwit-ral-9016","11":"first","12":"onbackorder","13":"taxable","14":"shipping-taxable","15":"purchasable","16":"product-type-variable"},"_links":{"self":[{"href":"https:\/\/teak2.be\/fr\/wp-json\/wp\/v2\/product\/8869","targetHints":{"allow":["GET"]}}],"collection":[{"href":"https:\/\/teak2.be\/fr\/wp-json\/wp\/v2\/product"}],"about":[{"href":"https:\/\/teak2.be\/fr\/wp-json\/wp\/v2\/types\/product"}],"version-history":[{"count":0,"href":"https:\/\/teak2.be\/fr\/wp-json\/wp\/v2\/product\/8869\/revisions"}],"wp:featuredmedia":[{"embeddable":true,"href":"https:\/\/teak2.be\/fr\/wp-json\/wp\/v2\/media\/5482"}],"wp:attachment":[{"href":"https:\/\/teak2.be\/fr\/wp-json\/wp\/v2\/media?parent=8869"}],"wp:term":[{"taxonomy":"product_brand","embeddable":true,"href":"https:\/\/teak2.be\/fr\/wp-json\/wp\/v2\/product_brand?post=8869"},{"taxonomy":"product_cat","embeddable":true,"href":"https:\/\/teak2.be\/fr\/wp-json\/wp\/v2\/product_cat?post=8869"},{"taxonomy":"product_tag","embeddable":true,"href":"https:\/\/teak2.be\/fr\/wp-json\/wp\/v2\/product_tag?post=8869"}],"curies":[{"name":"wp","href":"https:\/\/api.w.org\/{rel}","templated":true}]}}