{"id":9062,"date":"2024-10-18T12:25:37","date_gmt":"2024-10-18T12:25:37","guid":{"rendered":"http:\/\/teak2.local\/?post_type=product&#038;p=9062"},"modified":"2026-02-11T14:41:18","modified_gmt":"2026-02-11T13:41:18","slug":"teak-besi-txxx-old-luxe-poot","status":"publish","type":"product","link":"https:\/\/teak2.be\/fr\/product\/teak-besi-txxx-old-luxe-poot\/","title":{"rendered":"Teak Besi T180-300 Old Luxe poot"},"content":{"rendered":"<p>Houten design eettafel in geborsteld oud teakhout en metaal. De Teak Besi T180-300 Old <strong>(Pied de luxe) <\/strong>is een teak eettafel met een strakke, moderne uitstraling. Deze houten eettafel is uitgevoerd met een geborsteld oud teakhouten blad (5 of 6cm) en heeft geen kopregel. Deze houten design eettafel typeert zich door zijn strak massief teakhouten blad en moderne, industri\u00eble kenmerken met combinatie teak en metaal. Het onderstel van deze houten eettafel is een<strong> pied en m\u00e9tal de luxe disponible en diff\u00e9rents mod\u00e8les<\/strong>: LX-pied, LS-pied (pied d'araign\u00e9e \/ pied matriciel) et plus. Ce tableau est <strong>ook leverbaar met een \u2018standaard\u2019 poot! <\/strong><em>(y compris U-pied)<\/em> <strong>Le<\/strong> <strong>ch\u00e2ssis est disponible en diff\u00e9rentes finitions:<\/strong> M\u00e9tal non trait\u00e9 (UM), m\u00e9tal rev\u00eatu (CM), rev\u00eatement noir (BC) et rev\u00eatement blanc (WC).<\/p>\n<p>De serie Teak Besi wordt ambachtelijk gemaakt in Indonesi\u00eb en is leverbaar in verschillende maten en\/of uitvoeringen. Deze teak tafel is uitgevoerd in geborsteld oud teak. Geborsteld oud teak is zwaarder en dichter van structuur mede doordat het jarenlang verschillende omstandigheden heeft ervaren. Het oude gerecycled teakhout heeft een geborstelde behandeling ondergaan waardoor het teakhout een exclusieve robuuste uitstraling krijgt. Het hout is donkerbruin van kleur. TEAK2 maakt enkel gebruik van de beste kwaliteit teak afkomstig uit Java! Degelijke, massieve en zware opbouw.<\/p>\n<p>Deze teakhouten design eettafel heeft een industri\u00eble uitstraling en past daardoor mooi in een industri\u00eble of moderne inrichting. Naast een modern interieur ook mooi bij een eigentijdse of landelijke stijl. De teak tafel kan o.a. dienen als design teakhouten eettafel, keukentafel of exclusieve eetkamertafel in zowel de keuken als eetkamer of woonkamer.<\/p>\n<p>&nbsp;<\/p>\n<p><img loading=\"lazy\" decoding=\"async\" class=\"aligncenter wp-image-512281 size-full\" src=\"https:\/\/teak2.be\/wp-content\/uploads\/Tafelpoten-TEAK2.webp\" alt=\"Pieds de table en m\u00e9tal pour tables design en bois \/ teck et tables \u00e0 manger industrielles en teck massif. Tables exclusives - TEAK2\" width=\"1920\" height=\"1280\" srcset=\"https:\/\/teak2.be\/wp-content\/uploads\/Tafelpoten-TEAK2.webp 1920w, https:\/\/teak2.be\/wp-content\/uploads\/Tafelpoten-TEAK2-300x200.webp 300w, https:\/\/teak2.be\/wp-content\/uploads\/Tafelpoten-TEAK2-1024x683.webp 1024w, https:\/\/teak2.be\/wp-content\/uploads\/Tafelpoten-TEAK2-150x100.webp 150w, https:\/\/teak2.be\/wp-content\/uploads\/Tafelpoten-TEAK2-768x512.webp 768w, https:\/\/teak2.be\/wp-content\/uploads\/Tafelpoten-TEAK2-1536x1024.webp 1536w, https:\/\/teak2.be\/wp-content\/uploads\/Tafelpoten-TEAK2-18x12.webp 18w, https:\/\/teak2.be\/wp-content\/uploads\/Tafelpoten-TEAK2-600x400.webp 600w\" sizes=\"auto, (max-width: 1920px) 100vw, 1920px\" \/><\/p>\n<p>&nbsp;<\/p>","protected":false},"excerpt":{"rendered":"<table>\n<tbody>\n<tr>\n<td width=\"110\"><\/td>\n<td width=\"300\"><\/td>\n<\/tr>\n<tr>\n<td width=\"110\">Mat\u00e9riel:<\/td>\n<td width=\"300\">Teck + M\u00e9tal<\/td>\n<\/tr>\n<tr>\n<td width=\"110\">Couleur:<\/td>\n<td width=\"300\">Bruin\u00a0(Donker)<\/td>\n<\/tr>\n<tr>\n<td width=\"110\">Finition:<\/td>\n<td width=\"300\">Vieux teck bross\u00e9<\/td>\n<\/tr>\n<tr>\n<td width=\"110\">B\u00e2ti:<\/td>\n<td width=\"300\">Metalen poot &#8211; LUXE<\/td>\n<\/tr>\n<\/tbody>\n<\/table>","protected":false},"featured_media":5768,"template":"","meta":{"_seopress_robots_primary_cat":"none","_seopress_titles_title":"Teak Besi T180-300 Old | houten design eettafel met luxe poot","_seopress_titles_desc":"Houten design eettafel met luxe poot. Teakhouten tafel met dik blad & luxe onderstel: o.a. matrix poot of spinpoot. Tafels - TEAK2.","_seopress_robots_index":""},"product_brand":[],"product_cat":[54,55],"product_tag":[52,50,78,44],"class_list":{"0":"post-9062","1":"product","2":"type-product","3":"status-publish","4":"has-post-thumbnail","6":"product_cat-tafels","7":"product_cat-teak-eettafel","8":"product_tag-design-meubelen","9":"product_tag-geborsteld-oud-teak","10":"product_tag-metaal","11":"product_tag-moderne-meubels","13":"first","14":"instock","15":"taxable","16":"shipping-taxable","17":"purchasable","18":"product-type-variable"},"_links":{"self":[{"href":"https:\/\/teak2.be\/fr\/wp-json\/wp\/v2\/product\/9062","targetHints":{"allow":["GET"]}}],"collection":[{"href":"https:\/\/teak2.be\/fr\/wp-json\/wp\/v2\/product"}],"about":[{"href":"https:\/\/teak2.be\/fr\/wp-json\/wp\/v2\/types\/product"}],"version-history":[{"count":2,"href":"https:\/\/teak2.be\/fr\/wp-json\/wp\/v2\/product\/9062\/revisions"}],"predecessor-version":[{"id":513799,"href":"https:\/\/teak2.be\/fr\/wp-json\/wp\/v2\/product\/9062\/revisions\/513799"}],"wp:featuredmedia":[{"embeddable":true,"href":"https:\/\/teak2.be\/fr\/wp-json\/wp\/v2\/media\/5768"}],"wp:attachment":[{"href":"https:\/\/teak2.be\/fr\/wp-json\/wp\/v2\/media?parent=9062"}],"wp:term":[{"taxonomy":"product_brand","embeddable":true,"href":"https:\/\/teak2.be\/fr\/wp-json\/wp\/v2\/product_brand?post=9062"},{"taxonomy":"product_cat","embeddable":true,"href":"https:\/\/teak2.be\/fr\/wp-json\/wp\/v2\/product_cat?post=9062"},{"taxonomy":"product_tag","embeddable":true,"href":"https:\/\/teak2.be\/fr\/wp-json\/wp\/v2\/product_tag?post=9062"}],"curies":[{"name":"wp","href":"https:\/\/api.w.org\/{rel}","templated":true}]}}