{"id":9106,"date":"2024-10-18T12:25:39","date_gmt":"2024-10-18T12:25:39","guid":{"rendered":"http:\/\/teak2.local\/?post_type=product&#038;p=9106"},"modified":"2024-10-25T15:30:26","modified_gmt":"2024-10-25T13:30:26","slug":"teak-lugas-toxxxl-old","status":"publish","type":"product","link":"https:\/\/teak2.be\/fr\/product\/teak-lugas-toxxxl-old\/","title":{"rendered":"Teak Lugas TO240-300L Old"},"content":{"rendered":"<p>Table ovale en teck vieilli de style rustique. La Teak Lugas TO240-300L Old est une table \u00e0 manger en teck au look rustique exclusif. Cette table de salle \u00e0 manger ovale est dot\u00e9e d'un plateau en vieux teck (3cm) et ne poss\u00e8de pas de traverse. Cette table de salle \u00e0 manger en teck se caract\u00e9rise par sa forme ovale avec un pied (5cm) et des \u00e9l\u00e9ments rustiques. Le pi\u00e8tement de cette table en teck est un pied en teck.<\/p>\n<p>De serie Teak Lugas wordt ambachtelijk gemaakt in Indonesi\u00eb en is leverbaar in verschillende maten en\/of uitvoeringen. Deze teak tafel is uitgevoerd in oud teak. Oud teak is zwaarder en dichter van structuur mede doordat het jarenlang verschillende omstandigheden heeft ervaren. Het oude gerecycled teakhout is qua kleur donker van tint, heeft een geleefd, exclusief karakter en een prachtige structuur. TEAK2 maakt enkel gebruik van de beste kwaliteit teak afkomstig uit Java! Degelijke, massieve en zware opbouw.<\/p>\n<p>Deze\u00a0ovale teakhouten tafel\u00a0heeft een\u00a0landelijke\u00a0uitstraling en past daardoor mooi in een pastoriestijl of\u00a0landelijke\u00a0inrichting. Naast een landelijk interieur ook mooi bij een\u00a0huiselijke\u00a0of moderne stijl. De teak tafel kan o.a. dienen als\u00a0luxe\u00a0teakhouten eettafel, keukentafel of\u00a0ovale eetkamertafel\u00a0in zowel\u00a0de keuken als eetkamer of woonkamer.<\/p>","protected":false},"excerpt":{"rendered":"<table>\n<tbody>\n<tr>\n<td width=\"110\"><\/td>\n<td width=\"300\"><\/td>\n<\/tr>\n<tr>\n<td width=\"110\">Mat\u00e9riel:<\/td>\n<td width=\"300\">Teck<\/td>\n<\/tr>\n<tr>\n<td width=\"110\">Couleur:<\/td>\n<td width=\"300\">Bruin\u00a0(Donker)<\/td>\n<\/tr>\n<tr>\n<td width=\"110\">Finition:<\/td>\n<td width=\"300\">Vieux teck<\/td>\n<\/tr>\n<tr>\n<td width=\"110\">B\u00e2ti:<\/td>\n<td width=\"300\">Pied en teck<\/td>\n<\/tr>\n<\/tbody>\n<\/table>","protected":false},"featured_media":5820,"template":"","meta":{"_seopress_robots_primary_cat":"none","_seopress_titles_title":"Teak Lugas TO240-300L Old | landelijke ovale teakhouten tafel","_seopress_titles_desc":"Landelijke ovale teakhouten tafel in prachtig oud teak uit Indonesi\u00eb. Houten tafels ovaal of rond bij meubelwinkel TEAK2.","_seopress_robots_index":""},"product_brand":[],"product_cat":[54,55],"product_tag":[43,51],"class_list":{"0":"post-9106","1":"product","2":"type-product","3":"status-publish","4":"has-post-thumbnail","6":"product_cat-tafels","7":"product_cat-teak-eettafel","8":"product_tag-landelijke-meubels","9":"product_tag-oud-teak","11":"first","12":"instock","13":"taxable","14":"shipping-taxable","15":"purchasable","16":"product-type-variable"},"_links":{"self":[{"href":"https:\/\/teak2.be\/fr\/wp-json\/wp\/v2\/product\/9106","targetHints":{"allow":["GET"]}}],"collection":[{"href":"https:\/\/teak2.be\/fr\/wp-json\/wp\/v2\/product"}],"about":[{"href":"https:\/\/teak2.be\/fr\/wp-json\/wp\/v2\/types\/product"}],"version-history":[{"count":0,"href":"https:\/\/teak2.be\/fr\/wp-json\/wp\/v2\/product\/9106\/revisions"}],"wp:featuredmedia":[{"embeddable":true,"href":"https:\/\/teak2.be\/fr\/wp-json\/wp\/v2\/media\/5820"}],"wp:attachment":[{"href":"https:\/\/teak2.be\/fr\/wp-json\/wp\/v2\/media?parent=9106"}],"wp:term":[{"taxonomy":"product_brand","embeddable":true,"href":"https:\/\/teak2.be\/fr\/wp-json\/wp\/v2\/product_brand?post=9106"},{"taxonomy":"product_cat","embeddable":true,"href":"https:\/\/teak2.be\/fr\/wp-json\/wp\/v2\/product_cat?post=9106"},{"taxonomy":"product_tag","embeddable":true,"href":"https:\/\/teak2.be\/fr\/wp-json\/wp\/v2\/product_tag?post=9106"}],"curies":[{"name":"wp","href":"https:\/\/api.w.org\/{rel}","templated":true}]}}