{"id":9372,"date":"2024-10-18T12:25:56","date_gmt":"2024-10-18T12:25:56","guid":{"rendered":"http:\/\/teak2.local\/?post_type=product&#038;p=9372"},"modified":"2024-10-23T11:41:55","modified_gmt":"2024-10-23T09:41:55","slug":"asli-dxxxl-sw-teak","status":"publish","type":"product","link":"https:\/\/teak2.be\/fr\/product\/asli-dxxxl-sw-teak\/","title":{"rendered":"Asli D100-200L SW Teak"},"content":{"rendered":"<p>Buffet blanc rustique avec portes battantes et tiroirs en teck. L'Asli D100-200L SW Teak est un buffet blanc au look rustique. Ce buffet rustique est dot\u00e9 de portes battantes et se caract\u00e9rise par la combinaison rustique du blanc et du teck, ainsi que par des \u00e9l\u00e9ments de style traditionnel. Les tiroirs du buffet peuvent \u00eatre facilement ouverts et ferm\u00e9s gr\u00e2ce \u00e0 des poign\u00e9es rondes en m\u00e9tal. Le meuble bas repose sur un pi\u00e8tement \u00e0 pieds d\u00e9coup\u00e9s. Ce meuble se compose d'une partie.<\/p>\n<p>De serie Asli wordt ambachtelijk gemaakt in Indonesi\u00eb en is leverbaar in verschillende maten en\/of uitvoeringen. Dit wit dressoir is de gespoten LUXE-uitvoering in de kleur spierwit (RAL 9016) en heeft bruine teakhouten accenten. De prachtige combinatie van wit + teak geven het dressoir een net wat warmere, exclusievere uitstraling. De luxe-uitvoering heeft een hogere afwerking en is uitgevoerd met ladegeleiders.<\/p>\n<p>Dit landelijk wit dressoir met teak heeft een\u00a0warme\u00a0uitstraling en past daardoor mooi in een pastoriestijl of\u00a0landelijke\u00a0inrichting. Naast een landelijk interieur ook mooi bij een\u00a0huiselijke\u00a0of moderne stijl. Dit witte dressoir kan o.a. dienen als\u00a0landelijk\u00a0white wash\u00a0dressoir in de inkomhal, slaapkamer en zowel\u00a0de eetkamer als woonkamer of living.<\/p>","protected":false},"excerpt":{"rendered":"<table>\n<tbody>\n<tr>\n<td width=\"110\"><\/td>\n<td width=\"300\"><\/td>\n<\/tr>\n<tr>\n<td width=\"110\">Mat\u00e9riel:<\/td>\n<td width=\"300\">Mindi + Teck<\/td>\n<\/tr>\n<tr>\n<td width=\"110\">Couleur:<\/td>\n<td width=\"300\">Blanc signalisation (RAL 9016) + Brun<\/td>\n<\/tr>\n<tr>\n<td width=\"110\">Finition:<\/td>\n<td width=\"300\">Gespoten\u00a0&#8211; LUXE<\/td>\n<\/tr>\n<\/tbody>\n<\/table>","protected":false},"featured_media":6567,"template":"","meta":{"_seopress_robots_primary_cat":"none","_seopress_titles_title":"Asli D100-200L SW Teak | landelijk wit dressoir met teak - TEAK2","_seopress_titles_desc":"Landelijk wit dressoir met teak, draaideuren en lades. Wit dressoir met landelijke uitstraling & traditionele kenmerken - TEAK2.","_seopress_robots_index":""},"product_brand":[],"product_cat":[64,66],"product_tag":[43,61],"class_list":{"0":"post-9372","1":"product","2":"type-product","3":"status-publish","4":"has-post-thumbnail","6":"product_cat-dressoirs","7":"product_cat-wit-dressoir","8":"product_tag-landelijke-meubels","9":"product_tag-spierwit-ral-9016-teak","11":"first","12":"onbackorder","13":"taxable","14":"shipping-taxable","15":"purchasable","16":"product-type-variable"},"_links":{"self":[{"href":"https:\/\/teak2.be\/fr\/wp-json\/wp\/v2\/product\/9372","targetHints":{"allow":["GET"]}}],"collection":[{"href":"https:\/\/teak2.be\/fr\/wp-json\/wp\/v2\/product"}],"about":[{"href":"https:\/\/teak2.be\/fr\/wp-json\/wp\/v2\/types\/product"}],"version-history":[{"count":0,"href":"https:\/\/teak2.be\/fr\/wp-json\/wp\/v2\/product\/9372\/revisions"}],"wp:featuredmedia":[{"embeddable":true,"href":"https:\/\/teak2.be\/fr\/wp-json\/wp\/v2\/media\/6567"}],"wp:attachment":[{"href":"https:\/\/teak2.be\/fr\/wp-json\/wp\/v2\/media?parent=9372"}],"wp:term":[{"taxonomy":"product_brand","embeddable":true,"href":"https:\/\/teak2.be\/fr\/wp-json\/wp\/v2\/product_brand?post=9372"},{"taxonomy":"product_cat","embeddable":true,"href":"https:\/\/teak2.be\/fr\/wp-json\/wp\/v2\/product_cat?post=9372"},{"taxonomy":"product_tag","embeddable":true,"href":"https:\/\/teak2.be\/fr\/wp-json\/wp\/v2\/product_tag?post=9372"}],"curies":[{"name":"wp","href":"https:\/\/api.w.org\/{rel}","templated":true}]}}