{"id":9505,"date":"2024-10-18T12:26:03","date_gmt":"2024-10-18T12:26:03","guid":{"rendered":"http:\/\/teak2.local\/?post_type=product&#038;p=9505"},"modified":"2024-10-24T16:47:27","modified_gmt":"2024-10-24T14:47:27","slug":"teak-baru-tvxxx","status":"publish","type":"product","link":"https:\/\/teak2.be\/fr\/product\/teak-baru-tvxxx\/","title":{"rendered":"Teak Baru TV160-200"},"content":{"rendered":"<p>Meuble TV design en teck avec tiroirs et compartiment central ouvert en teck massif, lisse et non trait\u00e9. Le Teak Baru TV160-200 est un meuble TV en teck au look \u00e9pur\u00e9 et moderne. Ce meuble TV design est dot\u00e9 de tiroirs et d'un compartiment central ouvert. Il se caract\u00e9rise par sa construction \u00e9l\u00e9gante et moderne et son style minimaliste. Les tiroirs du meuble TV s'ouvrent et se ferment facilement gr\u00e2ce \u00e0 des poign\u00e9es encastr\u00e9es modernes. Le meuble bas repose sur un pied \u00e9l\u00e9gant. Ce meuble est compos\u00e9 d'une seule pi\u00e8ce.<\/p>\n<p>De serie Teak Baru wordt ambachtelijk gemaakt in Indonesi\u00eb en is leverbaar in verschillende maten en\/of uitvoeringen. Dit teak tv meubel is uitgevoerd in onbehandeld teak. Onbehandeld teak is bruin (blank) van kleur en wordt egaal glad geschuurd. Het teak kan verschillende kleurtinten hebben afhankelijk van natuurlijke omstandigheden. Dit teakhout is tevens ook gerecycled teak en heeft een zware, dichte structuur. TEAK2 maakt enkel gebruik van de beste kwaliteit teak afkomstig uit Java! Degelijke, massieve en zware opbouw. De gladde structuur geeft het meubel een strakke, moderne uitstraling.<\/p>\n<p>Dit design Tv-meubel teak\u00a0heeft een\u00a0moderne\u00a0uitstraling en past daardoor mooi in een industri\u00eble of moderne\u00a0inrichting. Naast een modern interieur ook mooi bij een\u00a0eigentijdse\u00a0of landelijke stijl. Dit teak Tv-meubel kan o.a. dienen als\u00a0design\u00a0teakhouten Tv-meubel of design Tv-dressoir in de woonkamer of living.<\/p>","protected":false},"excerpt":{"rendered":"<table>\n<tbody>\n<tr>\n<td width=\"110\"><\/td>\n<td width=\"300\"><\/td>\n<\/tr>\n<tr>\n<td width=\"110\">Mat\u00e9riel:<\/td>\n<td width=\"300\">Teck<\/td>\n<\/tr>\n<tr>\n<td width=\"110\">Couleur:<\/td>\n<td width=\"300\">Brun (Fonc\u00e9)<\/td>\n<\/tr>\n<tr>\n<td width=\"110\">Finition:<\/td>\n<td width=\"300\">Teck non trait\u00e9<\/td>\n<\/tr>\n<\/tbody>\n<\/table>","protected":false},"featured_media":6898,"template":"","meta":{"_seopress_robots_primary_cat":"none","_seopress_titles_title":"Teak Baru TV160-200 | design Tv-meubel teak met lades - TEAK2","_seopress_titles_desc":"Design Tv-meubel teak met lades. Minimalistisch, strak teakhouten Tv meubel, kwaliteit & vakmanschap uit Indonesi\u00eb - TEAK2.","_seopress_robots_index":""},"product_brand":[],"product_cat":[77,68],"product_tag":[52,44,53],"class_list":{"0":"post-9505","1":"product","2":"type-product","3":"status-publish","4":"has-post-thumbnail","6":"product_cat-teak-tv-meubel","7":"product_cat-tv-meubels","8":"product_tag-design-meubelen","9":"product_tag-moderne-meubels","10":"product_tag-onbehandeld-teak","12":"first","13":"onbackorder","14":"taxable","15":"shipping-taxable","16":"purchasable","17":"product-type-variable"},"_links":{"self":[{"href":"https:\/\/teak2.be\/fr\/wp-json\/wp\/v2\/product\/9505","targetHints":{"allow":["GET"]}}],"collection":[{"href":"https:\/\/teak2.be\/fr\/wp-json\/wp\/v2\/product"}],"about":[{"href":"https:\/\/teak2.be\/fr\/wp-json\/wp\/v2\/types\/product"}],"version-history":[{"count":0,"href":"https:\/\/teak2.be\/fr\/wp-json\/wp\/v2\/product\/9505\/revisions"}],"wp:featuredmedia":[{"embeddable":true,"href":"https:\/\/teak2.be\/fr\/wp-json\/wp\/v2\/media\/6898"}],"wp:attachment":[{"href":"https:\/\/teak2.be\/fr\/wp-json\/wp\/v2\/media?parent=9505"}],"wp:term":[{"taxonomy":"product_brand","embeddable":true,"href":"https:\/\/teak2.be\/fr\/wp-json\/wp\/v2\/product_brand?post=9505"},{"taxonomy":"product_cat","embeddable":true,"href":"https:\/\/teak2.be\/fr\/wp-json\/wp\/v2\/product_cat?post=9505"},{"taxonomy":"product_tag","embeddable":true,"href":"https:\/\/teak2.be\/fr\/wp-json\/wp\/v2\/product_tag?post=9505"}],"curies":[{"name":"wp","href":"https:\/\/api.w.org\/{rel}","templated":true}]}}