{"id":9558,"date":"2024-10-18T12:26:07","date_gmt":"2024-10-18T12:26:07","guid":{"rendered":"http:\/\/teak2.local\/?post_type=product&#038;p=9558"},"modified":"2024-10-24T16:59:46","modified_gmt":"2024-10-24T14:59:46","slug":"teak-baru-tvxxxhl-old","status":"publish","type":"product","link":"https:\/\/teak2.be\/fr\/product\/teak-baru-tvxxxhl-old\/","title":{"rendered":"Teak Baru TV160-300HL Old"},"content":{"rendered":"<p>Meuble TV moderne en teck avec tiroirs, meuble TV design en vieux teck massif. Le Teak Baru TV160-300HL Old est un meuble TV en teck au look \u00e9pur\u00e9 et moderne. Ce meuble TV moderne en bois est dot\u00e9 de tiroirs et se caract\u00e9rise par sa construction minimaliste et ses nombreux tiroirs. Les tiroirs du meuble TV peuvent \u00eatre facilement ouverts et ferm\u00e9s gr\u00e2ce \u00e0 des poign\u00e9es encastr\u00e9es modernes. Le meuble bas repose sur un pied \u00e9l\u00e9gant. Ce meuble est compos\u00e9 d'une seule partie.<\/p>\n<p>De serie Teak Baru wordt ambachtelijk gemaakt in Indonesi\u00eb en is leverbaar in verschillende maten en\/of uitvoeringen. Dit teak tv meubel is uitgevoerd in oud teak. Oud teak is zwaarder en dichter van structuur mede doordat het jarenlang verschillende omstandigheden heeft ervaren. Het oude gerecycled teakhout is qua kleur donker van tint, heeft een geleefd, exclusief karakter en een prachtige structuur. TEAK2 maakt enkel gebruik van de beste kwaliteit teak afkomstig uit Java! Degelijke, massieve en zware opbouw.<\/p>\n<p>Dit modern teakhouten Tv meubel heeft een\u00a0exclusieve uitstraling en past daardoor mooi in een industri\u00eble of moderne\u00a0inrichting. Naast een modern interieur ook mooi bij een\u00a0eigentijdse\u00a0of landelijke stijl. Dit teak Tv-meubel kan o.a. dienen als\u00a0modern\u00a0teakhouten Tv-meubel of modern houten Tv-meubel modern in de woonkamer of living.<\/p>","protected":false},"excerpt":{"rendered":"<table>\n<tbody>\n<tr>\n<td width=\"110\"><\/td>\n<td width=\"300\"><\/td>\n<\/tr>\n<tr>\n<td width=\"110\">Mat\u00e9riel:<\/td>\n<td width=\"300\">Teck<\/td>\n<\/tr>\n<tr>\n<td width=\"110\">Couleur:<\/td>\n<td width=\"300\">Brun (Fonc\u00e9)<\/td>\n<\/tr>\n<tr>\n<td width=\"110\">Finition:<\/td>\n<td width=\"300\">Vieux teck<\/td>\n<\/tr>\n<\/tbody>\n<\/table>","protected":false},"featured_media":6947,"template":"","meta":{"_seopress_robots_primary_cat":"none","_seopress_titles_title":"Teak Baru TV160-300HL Old | teak Tv meubel modern met lades","_seopress_titles_desc":"Modern teakhouten Tv meubel met lades in massief oud teakhout. Moderne houten Tv-meubels, modern of design interieur - TEAK2.","_seopress_robots_index":""},"product_brand":[],"product_cat":[77,68],"product_tag":[52,44,51],"class_list":{"0":"post-9558","1":"product","2":"type-product","3":"status-publish","4":"has-post-thumbnail","6":"product_cat-teak-tv-meubel","7":"product_cat-tv-meubels","8":"product_tag-design-meubelen","9":"product_tag-moderne-meubels","10":"product_tag-oud-teak","12":"first","13":"instock","14":"taxable","15":"shipping-taxable","16":"purchasable","17":"product-type-variable"},"_links":{"self":[{"href":"https:\/\/teak2.be\/fr\/wp-json\/wp\/v2\/product\/9558","targetHints":{"allow":["GET"]}}],"collection":[{"href":"https:\/\/teak2.be\/fr\/wp-json\/wp\/v2\/product"}],"about":[{"href":"https:\/\/teak2.be\/fr\/wp-json\/wp\/v2\/types\/product"}],"version-history":[{"count":0,"href":"https:\/\/teak2.be\/fr\/wp-json\/wp\/v2\/product\/9558\/revisions"}],"wp:featuredmedia":[{"embeddable":true,"href":"https:\/\/teak2.be\/fr\/wp-json\/wp\/v2\/media\/6947"}],"wp:attachment":[{"href":"https:\/\/teak2.be\/fr\/wp-json\/wp\/v2\/media?parent=9558"}],"wp:term":[{"taxonomy":"product_brand","embeddable":true,"href":"https:\/\/teak2.be\/fr\/wp-json\/wp\/v2\/product_brand?post=9558"},{"taxonomy":"product_cat","embeddable":true,"href":"https:\/\/teak2.be\/fr\/wp-json\/wp\/v2\/product_cat?post=9558"},{"taxonomy":"product_tag","embeddable":true,"href":"https:\/\/teak2.be\/fr\/wp-json\/wp\/v2\/product_tag?post=9558"}],"curies":[{"name":"wp","href":"https:\/\/api.w.org\/{rel}","templated":true}]}}