{"id":9570,"date":"2024-10-18T12:26:08","date_gmt":"2024-10-18T12:26:08","guid":{"rendered":"http:\/\/teak2.local\/?post_type=product&#038;p=9570"},"modified":"2025-03-19T16:20:33","modified_gmt":"2025-03-19T15:20:33","slug":"teak-besar-tv135sl-old","status":"publish","type":"product","link":"https:\/\/teak2.be\/fr\/product\/teak-besar-tv135sl-old\/","title":{"rendered":"Teak Besar TV135SL Old"},"content":{"rendered":"<p>Meuble TV rustique en teck massif ancien avec portes coulissantes et tiroirs. Le Teak Besar TV135SL Old est un meuble TV en teck au look rustique authentique. Ce meuble TV en teck est dot\u00e9 de portes coulissantes et se caract\u00e9rise par ses tiroirs authentiques avec portes coulissantes et ses \u00e9l\u00e9ments de style rustique. Les tiroirs du meuble TV peuvent \u00eatre facilement ouverts et ferm\u00e9s gr\u00e2ce \u00e0 des poign\u00e9es rondes en m\u00e9tal. Le meuble bas repose sur un pi\u00e8tement avec des pieds sculpt\u00e9s. Ce meuble est compos\u00e9 d'une seule partie.<\/p>\n<p>De serie Teak Besar wordt ambachtelijk gemaakt in Indonesi\u00eb en is leverbaar in verschillende maten en\/of uitvoeringen. Dit teak tv meubel is uitgevoerd in oud teak. Oud teak is zwaarder en dichter van structuur mede doordat het jarenlang verschillende omstandigheden heeft ervaren. Het oude gerecycled teakhout is qua kleur donker van tint, heeft een geleefd, exclusief karakter en een prachtige structuur. TEAK2 maakt enkel gebruik van de beste kwaliteit teak afkomstig uit Java! Degelijke, massieve en zware opbouw.<\/p>\n<p>Dit\u00a0landelijk teakhouten Tv-meubel heeft een\u00a0authentieke\u00a0uitstraling en past daardoor mooi in een pastoriestijl of\u00a0landelijke\u00a0inrichting. Naast een landelijk interieur ook mooi bij een\u00a0huiselijke\u00a0of moderne stijl. De teak Tv-meubel kan o.a. dienen als\u00a0landelijk\u00a0teakhouten Tv-meubel of landelijke Tv-kast in de woonkamer of living.<\/p>","protected":false},"excerpt":{"rendered":"<table>\n<tbody>\n<tr>\n<td width=\"110\"><\/td>\n<td width=\"300\"><\/td>\n<\/tr>\n<tr>\n<td width=\"110\">Mat\u00e9riel:<\/td>\n<td width=\"300\">Teck<\/td>\n<\/tr>\n<tr>\n<td width=\"110\">Couleur:<\/td>\n<td width=\"300\">Bruin\u00a0(Donker)<\/td>\n<\/tr>\n<tr>\n<td width=\"110\">Finition:<\/td>\n<td width=\"300\">Vieux teck<\/td>\n<\/tr>\n<\/tbody>\n<\/table>","protected":false},"featured_media":7002,"template":"","meta":{"_seopress_robots_primary_cat":"none","_seopress_titles_title":"Teak Besar TV135SL Old | landelijk teakhouten Tv-meubel - TEAK2","_seopress_titles_desc":"Landelijk teakhouten Tv-meubel met schuifdeuren en lades in massief oud teakhout. Landelijke Tv-meubels en Tv-dressoirs bij TEAK2.","_seopress_robots_index":""},"product_brand":[],"product_cat":[77,68],"product_tag":[43,51],"class_list":{"0":"post-9570","1":"product","2":"type-product","3":"status-publish","4":"has-post-thumbnail","6":"product_cat-teak-tv-meubel","7":"product_cat-tv-meubels","8":"product_tag-landelijke-meubels","9":"product_tag-oud-teak","11":"first","12":"instock","13":"taxable","14":"shipping-taxable","15":"purchasable","16":"product-type-variable"},"_links":{"self":[{"href":"https:\/\/teak2.be\/fr\/wp-json\/wp\/v2\/product\/9570","targetHints":{"allow":["GET"]}}],"collection":[{"href":"https:\/\/teak2.be\/fr\/wp-json\/wp\/v2\/product"}],"about":[{"href":"https:\/\/teak2.be\/fr\/wp-json\/wp\/v2\/types\/product"}],"version-history":[{"count":0,"href":"https:\/\/teak2.be\/fr\/wp-json\/wp\/v2\/product\/9570\/revisions"}],"wp:featuredmedia":[{"embeddable":true,"href":"https:\/\/teak2.be\/fr\/wp-json\/wp\/v2\/media\/7002"}],"wp:attachment":[{"href":"https:\/\/teak2.be\/fr\/wp-json\/wp\/v2\/media?parent=9570"}],"wp:term":[{"taxonomy":"product_brand","embeddable":true,"href":"https:\/\/teak2.be\/fr\/wp-json\/wp\/v2\/product_brand?post=9570"},{"taxonomy":"product_cat","embeddable":true,"href":"https:\/\/teak2.be\/fr\/wp-json\/wp\/v2\/product_cat?post=9570"},{"taxonomy":"product_tag","embeddable":true,"href":"https:\/\/teak2.be\/fr\/wp-json\/wp\/v2\/product_tag?post=9570"}],"curies":[{"name":"wp","href":"https:\/\/api.w.org\/{rel}","templated":true}]}}