{"id":9610,"date":"2024-10-18T12:26:10","date_gmt":"2024-10-18T12:26:10","guid":{"rendered":"http:\/\/teak2.local\/?post_type=product&#038;p=9610"},"modified":"2024-10-24T22:33:30","modified_gmt":"2024-10-24T20:33:30","slug":"teak-keluar-tvxxx","status":"publish","type":"product","link":"https:\/\/teak2.be\/fr\/product\/teak-keluar-tvxxx\/","title":{"rendered":"Teak Keluar TV145-165"},"content":{"rendered":"<p>Meuble TV en teck de style rustique avec portes pivotantes et tiroir au milieu. Le Teak Keluar TV145-165 est un meuble TV en teck au look rustique. Ce meuble TV rustique se caract\u00e9rise par ses portes tournantes et son compartiment central ouvert avec tiroir. Le tiroir du meuble TV s'ouvre et se ferme facilement gr\u00e2ce aux poign\u00e9es encastr\u00e9es modernes. Le meuble bas repose sur un pied \u00e9l\u00e9gant. Ce meuble est compos\u00e9 d'une seule partie.<\/p>\n<p>De serie Teak Keluar wordt ambachtelijk gemaakt in Indonesi\u00eb en is leverbaar in verschillende maten en\/of uitvoeringen. Dit teak tv meubel is uitgevoerd in onbehandeld teak. Onbehandeld teak is bruin (blank) van kleur en wordt egaal glad geschuurd. Het teak kan verschillende kleurtinten hebben afhankelijk van natuurlijke omstandigheden. Dit teakhout is tevens ook gerecycled teak en heeft een zware, dichte structuur. TEAK2 maakt enkel gebruik van de beste kwaliteit teak afkomstig uit Java! Degelijke, massieve en zware opbouw. De gladde structuur geeft het meubel een strakke, moderne uitstraling.<\/p>\n<p>Deze\u00a0landelijke\u00a0Tv kast teak heeft een\u00a0huiselijke\u00a0uitstraling en past daardoor mooi in een pastoriestijl of\u00a0landelijke\u00a0inrichting. Naast een landelijk interieur ook mooi bij een\u00a0huiselijke\u00a0of moderne stijl. De teak Tv-meubel kan o.a. dienen als\u00a0landelijk\u00a0teakhouten Tv-meubel of teak Tv-dressoir in de woonkamer of living.<\/p>","protected":false},"excerpt":{"rendered":"<table>\n<tbody>\n<tr>\n<td width=\"110\"><\/td>\n<td width=\"300\"><\/td>\n<\/tr>\n<tr>\n<td width=\"110\">Mat\u00e9riel:<\/td>\n<td width=\"300\">Teck<\/td>\n<\/tr>\n<tr>\n<td width=\"110\">Couleur:<\/td>\n<td width=\"300\">Brun (Fonc\u00e9)<\/td>\n<\/tr>\n<tr>\n<td width=\"110\">Finition:<\/td>\n<td width=\"300\">Teck non trait\u00e9<\/td>\n<\/tr>\n<\/tbody>\n<\/table>","protected":false},"featured_media":7059,"template":"","meta":{"_seopress_robots_primary_cat":"none","_seopress_titles_title":"Teak Keluar TV145-165 | landelijke Tv kast teak met lade midden","_seopress_titles_desc":"Landelijke Tv kast teak met lade in het midden en draaideuren. Tv-meubel in onbehandeld glad teakhout, rustieke stijl - TEAK2.","_seopress_robots_index":""},"product_brand":[],"product_cat":[77,68],"product_tag":[43,53],"class_list":{"0":"post-9610","1":"product","2":"type-product","3":"status-publish","4":"has-post-thumbnail","6":"product_cat-teak-tv-meubel","7":"product_cat-tv-meubels","8":"product_tag-landelijke-meubels","9":"product_tag-onbehandeld-teak","11":"first","12":"onbackorder","13":"taxable","14":"shipping-taxable","15":"purchasable","16":"product-type-variable"},"_links":{"self":[{"href":"https:\/\/teak2.be\/fr\/wp-json\/wp\/v2\/product\/9610","targetHints":{"allow":["GET"]}}],"collection":[{"href":"https:\/\/teak2.be\/fr\/wp-json\/wp\/v2\/product"}],"about":[{"href":"https:\/\/teak2.be\/fr\/wp-json\/wp\/v2\/types\/product"}],"version-history":[{"count":0,"href":"https:\/\/teak2.be\/fr\/wp-json\/wp\/v2\/product\/9610\/revisions"}],"wp:featuredmedia":[{"embeddable":true,"href":"https:\/\/teak2.be\/fr\/wp-json\/wp\/v2\/media\/7059"}],"wp:attachment":[{"href":"https:\/\/teak2.be\/fr\/wp-json\/wp\/v2\/media?parent=9610"}],"wp:term":[{"taxonomy":"product_brand","embeddable":true,"href":"https:\/\/teak2.be\/fr\/wp-json\/wp\/v2\/product_brand?post=9610"},{"taxonomy":"product_cat","embeddable":true,"href":"https:\/\/teak2.be\/fr\/wp-json\/wp\/v2\/product_cat?post=9610"},{"taxonomy":"product_tag","embeddable":true,"href":"https:\/\/teak2.be\/fr\/wp-json\/wp\/v2\/product_tag?post=9610"}],"curies":[{"name":"wp","href":"https:\/\/api.w.org\/{rel}","templated":true}]}}