{"id":9616,"date":"2024-10-18T12:26:10","date_gmt":"2024-10-18T12:26:10","guid":{"rendered":"http:\/\/teak2.local\/?post_type=product&#038;p=9616"},"modified":"2024-10-24T22:35:11","modified_gmt":"2024-10-24T20:35:11","slug":"teak-keluar-tvxxxl-old","status":"publish","type":"product","link":"https:\/\/teak2.be\/fr\/product\/teak-keluar-tvxxxl-old\/","title":{"rendered":"Teak Keluar TV145-165L Old"},"content":{"rendered":"<p>Meuble TV rustique en teck avec portes tournantes et tiroir au milieu. Le Teak Keluar TV145-165L Old est un meuble TV en teck au look rustique. Ce meuble TV ancien en teck est dot\u00e9 de portes pivotantes et se caract\u00e9rise par son design rustique et son compartiment central ouvert avec tiroir. Le tiroir du meuble TV s'ouvre et se ferme facilement gr\u00e2ce aux poign\u00e9es encastr\u00e9es modernes. Le meuble bas repose sur un pied \u00e9l\u00e9gant. Ce meuble est compos\u00e9 d'une seule partie.<\/p>\n<p>De serie Teak Keluar wordt ambachtelijk gemaakt in Indonesi\u00eb en is leverbaar in verschillende maten en\/of uitvoeringen. Dit teak tv meubel is uitgevoerd in oud teak. Oud teak is zwaarder en dichter van structuur mede doordat het jarenlang verschillende omstandigheden heeft ervaren. Het oude gerecycled teakhout is qua kleur donker van tint, heeft een geleefd, exclusief karakter en een prachtige structuur. TEAK2 maakt enkel gebruik van de beste kwaliteit teak afkomstig uit Java! Degelijke, massieve en zware opbouw.<\/p>\n<p>Deze\u00a0landelijke teak Tv-kast heeft een\u00a0huiselijke\u00a0uitstraling en past daardoor mooi in een pastoriestijl of\u00a0landelijke\u00a0inrichting. Naast een landelijk interieur ook mooi bij een\u00a0huiselijke\u00a0of moderne stijl. De teak Tv-meubel kan o.a. dienen als\u00a0landelijk\u00a0teakhouten Tv-meubel of teak Tv-kast in de woonkamer of living.<\/p>","protected":false},"excerpt":{"rendered":"<table>\n<tbody>\n<tr>\n<td width=\"110\"><\/td>\n<td width=\"300\"><\/td>\n<\/tr>\n<tr>\n<td width=\"110\">Mat\u00e9riel:<\/td>\n<td width=\"300\">Teck<\/td>\n<\/tr>\n<tr>\n<td width=\"110\">Couleur:<\/td>\n<td width=\"300\">Brun (Fonc\u00e9)<\/td>\n<\/tr>\n<tr>\n<td width=\"110\">Finition:<\/td>\n<td width=\"300\">Vieux teck<\/td>\n<\/tr>\n<\/tbody>\n<\/table>","protected":false},"featured_media":7062,"template":"","meta":{"_seopress_robots_primary_cat":"none","_seopress_titles_title":"Teak Keluar TV145-165L Old | landelijke teak Tv-kast - TEAK2","_seopress_titles_desc":"Landelijke teak Tv-kast in oud teakhout met draaideuren, lade en open middenvak. Houten Tv-meubels bij meubelwinkel TEAK2.","_seopress_robots_index":""},"product_brand":[],"product_cat":[77,68],"product_tag":[43,51],"class_list":{"0":"post-9616","1":"product","2":"type-product","3":"status-publish","4":"has-post-thumbnail","6":"product_cat-teak-tv-meubel","7":"product_cat-tv-meubels","8":"product_tag-landelijke-meubels","9":"product_tag-oud-teak","11":"first","12":"onbackorder","13":"taxable","14":"shipping-taxable","15":"purchasable","16":"product-type-variable"},"_links":{"self":[{"href":"https:\/\/teak2.be\/fr\/wp-json\/wp\/v2\/product\/9616","targetHints":{"allow":["GET"]}}],"collection":[{"href":"https:\/\/teak2.be\/fr\/wp-json\/wp\/v2\/product"}],"about":[{"href":"https:\/\/teak2.be\/fr\/wp-json\/wp\/v2\/types\/product"}],"version-history":[{"count":0,"href":"https:\/\/teak2.be\/fr\/wp-json\/wp\/v2\/product\/9616\/revisions"}],"wp:featuredmedia":[{"embeddable":true,"href":"https:\/\/teak2.be\/fr\/wp-json\/wp\/v2\/media\/7062"}],"wp:attachment":[{"href":"https:\/\/teak2.be\/fr\/wp-json\/wp\/v2\/media?parent=9616"}],"wp:term":[{"taxonomy":"product_brand","embeddable":true,"href":"https:\/\/teak2.be\/fr\/wp-json\/wp\/v2\/product_brand?post=9616"},{"taxonomy":"product_cat","embeddable":true,"href":"https:\/\/teak2.be\/fr\/wp-json\/wp\/v2\/product_cat?post=9616"},{"taxonomy":"product_tag","embeddable":true,"href":"https:\/\/teak2.be\/fr\/wp-json\/wp\/v2\/product_tag?post=9616"}],"curies":[{"name":"wp","href":"https:\/\/api.w.org\/{rel}","templated":true}]}}