{"id":9649,"date":"2024-10-18T12:26:12","date_gmt":"2024-10-18T12:26:12","guid":{"rendered":"http:\/\/teak2.local\/?post_type=product&#038;p=9649"},"modified":"2024-12-21T16:09:21","modified_gmt":"2024-12-21T15:09:21","slug":"teak-tanah-tvxxxl-old","status":"publish","type":"product","link":"https:\/\/teak2.be\/fr\/product\/teak-tanah-tvxxxl-old\/","title":{"rendered":"Teak Tanah TV145-165L Old"},"content":{"rendered":"<p>Meuble TV en teck massif vieilli, de style rustique, avec portes battantes et compartiment ouvert. Le Teak Tanah TV145-165L Old est un meuble TV en teck au look rustique. Ce meuble TV en teck massif est \u00e9quip\u00e9 de portes battantes et se caract\u00e9rise par son aspect rustique. Le meuble de base repose sur une plinthe plate. Ce meuble se compose d'une partie.<\/p>\n<p>De serie Teak Tanah wordt ambachtelijk gemaakt in Indonesi\u00eb en is leverbaar in verschillende maten en\/of uitvoeringen. Dit massief houten Tv-meubel is uitgevoerd in oud teak. Oud teak is zwaarder en dichter van structuur mede doordat het jarenlang verschillende omstandigheden heeft ervaren. Het oude gerecycled teakhout is qua kleur donker van tint, heeft een geleefd, exclusief karakter en een prachtige structuur. TEAK2 maakt enkel gebruik van de beste kwaliteit teak afkomstig uit Java! Degelijke, massieve en zware opbouw.<\/p>\n<p>Dit\u00a0teakhouten\u00a0Tv meubel landelijke stijl heeft een\u00a0authentieke\u00a0uitstraling en past daardoor mooi in een pastoriestijl of\u00a0landelijke\u00a0inrichting. Naast een landelijk interieur ook mooi bij een\u00a0eigentijdse\u00a0of moderne stijl. De teak Tv-meubel kan o.a. dienen als\u00a0landelijk\u00a0teakhouten Tv-meubel of massief Tv-meubel in de woonkamer of living.<\/p>","protected":false},"excerpt":{"rendered":"<table>\n<tbody>\n<tr>\n<td width=\"110\"><\/td>\n<td width=\"300\"><\/td>\n<\/tr>\n<tr>\n<td width=\"110\">Mat\u00e9riel:<\/td>\n<td width=\"300\">Teck<\/td>\n<\/tr>\n<tr>\n<td width=\"110\">Couleur:<\/td>\n<td width=\"300\">Brun (Fonc\u00e9)<\/td>\n<\/tr>\n<tr>\n<td width=\"110\">Finition:<\/td>\n<td width=\"300\">Vieux teck<\/td>\n<\/tr>\n<\/tbody>\n<\/table>","protected":false},"featured_media":7154,"template":"","meta":{"_seopress_robots_primary_cat":"none","_seopress_titles_title":"Teak Tanah TV145-165L Old | teakhouten Tv meubel landelijke stijl","_seopress_titles_desc":"Teakhouten Tv meubel landelijke stijl in massief oud teakhout. Landelijke teak Tv-meubels en Tv-kasten in massief teak - TEAK2.","_seopress_robots_index":""},"product_brand":[],"product_cat":[77,68],"product_tag":[43,51],"class_list":{"0":"post-9649","1":"product","2":"type-product","3":"status-publish","4":"has-post-thumbnail","6":"product_cat-teak-tv-meubel","7":"product_cat-tv-meubels","8":"product_tag-landelijke-meubels","9":"product_tag-oud-teak","11":"first","12":"onbackorder","13":"taxable","14":"shipping-taxable","15":"purchasable","16":"product-type-variable"},"_links":{"self":[{"href":"https:\/\/teak2.be\/fr\/wp-json\/wp\/v2\/product\/9649","targetHints":{"allow":["GET"]}}],"collection":[{"href":"https:\/\/teak2.be\/fr\/wp-json\/wp\/v2\/product"}],"about":[{"href":"https:\/\/teak2.be\/fr\/wp-json\/wp\/v2\/types\/product"}],"version-history":[{"count":0,"href":"https:\/\/teak2.be\/fr\/wp-json\/wp\/v2\/product\/9649\/revisions"}],"wp:featuredmedia":[{"embeddable":true,"href":"https:\/\/teak2.be\/fr\/wp-json\/wp\/v2\/media\/7154"}],"wp:attachment":[{"href":"https:\/\/teak2.be\/fr\/wp-json\/wp\/v2\/media?parent=9649"}],"wp:term":[{"taxonomy":"product_brand","embeddable":true,"href":"https:\/\/teak2.be\/fr\/wp-json\/wp\/v2\/product_brand?post=9649"},{"taxonomy":"product_cat","embeddable":true,"href":"https:\/\/teak2.be\/fr\/wp-json\/wp\/v2\/product_cat?post=9649"},{"taxonomy":"product_tag","embeddable":true,"href":"https:\/\/teak2.be\/fr\/wp-json\/wp\/v2\/product_tag?post=9649"}],"curies":[{"name":"wp","href":"https:\/\/api.w.org\/{rel}","templated":true}]}}