{"id":9703,"date":"2024-10-18T12:26:16","date_gmt":"2024-10-18T12:26:16","guid":{"rendered":"http:\/\/teak2.local\/?post_type=product&#038;p=9703"},"modified":"2026-04-04T16:50:18","modified_gmt":"2026-04-04T14:50:18","slug":"teak-baru-raya-d220-old","status":"publish","type":"product","link":"https:\/\/teak2.be\/fr\/product\/teak-baru-raya-d220-old\/","title":{"rendered":"Teak Baru Raya D220 Old"},"content":{"rendered":"<p>Buffet exclusif en teck au design minimaliste et en vieux teck massif bross\u00e9. Le Teak Baru Raya D220 Old est un buffet en teck au look moderne et minimaliste. Ce buffet \u00e9l\u00e9gant est dot\u00e9 de tiroirs et se caract\u00e9rise par sa construction solide et moderne avec des tiroirs profonds. Les tiroirs du buffet peuvent \u00eatre facilement ouverts et ferm\u00e9s gr\u00e2ce aux fa\u00e7ades sans poign\u00e9e. Le meuble bas repose sur un pied \u00e9l\u00e9gant. Ce meuble est constitu\u00e9 d'une seule partie.<\/p>\n<p>De serie Teak Baru Raya wordt ambachtelijk gemaakt in Indonesi\u00eb en is leverbaar in verschillende maten en\/of uitvoeringen. Dit teak dressoir is uitgevoerd in geborsteld oud teak. Geborsteld oud teak is zwaarder en dichter van structuur mede doordat het jarenlang verschillende omstandigheden heeft ervaren. Het oude gerecycled teakhout heeft een geborstelde behandeling ondergaan waardoor het teakhout een exclusieve robuuste uitstraling krijgt. Het hout is donkerbruin van kleur. TEAK2 maakt enkel gebruik van de beste kwaliteit teak afkomstig uit Java! Degelijke, massieve en zware opbouw.<\/p>\n<p>Dit exclusief teak dressoir heeft een\u00a0moderne\u00a0uitstraling en past daardoor mooi in een industri\u00eble of moderne\u00a0inrichting. Naast een modern interieur ook mooi bij een\u00a0eigentijdse\u00a0of landelijke stijl. Dit strakke dressoir kan o.a. dienen als\u00a0modern\u00a0teakhouten dressoir in de inkomhal, slaapkamer en zowel\u00a0de eetkamer als woonkamer of living.<\/p>","protected":false},"excerpt":{"rendered":"<table>\n<tbody>\n<tr>\n<td width=\"110\"><\/td>\n<td width=\"300\"><\/td>\n<\/tr>\n<tr>\n<td width=\"110\">Mat\u00e9riel:<\/td>\n<td width=\"300\">Teck<\/td>\n<\/tr>\n<tr>\n<td width=\"110\">Couleur:<\/td>\n<td width=\"300\">Bruin\u00a0(Donker)<\/td>\n<\/tr>\n<tr>\n<td width=\"110\">Finition:<\/td>\n<td width=\"300\">Vieux teck bross\u00e9<\/td>\n<\/tr>\n<\/tbody>\n<\/table>","protected":false},"featured_media":7228,"template":"","meta":{"_seopress_robots_primary_cat":"none","_seopress_titles_title":"Teak Baru Raya D220 Old | exclusief teak dressoir minimalistisch","_seopress_titles_desc":"Exclusief teak dressoir minimalistisch design en massief geborsteld oud teakhout. Modern dressoir met diepe lades - TEAK2.","_seopress_robots_index":""},"product_brand":[],"product_cat":[64,65],"product_tag":[52,50,44],"class_list":{"0":"post-9703","1":"product","2":"type-product","3":"status-publish","4":"has-post-thumbnail","6":"product_cat-dressoirs","7":"product_cat-teak-dressoir","8":"product_tag-design-meubelen","9":"product_tag-geborsteld-oud-teak","10":"product_tag-moderne-meubels","12":"first","13":"onbackorder","14":"taxable","15":"shipping-taxable","16":"purchasable","17":"product-type-variable"},"_links":{"self":[{"href":"https:\/\/teak2.be\/fr\/wp-json\/wp\/v2\/product\/9703","targetHints":{"allow":["GET"]}}],"collection":[{"href":"https:\/\/teak2.be\/fr\/wp-json\/wp\/v2\/product"}],"about":[{"href":"https:\/\/teak2.be\/fr\/wp-json\/wp\/v2\/types\/product"}],"version-history":[{"count":1,"href":"https:\/\/teak2.be\/fr\/wp-json\/wp\/v2\/product\/9703\/revisions"}],"predecessor-version":[{"id":514531,"href":"https:\/\/teak2.be\/fr\/wp-json\/wp\/v2\/product\/9703\/revisions\/514531"}],"wp:featuredmedia":[{"embeddable":true,"href":"https:\/\/teak2.be\/fr\/wp-json\/wp\/v2\/media\/7228"}],"wp:attachment":[{"href":"https:\/\/teak2.be\/fr\/wp-json\/wp\/v2\/media?parent=9703"}],"wp:term":[{"taxonomy":"product_brand","embeddable":true,"href":"https:\/\/teak2.be\/fr\/wp-json\/wp\/v2\/product_brand?post=9703"},{"taxonomy":"product_cat","embeddable":true,"href":"https:\/\/teak2.be\/fr\/wp-json\/wp\/v2\/product_cat?post=9703"},{"taxonomy":"product_tag","embeddable":true,"href":"https:\/\/teak2.be\/fr\/wp-json\/wp\/v2\/product_tag?post=9703"}],"curies":[{"name":"wp","href":"https:\/\/api.w.org\/{rel}","templated":true}]}}