{"id":9741,"date":"2024-10-18T12:26:18","date_gmt":"2024-10-18T12:26:18","guid":{"rendered":"http:\/\/teak2.local\/?post_type=product&#038;p=9741"},"modified":"2024-10-25T09:33:26","modified_gmt":"2024-10-25T07:33:26","slug":"teak-lebar-dxxxtl-old","status":"publish","type":"product","link":"https:\/\/teak2.be\/fr\/product\/teak-lebar-dxxxtl-old\/","title":{"rendered":"Teak Lebar D150-250TL Old"},"content":{"rendered":"<p>Buffet en bois de style rustique avec portes battantes et tiroirs en vieux teck massif. Le Teak Lebar D150-250TL Old est un buffet en teck au look rustique. Ce buffet rustique est dot\u00e9 de portes \u00e0 charni\u00e8res et se caract\u00e9rise par ses \u00e9l\u00e9ments authentiques, avec un bloc de tiroirs au milieu et des caract\u00e9ristiques de style rustique. Les tiroirs du buffet s'ouvrent et se ferment facilement gr\u00e2ce \u00e0 des poign\u00e9es rondes en m\u00e9tal. Le meuble bas repose sur un pi\u00e8tement \u00e0 pieds sculpt\u00e9s. Ce meuble est compos\u00e9 d'une partie.<\/p>\n<p>De serie Teak Lebar wordt ambachtelijk gemaakt in Indonesi\u00eb en is leverbaar in verschillende maten en\/of uitvoeringen. Dit landelijk dressoir hout is uitgevoerd in oud teak. Oud teak is zwaarder en dichter van structuur mede doordat het jarenlang verschillende omstandigheden heeft ervaren. Het oude gerecycled teakhout is qua kleur donker van tint, heeft een geleefd, exclusief karakter en een prachtige structuur. TEAK2 maakt enkel gebruik van de beste kwaliteit teak afkomstig uit Java! Degelijke, massieve en zware opbouw.<\/p>\n<p>Dit\u00a0landelijk dressoir in oud teakhout heeft een\u00a0authentieke\u00a0uitstraling en past daardoor mooi in een pastoriestijl of\u00a0landelijke\u00a0inrichting. Naast een landelijk interieur ook mooi bij een\u00a0huiselijke\u00a0of moderne stijl. Dit teak dressoir kan o.a. dienen als\u00a0landelijk\u00a0teakhouten dressoir in de inkomhal, slaapkamer en zowel\u00a0de eetkamer als woonkamer of living.<\/p>","protected":false},"excerpt":{"rendered":"<table>\n<tbody>\n<tr>\n<td width=\"110\"><\/td>\n<td width=\"300\"><\/td>\n<\/tr>\n<tr>\n<td width=\"110\">Mat\u00e9riel:<\/td>\n<td width=\"300\">Teck<\/td>\n<\/tr>\n<tr>\n<td width=\"110\">Couleur:<\/td>\n<td width=\"300\">Bruin\u00a0(Donker)<\/td>\n<\/tr>\n<tr>\n<td width=\"110\">Finition:<\/td>\n<td width=\"300\">Vieux teck<\/td>\n<\/tr>\n<\/tbody>\n<\/table>","protected":false},"featured_media":7331,"template":"","meta":{"_seopress_robots_primary_cat":"none","_seopress_titles_title":"Teak Lebar D150-250TL Old | landelijk dressoir hout, massief","_seopress_titles_desc":"Landelijk dressoir hout met midden lades en draaideuren. Dressoir in massief oud teak, kwaliteit & scherpe prijzen - TEAK2.","_seopress_robots_index":""},"product_brand":[],"product_cat":[64,65],"product_tag":[43,51],"class_list":{"0":"post-9741","1":"product","2":"type-product","3":"status-publish","4":"has-post-thumbnail","6":"product_cat-dressoirs","7":"product_cat-teak-dressoir","8":"product_tag-landelijke-meubels","9":"product_tag-oud-teak","11":"first","12":"onbackorder","13":"taxable","14":"shipping-taxable","15":"purchasable","16":"product-type-variable"},"_links":{"self":[{"href":"https:\/\/teak2.be\/fr\/wp-json\/wp\/v2\/product\/9741","targetHints":{"allow":["GET"]}}],"collection":[{"href":"https:\/\/teak2.be\/fr\/wp-json\/wp\/v2\/product"}],"about":[{"href":"https:\/\/teak2.be\/fr\/wp-json\/wp\/v2\/types\/product"}],"version-history":[{"count":0,"href":"https:\/\/teak2.be\/fr\/wp-json\/wp\/v2\/product\/9741\/revisions"}],"wp:featuredmedia":[{"embeddable":true,"href":"https:\/\/teak2.be\/fr\/wp-json\/wp\/v2\/media\/7331"}],"wp:attachment":[{"href":"https:\/\/teak2.be\/fr\/wp-json\/wp\/v2\/media?parent=9741"}],"wp:term":[{"taxonomy":"product_brand","embeddable":true,"href":"https:\/\/teak2.be\/fr\/wp-json\/wp\/v2\/product_brand?post=9741"},{"taxonomy":"product_cat","embeddable":true,"href":"https:\/\/teak2.be\/fr\/wp-json\/wp\/v2\/product_cat?post=9741"},{"taxonomy":"product_tag","embeddable":true,"href":"https:\/\/teak2.be\/fr\/wp-json\/wp\/v2\/product_tag?post=9741"}],"curies":[{"name":"wp","href":"https:\/\/api.w.org\/{rel}","templated":true}]}}