{"id":9776,"date":"2024-10-18T12:26:20","date_gmt":"2024-10-18T12:26:20","guid":{"rendered":"http:\/\/teak2.local\/?post_type=product&#038;p=9776"},"modified":"2025-10-30T14:43:36","modified_gmt":"2025-10-30T13:43:36","slug":"teak-satu-dxxx-old","status":"publish","type":"product","link":"https:\/\/teak2.be\/fr\/product\/teak-satu-dxxx-old\/","title":{"rendered":"Teak Satu D100-220 Old"},"content":{"rendered":"<p>Console rustique en teck avec de nombreux tiroirs et une \u00e9tag\u00e8re en vieux teck bross\u00e9 rustique. Le Teak Satu D100-220 Old est un buffet en teck au look rustique. Cette console en teck se caract\u00e9rise par ses nombreux tiroirs \u00e0 une seule \u00e9tag\u00e8re et ses \u00e9l\u00e9ments rustiques. Les tiroirs du buffet peuvent \u00eatre facilement ouverts et ferm\u00e9s gr\u00e2ce aux poign\u00e9es rondes en m\u00e9tal. Le meuble bas repose sur un pied \u00e9l\u00e9gant. Ce meuble est constitu\u00e9 d'une seule pi\u00e8ce.<\/p>\n<p>De serie Teak Satu wordt ambachtelijk gemaakt in Indonesi\u00eb en is leverbaar in verschillende maten en\/of uitvoeringen. Dit teak dressoir is uitgevoerd in geborsteld oud teak. Geborsteld oud teak is zwaarder en dichter van structuur mede doordat het jarenlang verschillende omstandigheden heeft ervaren. Het oude gerecycled teakhout heeft een geborstelde behandeling ondergaan waardoor het teakhout een exclusieve robuuste uitstraling krijgt. Het hout is donkerbruin van kleur. TEAK2 maakt enkel gebruik van de beste kwaliteit teak afkomstig uit Java! Degelijke, massieve en zware opbouw.<\/p>\n<p>Deze sidetable\u00a0teakhout heeft een\u00a0landelijke\u00a0uitstraling en past daardoor mooi in een pastoriestijl of\u00a0landelijke\u00a0inrichting. Naast een landelijk interieur ook mooi bij een\u00a0klassieke\u00a0of moderne stijl. Deze sidetable teakhout kan o.a. dienen als\u00a0landelijke teakhouten wandtafel of bijzettafel in de inkomhal, slaapkamer en zowel\u00a0de eetkamer als woonkamer of living.<\/p>","protected":false},"excerpt":{"rendered":"<table>\n<tbody>\n<tr>\n<td width=\"110\"><\/td>\n<td width=\"300\"><\/td>\n<\/tr>\n<tr>\n<td width=\"110\">Mat\u00e9riel:<\/td>\n<td width=\"300\">Teck<\/td>\n<\/tr>\n<tr>\n<td width=\"110\">Couleur:<\/td>\n<td width=\"300\">Bruin\u00a0(Licht)<\/td>\n<\/tr>\n<tr>\n<td width=\"110\">Finition:<\/td>\n<td width=\"300\">Vieux teck bross\u00e9<\/td>\n<\/tr>\n<\/tbody>\n<\/table>","protected":false},"featured_media":7398,"template":"","meta":{"_seopress_robots_primary_cat":"none","_seopress_titles_title":"Teak Satu D100-220 Old | landelijke sidetable teakhout met lades","_seopress_titles_desc":"Landelijke sidetable teakhout met lades en onder plank in landelijk geborsteld oud teakhout. Landelijke sidetables bij TEAK2.","_seopress_robots_index":""},"product_brand":[],"product_cat":[64,67,65],"product_tag":[50,43],"class_list":{"0":"post-9776","1":"product","2":"type-product","3":"status-publish","4":"has-post-thumbnail","6":"product_cat-dressoirs","7":"product_cat-sidetable","8":"product_cat-teak-dressoir","9":"product_tag-geborsteld-oud-teak","10":"product_tag-landelijke-meubels","12":"first","13":"instock","14":"taxable","15":"shipping-taxable","16":"purchasable","17":"product-type-variable"},"_links":{"self":[{"href":"https:\/\/teak2.be\/fr\/wp-json\/wp\/v2\/product\/9776","targetHints":{"allow":["GET"]}}],"collection":[{"href":"https:\/\/teak2.be\/fr\/wp-json\/wp\/v2\/product"}],"about":[{"href":"https:\/\/teak2.be\/fr\/wp-json\/wp\/v2\/types\/product"}],"version-history":[{"count":1,"href":"https:\/\/teak2.be\/fr\/wp-json\/wp\/v2\/product\/9776\/revisions"}],"predecessor-version":[{"id":514133,"href":"https:\/\/teak2.be\/fr\/wp-json\/wp\/v2\/product\/9776\/revisions\/514133"}],"wp:featuredmedia":[{"embeddable":true,"href":"https:\/\/teak2.be\/fr\/wp-json\/wp\/v2\/media\/7398"}],"wp:attachment":[{"href":"https:\/\/teak2.be\/fr\/wp-json\/wp\/v2\/media?parent=9776"}],"wp:term":[{"taxonomy":"product_brand","embeddable":true,"href":"https:\/\/teak2.be\/fr\/wp-json\/wp\/v2\/product_brand?post=9776"},{"taxonomy":"product_cat","embeddable":true,"href":"https:\/\/teak2.be\/fr\/wp-json\/wp\/v2\/product_cat?post=9776"},{"taxonomy":"product_tag","embeddable":true,"href":"https:\/\/teak2.be\/fr\/wp-json\/wp\/v2\/product_tag?post=9776"}],"curies":[{"name":"wp","href":"https:\/\/api.w.org\/{rel}","templated":true}]}}