{"id":9802,"date":"2024-10-18T12:26:23","date_gmt":"2024-10-18T12:26:23","guid":{"rendered":"http:\/\/teak2.local\/?post_type=product&#038;p=9802"},"modified":"2025-12-08T12:41:19","modified_gmt":"2025-12-08T11:41:19","slug":"teak-lugas-txxxuxxxkl-old","status":"publish","type":"product","link":"https:\/\/teak2.be\/fr\/product\/teak-lugas-txxxuxxxkl-old\/","title":{"rendered":"Teak Lugas T160U300KL Old"},"content":{"rendered":"<p>Table \u00e0 rallonges rustique en teck ancien avec une belle structure. La Teak Lugas T160U300KL Old est une table \u00e0 manger en teck au look rustique. Cette table \u00e0 rallonges est dot\u00e9e d'un plateau en teck ancien (3cm) et d'une traverse. Cette table \u00e0 manger rustique se caract\u00e9rise par ses rallonges pratiques qui peuvent \u00eatre gliss\u00e9es \u00e0 l'ext\u00e9rieur de la table. La table peut \u00eatre rallong\u00e9e de 2 x 50 cm, ce qui offre 3 possibilit\u00e9s. Le teck massif vieilli, associ\u00e9 \u00e0 la surface patin\u00e9e, conf\u00e8re \u00e0 l'ensemble une grande robustesse. Le pi\u00e8tement de cette table en teck est constitu\u00e9 d'un pied en teck.<\/p>\n<p>De serie Teak Lugas wordt ambachtelijk gemaakt in Indonesi\u00eb en is leverbaar in verschillende maten en\/of uitvoeringen. Deze uitschuifbare eettafel is uitgevoerd in oud teak. Oud teak is zwaarder en dichter van structuur mede doordat het jarenlang verschillende omstandigheden heeft ervaren. Het oude gerecycled teakhout is qua kleur donker van tint, heeft een geleefd, exclusief karakter en een prachtige structuur. TEAK2 maakt enkel gebruik van de beste kwaliteit teak afkomstig uit Java! Degelijke, massieve en zware opbouw.<\/p>\n<p>Deze\u00a0landelijke uitschuifbare eettafel heeft een\u00a0prachtige geleefde\u00a0uitstraling en past daardoor mooi in een pastoriestijl of\u00a0landelijke\u00a0inrichting. Naast een landelijk interieur ook mooi bij een\u00a0eigentijdse\u00a0of moderne stijl. De teakhouten tafel kan o.a. dienen als\u00a0landelijke eettafel, keukentafel of\u00a0verlengbare tafel\u00a0in zowel\u00a0de keuken als eetkamer of woonkamer.<\/p>","protected":false},"excerpt":{"rendered":"<table>\n<tbody>\n<tr>\n<td width=\"110\"><\/td>\n<td width=\"300\"><\/td>\n<\/tr>\n<tr>\n<td width=\"110\">Mat\u00e9riel:<\/td>\n<td width=\"300\">Teck<\/td>\n<\/tr>\n<tr>\n<td width=\"110\">Couleur:<\/td>\n<td width=\"300\">Bruin\u00a0(Donker)<\/td>\n<\/tr>\n<tr>\n<td width=\"110\">Finition:<\/td>\n<td width=\"300\">Vieux teck<\/td>\n<\/tr>\n<tr>\n<td width=\"110\">B\u00e2ti:<\/td>\n<td width=\"300\">Pied en teck<\/td>\n<\/tr>\n<\/tbody>\n<\/table>","protected":false},"featured_media":514211,"template":"","meta":{"_seopress_robots_primary_cat":"none","_seopress_titles_title":"Teak Lugas T160U300KL Old | landelijke uitschuifbare eettafel","_seopress_titles_desc":"Landelijke uitschuifbare eettafel in oud teakhout. Verlengbare tafel met extra bladen en massief teak blad - TEAK2.","_seopress_robots_index":""},"product_brand":[],"product_cat":[54,55],"product_tag":[43,51],"class_list":{"0":"post-9802","1":"product","2":"type-product","3":"status-publish","4":"has-post-thumbnail","6":"product_cat-tafels","7":"product_cat-teak-eettafel","8":"product_tag-landelijke-meubels","9":"product_tag-oud-teak","11":"first","12":"onbackorder","13":"taxable","14":"shipping-taxable","15":"purchasable","16":"product-type-variable"},"_links":{"self":[{"href":"https:\/\/teak2.be\/fr\/wp-json\/wp\/v2\/product\/9802","targetHints":{"allow":["GET"]}}],"collection":[{"href":"https:\/\/teak2.be\/fr\/wp-json\/wp\/v2\/product"}],"about":[{"href":"https:\/\/teak2.be\/fr\/wp-json\/wp\/v2\/types\/product"}],"version-history":[{"count":3,"href":"https:\/\/teak2.be\/fr\/wp-json\/wp\/v2\/product\/9802\/revisions"}],"predecessor-version":[{"id":514212,"href":"https:\/\/teak2.be\/fr\/wp-json\/wp\/v2\/product\/9802\/revisions\/514212"}],"wp:featuredmedia":[{"embeddable":true,"href":"https:\/\/teak2.be\/fr\/wp-json\/wp\/v2\/media\/514211"}],"wp:attachment":[{"href":"https:\/\/teak2.be\/fr\/wp-json\/wp\/v2\/media?parent=9802"}],"wp:term":[{"taxonomy":"product_brand","embeddable":true,"href":"https:\/\/teak2.be\/fr\/wp-json\/wp\/v2\/product_brand?post=9802"},{"taxonomy":"product_cat","embeddable":true,"href":"https:\/\/teak2.be\/fr\/wp-json\/wp\/v2\/product_cat?post=9802"},{"taxonomy":"product_tag","embeddable":true,"href":"https:\/\/teak2.be\/fr\/wp-json\/wp\/v2\/product_tag?post=9802"}],"curies":[{"name":"wp","href":"https:\/\/api.w.org\/{rel}","templated":true}]}}