{"id":9831,"date":"2024-10-18T12:26:26","date_gmt":"2024-10-18T12:26:26","guid":{"rendered":"http:\/\/teak2.local\/?post_type=product&#038;p=9831"},"modified":"2026-02-01T13:24:21","modified_gmt":"2026-02-01T12:24:21","slug":"teak-rahib-txxxl-old","status":"publish","type":"product","link":"https:\/\/teak2.be\/fr\/product\/teak-rahib-txxxl-old\/","title":{"rendered":"Teak Rahib T200-350L Old"},"content":{"rendered":"<p>Table de monast\u00e8re rustique en vieux teck sans traverse et avec un pied massif luxueux. La Teak Rahib T200-350L Old est une table \u00e0 manger en vieux teck \u00e0 l'aspect rustique. Cette table de monast\u00e8re rustique en teck a un \u00e9pais plateau en vieux teck (5cm) et n'a pas de traverse. Cette table de monast\u00e8re en teck se caract\u00e9rise par son plateau \u00e9pais en vieux teck et son style monast\u00e8re rustique avec des pieds \u00e9pais et solides. Construction lourde et beau teck ancien de qualit\u00e9. La base de cette table en teck est un pied de monast\u00e8re en teck avec les deux pieds reli\u00e9s \u00e0 une poutre.<\/p>\n<p>De serie Teak Rahib wordt ambachtelijk gemaakt in Indonesi\u00eb en is leverbaar in verschillende maten en\/of uitvoeringen. Deze teak tafel is uitgevoerd in oud teak. Oud teak is zwaarder en dichter van structuur mede doordat het jarenlang verschillende omstandigheden heeft ervaren. Het oude gerecycled teakhout is qua kleur donker van tint, heeft een geleefd, exclusief karakter en een prachtige structuur. TEAK2 maakt enkel gebruik van de beste kwaliteit teak afkomstig uit Java! Degelijke, massieve en zware opbouw.<\/p>\n<p>Deze\u00a0oud teakhouten kloostertafel\u00a0heeft een\u00a0landelijke\u00a0uitstraling en past daardoor mooi in een pastoriestijl of\u00a0landelijke\u00a0inrichting. Naast een landelijk interieur ook mooi bij een\u00a0klassieke\u00a0of moderne stijl. De teak tafel kan o.a. dienen als\u00a0landelijke\u00a0teakhouten kloostertafel, eetkamertafel of\u00a0oud teakhouten eettafel in landelijke stijl in zowel\u00a0de keuken als eetkamer of woonkamer.<\/p>","protected":false},"excerpt":{"rendered":"<table>\n<tbody>\n<tr>\n<td width=\"110\"><\/td>\n<td width=\"300\"><\/td>\n<\/tr>\n<tr>\n<td width=\"110\">Mat\u00e9riel:<\/td>\n<td width=\"300\">Teck<\/td>\n<\/tr>\n<tr>\n<td width=\"110\">Couleur:<\/td>\n<td width=\"300\">Bruin\u00a0(Donker)<\/td>\n<\/tr>\n<tr>\n<td width=\"110\">Finition:<\/td>\n<td width=\"300\">Vieux teck<\/td>\n<\/tr>\n<tr>\n<td width=\"110\">B\u00e2ti:<\/td>\n<td width=\"300\">Pied en teck<\/td>\n<\/tr>\n<\/tbody>\n<\/table>","protected":false},"featured_media":513983,"template":"","meta":{"_seopress_robots_primary_cat":"none","_seopress_titles_title":"Teak Rahib T200-350L Old | landelijke teakhouten kloostertafel","_seopress_titles_desc":"Landelijke teakhouten kloostertafel oud teak zonder kopregel. Oud teakhouten eettafel in landelijke stijl, kolompoot - TEAK2.","_seopress_robots_index":""},"product_brand":[],"product_cat":[54,55],"product_tag":[43,51],"class_list":{"0":"post-9831","1":"product","2":"type-product","3":"status-publish","4":"has-post-thumbnail","6":"product_cat-tafels","7":"product_cat-teak-eettafel","8":"product_tag-landelijke-meubels","9":"product_tag-oud-teak","11":"first","12":"instock","13":"taxable","14":"shipping-taxable","15":"purchasable","16":"product-type-variable"},"_links":{"self":[{"href":"https:\/\/teak2.be\/fr\/wp-json\/wp\/v2\/product\/9831","targetHints":{"allow":["GET"]}}],"collection":[{"href":"https:\/\/teak2.be\/fr\/wp-json\/wp\/v2\/product"}],"about":[{"href":"https:\/\/teak2.be\/fr\/wp-json\/wp\/v2\/types\/product"}],"version-history":[{"count":1,"href":"https:\/\/teak2.be\/fr\/wp-json\/wp\/v2\/product\/9831\/revisions"}],"predecessor-version":[{"id":513986,"href":"https:\/\/teak2.be\/fr\/wp-json\/wp\/v2\/product\/9831\/revisions\/513986"}],"wp:featuredmedia":[{"embeddable":true,"href":"https:\/\/teak2.be\/fr\/wp-json\/wp\/v2\/media\/513983"}],"wp:attachment":[{"href":"https:\/\/teak2.be\/fr\/wp-json\/wp\/v2\/media?parent=9831"}],"wp:term":[{"taxonomy":"product_brand","embeddable":true,"href":"https:\/\/teak2.be\/fr\/wp-json\/wp\/v2\/product_brand?post=9831"},{"taxonomy":"product_cat","embeddable":true,"href":"https:\/\/teak2.be\/fr\/wp-json\/wp\/v2\/product_cat?post=9831"},{"taxonomy":"product_tag","embeddable":true,"href":"https:\/\/teak2.be\/fr\/wp-json\/wp\/v2\/product_tag?post=9831"}],"curies":[{"name":"wp","href":"https:\/\/api.w.org\/{rel}","templated":true}]}}