{"id":9839,"date":"2024-10-18T12:26:27","date_gmt":"2024-10-18T12:26:27","guid":{"rendered":"http:\/\/teak2.local\/?post_type=product&#038;p=9839"},"modified":"2024-10-24T22:55:05","modified_gmt":"2024-10-24T20:55:05","slug":"teak-ketang-trxxx","status":"publish","type":"product","link":"https:\/\/teak2.be\/fr\/product\/teak-ketang-trxxx\/","title":{"rendered":"Teak Ketang TR100-180"},"content":{"rendered":"<p>Table \u00e0 manger ronde en teck avec pied en bois massif et plateau lisse en teck non trait\u00e9. La Teak Ketang TR100-180 est une table \u00e0 manger en teck au look moderne et \u00e9pur\u00e9. Cette table ronde est \u00e9quip\u00e9e d'un plateau rond en teck massif non trait\u00e9 (3cm). Cette table \u00e0 manger en teck se caract\u00e9rise par sa structure lisse et pure et sa construction moderne. Le pi\u00e8tement de cette table ronde est un pied en teck authentique.<\/p>\n<p>De serie Teak Ketang wordt ambachtelijk gemaakt in Indonesi\u00eb en is leverbaar in verschillende maten en\/of uitvoeringen. Deze teak tafel is uitgevoerd in onbehandeld teak. Onbehandeld teak is licht (blank) van kleur en wordt egaal glad geschuurd. Dit teakhout is tevens ook gerecycled teak en heeft een zware, dichte structuur. TEAK2 maakt enkel gebruik van de beste kwaliteit teak afkomstig uit Java! Degelijke, massieve en zware opbouw. De gladde structuur geeft het meubel een strakke, moderne uitstraling.<\/p>\n<p>Deze ronde eettafel teak\u00a0heeft een\u00a0moderne\u00a0uitstraling en past daardoor mooi in een eigentijdse of moderne\u00a0inrichting. Naast een modern interieur ook mooi bij een\u00a0klassieke\u00a0of landelijke stijl. De moderne eettafel teak kan o.a. dienen als\u00a0ronde\u00a0teakhouten eettafel, keukentafel of\u00a0ronde eetkamertafel\u00a0in zowel\u00a0de keuken als eetkamer of woonkamer.<\/p>","protected":false},"excerpt":{"rendered":"<table>\n<tbody>\n<tr>\n<td width=\"110\"><\/td>\n<td width=\"300\"><\/td>\n<\/tr>\n<tr>\n<td width=\"110\">Mat\u00e9riel:<\/td>\n<td width=\"300\">Teck<\/td>\n<\/tr>\n<tr>\n<td width=\"110\">Couleur:<\/td>\n<td width=\"300\">Bruin\u00a0(Licht)<\/td>\n<\/tr>\n<tr>\n<td width=\"110\">Finition:<\/td>\n<td width=\"300\">Teck non trait\u00e9<\/td>\n<\/tr>\n<tr>\n<td width=\"110\">B\u00e2ti:<\/td>\n<td width=\"300\">Pied en teck<\/td>\n<\/tr>\n<\/tbody>\n<\/table>","protected":false},"featured_media":7499,"template":"","meta":{"_seopress_robots_primary_cat":"none","_seopress_titles_title":"Teak Ketang TR100-180 | ronde eettafel teak massief houten poot","_seopress_titles_desc":"Ronde eettafel teak met massief houten poot en glad, onbehandeld teakhouten blad. Ronde tafel in teakhout - meubelwinkel TEAK2.","_seopress_robots_index":""},"product_brand":[],"product_cat":[54,55],"product_tag":[78,44,53],"class_list":{"0":"post-9839","1":"product","2":"type-product","3":"status-publish","4":"has-post-thumbnail","6":"product_cat-tafels","7":"product_cat-teak-eettafel","8":"product_tag-metaal","9":"product_tag-moderne-meubels","10":"product_tag-onbehandeld-teak","12":"first","13":"instock","14":"taxable","15":"shipping-taxable","16":"purchasable","17":"product-type-variable"},"_links":{"self":[{"href":"https:\/\/teak2.be\/fr\/wp-json\/wp\/v2\/product\/9839","targetHints":{"allow":["GET"]}}],"collection":[{"href":"https:\/\/teak2.be\/fr\/wp-json\/wp\/v2\/product"}],"about":[{"href":"https:\/\/teak2.be\/fr\/wp-json\/wp\/v2\/types\/product"}],"version-history":[{"count":0,"href":"https:\/\/teak2.be\/fr\/wp-json\/wp\/v2\/product\/9839\/revisions"}],"wp:featuredmedia":[{"embeddable":true,"href":"https:\/\/teak2.be\/fr\/wp-json\/wp\/v2\/media\/7499"}],"wp:attachment":[{"href":"https:\/\/teak2.be\/fr\/wp-json\/wp\/v2\/media?parent=9839"}],"wp:term":[{"taxonomy":"product_brand","embeddable":true,"href":"https:\/\/teak2.be\/fr\/wp-json\/wp\/v2\/product_brand?post=9839"},{"taxonomy":"product_cat","embeddable":true,"href":"https:\/\/teak2.be\/fr\/wp-json\/wp\/v2\/product_cat?post=9839"},{"taxonomy":"product_tag","embeddable":true,"href":"https:\/\/teak2.be\/fr\/wp-json\/wp\/v2\/product_tag?post=9839"}],"curies":[{"name":"wp","href":"https:\/\/api.w.org\/{rel}","templated":true}]}}