{"id":9849,"date":"2024-10-18T12:26:28","date_gmt":"2024-10-18T12:26:28","guid":{"rendered":"http:\/\/teak2.local\/?post_type=product&#038;p=9849"},"modified":"2025-03-19T16:00:37","modified_gmt":"2025-03-19T15:00:37","slug":"teak-lonjong-trxxxl-old","status":"publish","type":"product","link":"https:\/\/teak2.be\/fr\/product\/teak-lonjong-trxxxl-old\/","title":{"rendered":"Teak Lonjong TR140L Old"},"content":{"rendered":"<p>Table ronde moderne en vieux teck avec un pied design en teck. La Teak Lonjong TR140L Old est une table \u00e0 manger en teck au look moderne et exclusif. Cette table \u00e0 manger ronde est dot\u00e9e d'un plateau rond en vieux teck (5cm). Cette table en teck se caract\u00e9rise par son \u00e9l\u00e9gant plateau rond en vieux teck et ses caract\u00e9ristiques modernes. Le pi\u00e8tement de cette table est un pied moderne en teck.<\/p>\n<p>De serie Teak Lonjong wordt ambachtelijk gemaakt in Indonesi\u00eb en is leverbaar in verschillende maten en\/of uitvoeringen. Deze ronde tafel is uitgevoerd in oud teak. Oud teak is zwaarder en dichter van structuur mede doordat het jarenlang verschillende omstandigheden heeft ervaren. Het oude gerecycled teakhout is qua kleur donker van tint, heeft een geleefd, exclusief karakter en een prachtige structuur. TEAK2 maakt enkel gebruik van de beste kwaliteit teak afkomstig uit Java! Degelijke, massieve en zware opbouw.<\/p>\n<p>Deze moderne ronde tafel in oud teakhout\u00a0heeft een\u00a0exclusieve\u00a0uitstraling en past daardoor mooi in een industri\u00eble of moderne\u00a0inrichting. Naast een modern interieur ook mooi bij een\u00a0eigentijdse\u00a0of landelijke stijl. De ronde tafel kan o.a. dienen als\u00a0exclusieve\u00a0teakhouten eettafel, keukentafel of ronde eetkamertafel\u00a0in zowel\u00a0de keuken als eetkamer of woonkamer.<\/p>","protected":false},"excerpt":{"rendered":"<table>\n<tbody>\n<tr>\n<td width=\"110\"><\/td>\n<td width=\"300\"><\/td>\n<\/tr>\n<tr>\n<td width=\"110\">Mat\u00e9riel:<\/td>\n<td width=\"300\">Teck<\/td>\n<\/tr>\n<tr>\n<td width=\"110\">Couleur:<\/td>\n<td width=\"300\">Bruin\u00a0(Donker)<\/td>\n<\/tr>\n<tr>\n<td width=\"110\">Finition:<\/td>\n<td width=\"300\">Vieux teck<\/td>\n<\/tr>\n<tr>\n<td width=\"110\">B\u00e2ti:<\/td>\n<td width=\"300\">Pied en teck<\/td>\n<\/tr>\n<\/tbody>\n<\/table>","protected":false},"featured_media":7529,"template":"","meta":{"_seopress_robots_primary_cat":"none","_seopress_titles_title":"Teak Lonjong TR140L Old | moderne ronde tafel in oud teakhout","_seopress_titles_desc":"Moderne ronde tafel in oud teakhout en teakhouten design poot. Teak eettafel rond met exclusieve, moderne uitstraling - TEAK2.","_seopress_robots_index":""},"product_brand":[],"product_cat":[54,55],"product_tag":[52,44,51],"class_list":{"0":"post-9849","1":"product","2":"type-product","3":"status-publish","4":"has-post-thumbnail","6":"product_cat-tafels","7":"product_cat-teak-eettafel","8":"product_tag-design-meubelen","9":"product_tag-moderne-meubels","10":"product_tag-oud-teak","12":"first","13":"onbackorder","14":"taxable","15":"shipping-taxable","16":"purchasable","17":"product-type-variable"},"_links":{"self":[{"href":"https:\/\/teak2.be\/fr\/wp-json\/wp\/v2\/product\/9849","targetHints":{"allow":["GET"]}}],"collection":[{"href":"https:\/\/teak2.be\/fr\/wp-json\/wp\/v2\/product"}],"about":[{"href":"https:\/\/teak2.be\/fr\/wp-json\/wp\/v2\/types\/product"}],"version-history":[{"count":0,"href":"https:\/\/teak2.be\/fr\/wp-json\/wp\/v2\/product\/9849\/revisions"}],"wp:featuredmedia":[{"embeddable":true,"href":"https:\/\/teak2.be\/fr\/wp-json\/wp\/v2\/media\/7529"}],"wp:attachment":[{"href":"https:\/\/teak2.be\/fr\/wp-json\/wp\/v2\/media?parent=9849"}],"wp:term":[{"taxonomy":"product_brand","embeddable":true,"href":"https:\/\/teak2.be\/fr\/wp-json\/wp\/v2\/product_brand?post=9849"},{"taxonomy":"product_cat","embeddable":true,"href":"https:\/\/teak2.be\/fr\/wp-json\/wp\/v2\/product_cat?post=9849"},{"taxonomy":"product_tag","embeddable":true,"href":"https:\/\/teak2.be\/fr\/wp-json\/wp\/v2\/product_tag?post=9849"}],"curies":[{"name":"wp","href":"https:\/\/api.w.org\/{rel}","templated":true}]}}