{"id":9935,"date":"2024-10-18T12:26:34","date_gmt":"2024-10-18T12:26:34","guid":{"rendered":"http:\/\/teak2.local\/?post_type=product&#038;p=9935"},"modified":"2024-10-23T21:26:45","modified_gmt":"2024-10-23T19:26:45","slug":"kotak-sxxxxl-gw-teak","status":"publish","type":"product","link":"https:\/\/teak2.be\/fr\/product\/kotak-sxxxxl-gw-teak\/","title":{"rendered":"Kotak SX80-100L GW Teak"},"content":{"rendered":"<p>Table basse carr\u00e9e blanche de style campagnard avec du teck. La Kotak SX80-100L GW Teak est une table basse blanche au look campagnard. Cette table basse carr\u00e9e est dot\u00e9e d'un plateau en teck et n'a pas de t\u00eate de lit. La table dispose de quatre tiroirs qui peuvent \u00eatre facilement ouverts et ferm\u00e9s gr\u00e2ce \u00e0 des poign\u00e9es rondes en m\u00e9tal. Cette table basse blanche se caract\u00e9rise par sa forme carr\u00e9e et ses tiroirs positionn\u00e9s s\u00e9par\u00e9ment. La base de cette table carr\u00e9e est un pied \u00e9l\u00e9gant.<\/p>\n<p>De serie Kotak wordt ambachtelijk gemaakt in Indonesi\u00eb en is leverbaar in verschillende maten en\/of uitvoeringen. Deze gekleurde tafel is de gespoten LUXE-uitvoering in de kleur gebroken wit (RAL 9003) en heeft bruine teakhouten accenten. Ondanks de strakke gespoten behandeling behoudt deze wel zijn typerende houtnerf. De prachtige combinatie van wit + teak geven de salontafel een net wat warmere, exclusievere uitstraling. De luxe-uitvoering heeft een hogere afwerking en is uitgevoerd met ladegeleiders.<\/p>\n<p>Deze vierkante witte salontafel\u00a0heeft een\u00a0warme\u00a0uitstraling en past daardoor mooi in een pastoriestijl of\u00a0landelijke\u00a0inrichting. Naast een landelijk interieur ook mooi bij een\u00a0eigentijdse\u00a0of moderne stijl. De witte tafel met teak kan o.a. dienen als\u00a0landelijke white wash\u00a0salontafel, hoektafel of\u00a0vierkante bijzettafel in de living of woonkamer.<\/p>","protected":false},"excerpt":{"rendered":"<table>\n<tbody>\n<tr>\n<td width=\"110\"><\/td>\n<td width=\"300\"><\/td>\n<\/tr>\n<tr>\n<td width=\"110\">Mat\u00e9riel:<\/td>\n<td width=\"300\">Mindi + Teck<\/td>\n<\/tr>\n<tr>\n<td width=\"110\">Couleur:<\/td>\n<td width=\"300\">Blanc cass\u00e9 (RAL 9003) + Brun<\/td>\n<\/tr>\n<tr>\n<td width=\"110\">Finition:<\/td>\n<td width=\"300\">Gespoten &#8211; LUXE<\/td>\n<\/tr>\n<\/tbody>\n<\/table>","protected":false},"featured_media":7732,"template":"","meta":{"_seopress_robots_primary_cat":"none","_seopress_titles_title":"Kotak SX80-100L GW Teak | vierkante witte salontafel met teak","_seopress_titles_desc":"Vierkante witte salontafel met teak in landelijke stijl. Vierkante salontafels in gebroken wit en landelijk teakhout - TEAK2.","_seopress_robots_index":""},"product_brand":[],"product_cat":[54,60],"product_tag":[70,43],"class_list":{"0":"post-9935","1":"product","2":"type-product","3":"status-publish","4":"has-post-thumbnail","6":"product_cat-tafels","7":"product_cat-witte-salontafel","8":"product_tag-gebroken-wit-ral-9003-teak","9":"product_tag-landelijke-meubels","11":"first","12":"onbackorder","13":"taxable","14":"shipping-taxable","15":"purchasable","16":"product-type-variable"},"_links":{"self":[{"href":"https:\/\/teak2.be\/fr\/wp-json\/wp\/v2\/product\/9935","targetHints":{"allow":["GET"]}}],"collection":[{"href":"https:\/\/teak2.be\/fr\/wp-json\/wp\/v2\/product"}],"about":[{"href":"https:\/\/teak2.be\/fr\/wp-json\/wp\/v2\/types\/product"}],"version-history":[{"count":0,"href":"https:\/\/teak2.be\/fr\/wp-json\/wp\/v2\/product\/9935\/revisions"}],"wp:featuredmedia":[{"embeddable":true,"href":"https:\/\/teak2.be\/fr\/wp-json\/wp\/v2\/media\/7732"}],"wp:attachment":[{"href":"https:\/\/teak2.be\/fr\/wp-json\/wp\/v2\/media?parent=9935"}],"wp:term":[{"taxonomy":"product_brand","embeddable":true,"href":"https:\/\/teak2.be\/fr\/wp-json\/wp\/v2\/product_brand?post=9935"},{"taxonomy":"product_cat","embeddable":true,"href":"https:\/\/teak2.be\/fr\/wp-json\/wp\/v2\/product_cat?post=9935"},{"taxonomy":"product_tag","embeddable":true,"href":"https:\/\/teak2.be\/fr\/wp-json\/wp\/v2\/product_tag?post=9935"}],"curies":[{"name":"wp","href":"https:\/\/api.w.org\/{rel}","templated":true}]}}