{"id":9941,"date":"2024-10-18T12:26:34","date_gmt":"2024-10-18T12:26:34","guid":{"rendered":"http:\/\/teak2.local\/?post_type=product&#038;p=9941"},"modified":"2025-06-02T20:34:56","modified_gmt":"2025-06-02T18:34:56","slug":"liri-tvxxxtl-sw","status":"publish","type":"product","link":"https:\/\/teak2.be\/fr\/product\/liri-tvxxxtl-sw\/","title":{"rendered":"Liri TV160-180TL SW"},"content":{"rendered":"<p>Meuble TV blanc avec portes pivotantes et tiroirs au centre. Le Liri TV160-180TL SW est un meuble TV blanc au look classique et moderne. Ce meuble TV est dot\u00e9 de portes battantes et se caract\u00e9rise par une combinaison d'\u00e9l\u00e9ments de style authentiques et modernes. Les tiroirs du milieu peuvent \u00eatre facilement ouverts et ferm\u00e9s gr\u00e2ce aux poign\u00e9es modernes encastr\u00e9es. Le meuble bas repose sur un pied \u00e9l\u00e9gant. Ce meuble est constitu\u00e9 d'une seule partie.<\/p>\n<p>De serie Liri wordt ambachtelijk gemaakt in Indonesi\u00eb en is leverbaar in verschillende maten en\/of uitvoeringen. Dit wit tv meubel is de gespoten LUXE-uitvoering in de kleur spierwit (RAL 9016). Ondanks de strakke gespoten behandeling behoudt deze wel zijn typerende houtnerf. De luxe-uitvoering heeft een hogere afwerking en is uitgevoerd met ladegeleiders.<\/p>\n<p>Dit Tv-meubel met draaideuren en lades heeft een\u00a0klassiek, moderne\u00a0uitstraling en past daardoor mooi in een eigentijdse of moderne\u00a0inrichting. Naast een modern interieur ook mooi bij een\u00a0landelijke\u00a0of klassieke stijl. Dit witte Tv-meubel kan o.a. dienen als\u00a0klassiek\u00a0white wash\u00a0Tv-meubel of moderne Tv-kast in de woonkamer of living.<\/p>","protected":false},"excerpt":{"rendered":"<table>\n<tbody>\n<tr>\n<td width=\"110\"><\/td>\n<td width=\"300\"><\/td>\n<\/tr>\n<tr>\n<td width=\"110\">Mat\u00e9riel:<\/td>\n<td width=\"300\">Bois de Mindi<\/td>\n<\/tr>\n<tr>\n<td width=\"110\">Couleur:<\/td>\n<td width=\"300\">Blanc signalisation (RAL 9016)<\/td>\n<\/tr>\n<tr>\n<td width=\"110\">Finition:<\/td>\n<td width=\"300\">Gespoten &#8211; LUXE<\/td>\n<\/tr>\n<\/tbody>\n<\/table>","protected":false},"featured_media":7744,"template":"","meta":{"_seopress_robots_primary_cat":"none","_seopress_titles_title":"Liri TV160-180TL SW | wit Tv-meubel met draaideuren & lades","_seopress_titles_desc":"Wit Tv-meubel met draaideuren en lades in het midden. Tv-meubel in klassiek, moderne stijl, witte Tv-meubels bij meubelwinkel TEAK2.","_seopress_robots_index":""},"product_brand":[],"product_cat":[69,68],"product_tag":[42,44,45],"class_list":{"0":"post-9941","1":"product","2":"type-product","3":"status-publish","4":"has-post-thumbnail","6":"product_cat-tv-meubel-wit","7":"product_cat-tv-meubels","8":"product_tag-klassieke-meubels","9":"product_tag-moderne-meubels","10":"product_tag-spierwit-ral-9016","12":"first","13":"onbackorder","14":"taxable","15":"shipping-taxable","16":"purchasable","17":"product-type-variable"},"_links":{"self":[{"href":"https:\/\/teak2.be\/fr\/wp-json\/wp\/v2\/product\/9941","targetHints":{"allow":["GET"]}}],"collection":[{"href":"https:\/\/teak2.be\/fr\/wp-json\/wp\/v2\/product"}],"about":[{"href":"https:\/\/teak2.be\/fr\/wp-json\/wp\/v2\/types\/product"}],"version-history":[{"count":0,"href":"https:\/\/teak2.be\/fr\/wp-json\/wp\/v2\/product\/9941\/revisions"}],"wp:featuredmedia":[{"embeddable":true,"href":"https:\/\/teak2.be\/fr\/wp-json\/wp\/v2\/media\/7744"}],"wp:attachment":[{"href":"https:\/\/teak2.be\/fr\/wp-json\/wp\/v2\/media?parent=9941"}],"wp:term":[{"taxonomy":"product_brand","embeddable":true,"href":"https:\/\/teak2.be\/fr\/wp-json\/wp\/v2\/product_brand?post=9941"},{"taxonomy":"product_cat","embeddable":true,"href":"https:\/\/teak2.be\/fr\/wp-json\/wp\/v2\/product_cat?post=9941"},{"taxonomy":"product_tag","embeddable":true,"href":"https:\/\/teak2.be\/fr\/wp-json\/wp\/v2\/product_tag?post=9941"}],"curies":[{"name":"wp","href":"https:\/\/api.w.org\/{rel}","templated":true}]}}