{"id":9942,"date":"2024-10-18T12:26:34","date_gmt":"2024-10-18T12:26:34","guid":{"rendered":"http:\/\/teak2.local\/?post_type=product&#038;p=9942"},"modified":"2025-03-19T15:47:29","modified_gmt":"2025-03-19T14:47:29","slug":"liri-corak-tv160l-sw","status":"publish","type":"product","link":"https:\/\/teak2.be\/fr\/product\/liri-corak-tv160l-sw\/","title":{"rendered":"Liri Corak TV160L SW"},"content":{"rendered":"<p>Meuble TV blanc moderne avec tiroirs et compartiments ouverts. Le Liri Corak TV160L SW est un meuble TV blanc au look moderne. Ce meuble TV est \u00e9quip\u00e9 de tiroirs et se caract\u00e9rise par sa construction moderne et ses compartiments ouverts. Les tiroirs du bas peuvent \u00eatre facilement ouverts et ferm\u00e9s \u00e0 l'aide de poign\u00e9es encastr\u00e9es modernes. Le meuble de base repose sur un pied \u00e9l\u00e9gant. Ce meuble est constitu\u00e9 d'une seule pi\u00e8ce.<\/p>\n<p>De serie Liri Corak wordt ambachtelijk gemaakt in Indonesi\u00eb en is momenteel enkel leverbaar in deze afmeting en\/of uitvoering. Dit wit Tv-meubel is de gespoten LUXE-uitvoering in de kleur spierwit (RAL 9016). Ondanks de strakke gespoten behandeling behoudt deze wel zijn typerende houtnerf. De luxe-uitvoering heeft een hogere afwerking en is uitgevoerd met ladegeleiders.<\/p>\n<p>Dit Tv-meubel met lades en open vakken heeft een\u00a0moderne\u00a0uitstraling en past daardoor mooi in een eigentijdse of moderne\u00a0inrichting. Naast een modern interieur ook mooi bij een\u00a0eigentijdse\u00a0of landelijke stijl. Dit witte Tv-meubel kan o.a. dienen als\u00a0strak\u00a0white wash\u00a0Tv-meubel of moderne Tv-kast in de woonkamer of living.<\/p>","protected":false},"excerpt":{"rendered":"<table>\n<tbody>\n<tr>\n<td width=\"110\"><\/td>\n<td width=\"300\"><\/td>\n<\/tr>\n<tr>\n<td width=\"110\">Mat\u00e9riel:<\/td>\n<td width=\"300\">Bois de Mindi<\/td>\n<\/tr>\n<tr>\n<td width=\"110\">Couleur:<\/td>\n<td width=\"300\">Blanc signalisation (RAL 9016)<\/td>\n<\/tr>\n<tr>\n<td width=\"110\">Finition:<\/td>\n<td width=\"300\">Gespoten &#8211; LUXE<\/td>\n<\/tr>\n<\/tbody>\n<\/table>","protected":false},"featured_media":7769,"template":"","meta":{"_seopress_robots_primary_cat":"none","_seopress_titles_title":"Liri Corak TV160L SW | modern wit Tv-meubel met lades, open vak","_seopress_titles_desc":"Modern wit Tv-meubel met lades en open vakken. Moderne opbouw, strak white wash Tv-meubel of Tv-kast bij meubelwinkel TEAK2.","_seopress_robots_index":""},"product_brand":[],"product_cat":[69,68],"product_tag":[52,44,45],"class_list":{"0":"post-9942","1":"product","2":"type-product","3":"status-publish","4":"has-post-thumbnail","6":"product_cat-tv-meubel-wit","7":"product_cat-tv-meubels","8":"product_tag-design-meubelen","9":"product_tag-moderne-meubels","10":"product_tag-spierwit-ral-9016","12":"first","13":"onbackorder","14":"taxable","15":"shipping-taxable","16":"purchasable","17":"product-type-variable"},"_links":{"self":[{"href":"https:\/\/teak2.be\/fr\/wp-json\/wp\/v2\/product\/9942","targetHints":{"allow":["GET"]}}],"collection":[{"href":"https:\/\/teak2.be\/fr\/wp-json\/wp\/v2\/product"}],"about":[{"href":"https:\/\/teak2.be\/fr\/wp-json\/wp\/v2\/types\/product"}],"version-history":[{"count":0,"href":"https:\/\/teak2.be\/fr\/wp-json\/wp\/v2\/product\/9942\/revisions"}],"wp:featuredmedia":[{"embeddable":true,"href":"https:\/\/teak2.be\/fr\/wp-json\/wp\/v2\/media\/7769"}],"wp:attachment":[{"href":"https:\/\/teak2.be\/fr\/wp-json\/wp\/v2\/media?parent=9942"}],"wp:term":[{"taxonomy":"product_brand","embeddable":true,"href":"https:\/\/teak2.be\/fr\/wp-json\/wp\/v2\/product_brand?post=9942"},{"taxonomy":"product_cat","embeddable":true,"href":"https:\/\/teak2.be\/fr\/wp-json\/wp\/v2\/product_cat?post=9942"},{"taxonomy":"product_tag","embeddable":true,"href":"https:\/\/teak2.be\/fr\/wp-json\/wp\/v2\/product_tag?post=9942"}],"curies":[{"name":"wp","href":"https:\/\/api.w.org\/{rel}","templated":true}]}}