{"id":9945,"date":"2024-10-18T12:26:34","date_gmt":"2024-10-18T12:26:34","guid":{"rendered":"http:\/\/teak2.local\/?post_type=product&#038;p=9945"},"modified":"2024-10-25T15:34:18","modified_gmt":"2024-10-25T13:34:18","slug":"teak-lugas-txxxml-old","status":"publish","type":"product","link":"https:\/\/teak2.be\/fr\/product\/teak-lugas-txxxml-old\/","title":{"rendered":"Teak Lugas TR100-180ML Old"},"content":{"rendered":"<p>Table \u00e0 manger en teck avec pi\u00e8tement en m\u00e9tal et magnifique structure en vieux teck. La Teak Lugas TR100-180ML Old est une table \u00e0 manger en teck au look moderne et rustique. Cette table \u00e0 manger ronde avec pi\u00e8tement en m\u00e9tal a un plateau rond en vieux teck (3 cm). Cette table \u00e0 manger ronde se caract\u00e9rise par sa structure unique aux veines grises et son style rustique. Le teck massif vieilli associ\u00e9 \u00e0 la surface patin\u00e9e cr\u00e9e un ensemble robuste. Le pi\u00e8tement de cette table en bois est un<strong> pied en m\u00e9tal de luxe disponible en diff\u00e9rents mod\u00e8les<\/strong>: LX-poot, LS-poot (spinpoot \/ matrix poot) &amp; meer. Deze tafel is ook leverbaar met een \u2018standaard\u2019 poot! <em>(y compris U-pied)<\/em> <strong>Le<\/strong> <strong>ch\u00e2ssis est disponible en diff\u00e9rentes finitions:<\/strong> M\u00e9tal non trait\u00e9 (UM), m\u00e9tal rev\u00eatu (CM), rev\u00eatement noir (BC) et rev\u00eatement blanc (WC).<\/p>\n<p>De serie Teak Lugas wordt ambachtelijk gemaakt in Indonesi\u00eb en is leverbaar in verschillende maten en\/of uitvoeringen. Deze teak tafel is uitgevoerd in oud teak. Oud teak is zwaarder en dichter van structuur mede doordat het jarenlang verschillende omstandigheden heeft ervaren. Het oude gerecycled teakhout is qua kleur donker van tint, heeft een geleefd, exclusief karakter en een prachtige structuur. TEAK2 maakt enkel gebruik van de beste kwaliteit teak afkomstig uit Java! Degelijke, massieve en zware opbouw.<\/p>\n<p>Deze\u00a0eettafel rond teak met metalen onderstel heeft een\u00a0prachtige geleefde\u00a0uitstraling en past daardoor mooi in een pastoriestijl of\u00a0landelijke\u00a0inrichting. Naast een landelijk interieur ook mooi bij een\u00a0eigentijdse\u00a0of moderne stijl. De teakhouten tafel kan o.a. dienen als\u00a0ronde eettafel met metalen poot, keukentafel of\u00a0ronde teakhouten eetkamertafel\u00a0in zowel\u00a0de keuken als eetkamer of woonkamer.<\/p>","protected":false},"excerpt":{"rendered":"<table>\n<tbody>\n<tr>\n<td width=\"110\"><\/td>\n<td width=\"300\"><\/td>\n<\/tr>\n<tr>\n<td width=\"110\">Mat\u00e9riel:<\/td>\n<td width=\"300\">Teck + M\u00e9tal<\/td>\n<\/tr>\n<tr>\n<td width=\"110\">Couleur:<\/td>\n<td width=\"300\">Bruin\u00a0(Donker)<\/td>\n<\/tr>\n<tr>\n<td width=\"110\">Finition:<\/td>\n<td width=\"300\">Vieux teck<\/td>\n<\/tr>\n<tr>\n<td width=\"110\">B\u00e2ti:<\/td>\n<td width=\"300\">Metalen poot &#8211; LUXE<\/td>\n<\/tr>\n<\/tbody>\n<\/table>","protected":false},"featured_media":7799,"template":"","meta":{"_seopress_robots_primary_cat":"none","_seopress_titles_title":"Teak Lugas TR100-180ML Old | eettafel rond teak met metaal","_seopress_titles_desc":"Eettafel rond teak met metalen onderstel en prachtig oud teak. Ronde tafel met design poot metaal - meubelwinkel TEAK2.","_seopress_robots_index":""},"product_brand":[],"product_cat":[54,55],"product_tag":[52,43,44,51],"class_list":{"0":"post-9945","1":"product","2":"type-product","3":"status-publish","4":"has-post-thumbnail","6":"product_cat-tafels","7":"product_cat-teak-eettafel","8":"product_tag-design-meubelen","9":"product_tag-landelijke-meubels","10":"product_tag-moderne-meubels","11":"product_tag-oud-teak","13":"first","14":"instock","15":"taxable","16":"shipping-taxable","17":"purchasable","18":"product-type-variable"},"_links":{"self":[{"href":"https:\/\/teak2.be\/fr\/wp-json\/wp\/v2\/product\/9945","targetHints":{"allow":["GET"]}}],"collection":[{"href":"https:\/\/teak2.be\/fr\/wp-json\/wp\/v2\/product"}],"about":[{"href":"https:\/\/teak2.be\/fr\/wp-json\/wp\/v2\/types\/product"}],"version-history":[{"count":0,"href":"https:\/\/teak2.be\/fr\/wp-json\/wp\/v2\/product\/9945\/revisions"}],"wp:featuredmedia":[{"embeddable":true,"href":"https:\/\/teak2.be\/fr\/wp-json\/wp\/v2\/media\/7799"}],"wp:attachment":[{"href":"https:\/\/teak2.be\/fr\/wp-json\/wp\/v2\/media?parent=9945"}],"wp:term":[{"taxonomy":"product_brand","embeddable":true,"href":"https:\/\/teak2.be\/fr\/wp-json\/wp\/v2\/product_brand?post=9945"},{"taxonomy":"product_cat","embeddable":true,"href":"https:\/\/teak2.be\/fr\/wp-json\/wp\/v2\/product_cat?post=9945"},{"taxonomy":"product_tag","embeddable":true,"href":"https:\/\/teak2.be\/fr\/wp-json\/wp\/v2\/product_tag?post=9945"}],"curies":[{"name":"wp","href":"https:\/\/api.w.org\/{rel}","templated":true}]}}