{"id":9959,"date":"2024-10-18T12:26:36","date_gmt":"2024-10-18T12:26:36","guid":{"rendered":"http:\/\/teak2.local\/?post_type=product&#038;p=9959"},"modified":"2025-05-08T11:47:33","modified_gmt":"2025-05-08T09:47:33","slug":"teak-busana-xxx-old","status":"publish","type":"product","link":"https:\/\/teak2.be\/fr\/product\/teak-busana-xxx-old\/","title":{"rendered":"Teak Busana 120-180 Old"},"content":{"rendered":"<p>Armoire en teck massif vieilli bross\u00e9, style campagnard et espace de rangement pratique. La Teak Busana 120-180 Old est une armoire ou un vaisselier en teck massif au look campagnard authentique. Cette armoire rustique est \u00e9quip\u00e9e de portes battantes dans le meuble du haut. Le meuble du haut est muni d'une corniche traditionnelle. Cette armoire en bois se caract\u00e9rise par son style rustique et ses espaces de rangement pratiques derri\u00e8re les portes et les tiroirs. Deux versions sont disponibles : uniquement des \u00e9tag\u00e8res (lay) ou une tringle \u00e0 v\u00eatements et des \u00e9tag\u00e8res (hang + lay). Les \u00e9tag\u00e8res sont amovibles, ce qui vous permet de les organiser \u00e0 votre guise. Les tiroirs de l'armoire s'ouvrent et se ferment facilement gr\u00e2ce \u00e0 des poign\u00e9es rondes en m\u00e9tal. L'armoire basse repose sur un pied d\u00e9coup\u00e9. Ce meuble est uniquement disponible en version KD. <em>(Knock Down<\/em>) lorsque l'armoire est compos\u00e9e de plusieurs parties distinctes! En raison de sa construction solide et de sa longueur, cette armoire est tr\u00e8s lourde. La version KD est plus pratique et permet \u00e9galement \u00e0 chaque partie de se r\u00e9tracter et de se dilater s\u00e9par\u00e9ment.<\/p>\n<p>De serie Teak Busana wordt ambachtelijk gemaakt in Indonesi\u00eb en is leverbaar in verschillende maten en\/of uitvoeringen. Deze teak kast is uitgevoerd in geborsteld oud teak. Geborsteld oud teak is zwaarder en dichter van structuur mede doordat het jarenlang verschillende omstandigheden heeft ervaren. Het oude gerecycled teakhout heeft een geborstelde behandeling ondergaan waardoor het teakhout een exclusieve robuuste uitstraling krijgt. Het hout is donkerbruin van kleur. TEAK2 maakt enkel gebruik van de beste kwaliteit teak afkomstig uit Java! Degelijke, massieve en zware opbouw.<\/p>\n<p>Deze\u00a0dichte teak kledingkast\u00a0heeft een\u00a0landelijke\u00a0uitstraling en past daardoor mooi in een pastoriestijl of\u00a0landelijke\u00a0inrichting. Naast een landelijk interieur ook mooi bij een\u00a0huiselijke\u00a0of moderne stijl. De teak kast kan o.a. dienen als\u00a0landelijke\u00a0teakhouten kledingkast, dichte buffetkast of\u00a0teakhouten wandkast\u00a0in zowel\u00a0de slaapkamer als woonkamer of living.<\/p>","protected":false},"excerpt":{"rendered":"<table>\n<tbody>\n<tr>\n<td width=\"110\"><\/td>\n<td width=\"300\"><\/td>\n<\/tr>\n<tr>\n<td width=\"110\">Mat\u00e9riel:<\/td>\n<td width=\"300\">Teck<\/td>\n<\/tr>\n<tr>\n<td width=\"110\">Couleur:<\/td>\n<td width=\"300\">Bruin\u00a0(Donker)<\/td>\n<\/tr>\n<tr>\n<td width=\"110\">Finition:<\/td>\n<td width=\"300\">Vieux teck bross\u00e9<\/td>\n<\/tr>\n<\/tbody>\n<\/table>","protected":false},"featured_media":7833,"template":"","meta":{"_seopress_robots_primary_cat":"none","_seopress_titles_title":"Teak Busana 120-180 Old | dichte teak kledingkast in oud teak","_seopress_titles_desc":"Dichte teak kledingkast in geborsteld oud teak, landelijke stijl en praktische opbergruimte. Kleerkast of dichte wandkast - TEAK2.","_seopress_robots_index":""},"product_brand":[],"product_cat":[39,90,47],"product_tag":[50,42,43],"class_list":{"0":"post-9959","1":"product","2":"type-product","3":"status-publish","4":"has-post-thumbnail","6":"product_cat-kasten","7":"product_cat-kledingkast","8":"product_cat-teak-buffetkast","9":"product_tag-geborsteld-oud-teak","10":"product_tag-klassieke-meubels","11":"product_tag-landelijke-meubels","13":"first","14":"onbackorder","15":"taxable","16":"shipping-taxable","17":"purchasable","18":"product-type-variable"},"_links":{"self":[{"href":"https:\/\/teak2.be\/fr\/wp-json\/wp\/v2\/product\/9959","targetHints":{"allow":["GET"]}}],"collection":[{"href":"https:\/\/teak2.be\/fr\/wp-json\/wp\/v2\/product"}],"about":[{"href":"https:\/\/teak2.be\/fr\/wp-json\/wp\/v2\/types\/product"}],"version-history":[{"count":1,"href":"https:\/\/teak2.be\/fr\/wp-json\/wp\/v2\/product\/9959\/revisions"}],"predecessor-version":[{"id":512394,"href":"https:\/\/teak2.be\/fr\/wp-json\/wp\/v2\/product\/9959\/revisions\/512394"}],"wp:featuredmedia":[{"embeddable":true,"href":"https:\/\/teak2.be\/fr\/wp-json\/wp\/v2\/media\/7833"}],"wp:attachment":[{"href":"https:\/\/teak2.be\/fr\/wp-json\/wp\/v2\/media?parent=9959"}],"wp:term":[{"taxonomy":"product_brand","embeddable":true,"href":"https:\/\/teak2.be\/fr\/wp-json\/wp\/v2\/product_brand?post=9959"},{"taxonomy":"product_cat","embeddable":true,"href":"https:\/\/teak2.be\/fr\/wp-json\/wp\/v2\/product_cat?post=9959"},{"taxonomy":"product_tag","embeddable":true,"href":"https:\/\/teak2.be\/fr\/wp-json\/wp\/v2\/product_tag?post=9959"}],"curies":[{"name":"wp","href":"https:\/\/api.w.org\/{rel}","templated":true}]}}