{"id":9963,"date":"2024-10-18T12:26:36","date_gmt":"2024-10-18T12:26:36","guid":{"rendered":"http:\/\/teak2.local\/?post_type=product&#038;p=9963"},"modified":"2025-05-08T11:48:49","modified_gmt":"2025-05-08T09:48:49","slug":"teak-busana-xxxl-old","status":"publish","type":"product","link":"https:\/\/teak2.be\/fr\/product\/teak-busana-xxxl-old\/","title":{"rendered":"Teak Busana 120-180L Old"},"content":{"rendered":"<p>Armoire ancienne en teck massif de style rustique et espace de rangement pratique. La Teak Busana 120-180L Old est une armoire ou un vaisselier \u00e0 portes ferm\u00e9es en teck au look rustique authentique. Cette armoire rustique est \u00e9quip\u00e9e de portes battantes dans le meuble sup\u00e9rieur. Le meuble sup\u00e9rieur est muni d'une corniche traditionnelle. Cette armoire rustique ferm\u00e9e se caract\u00e9rise par son style rustique et son espace de rangement pratique derri\u00e8re les portes et les tiroirs. Deux versions sont disponibles : \u00e9tag\u00e8res uniquement (lay) ou tringle \u00e0 v\u00eatements et \u00e9tag\u00e8res (hang + lay). Les \u00e9tag\u00e8res sont amovibles, ce qui vous permet de les organiser comme vous le souhaitez. Les tiroirs de l'armoire peuvent \u00eatre facilement ouverts et ferm\u00e9s gr\u00e2ce \u00e0 des poign\u00e9es rondes en m\u00e9tal. L'armoire basse repose sur un pied d\u00e9coup\u00e9. Ce meuble est uniquement disponible en version KD. <em>(Knock Down<\/em>) lorsque l'armoire est compos\u00e9e de plusieurs parties distinctes! En raison de sa construction solide et de sa longueur, cette armoire est tr\u00e8s lourde. La version KD est plus pratique et permet \u00e9galement \u00e0 chaque partie de se r\u00e9tracter et de se dilater s\u00e9par\u00e9ment.<\/p>\n<p>De serie Teak Busana wordt ambachtelijk gemaakt in Indonesi\u00eb en is leverbaar in verschillende maten en\/of uitvoeringen. Deze teak kast is uitgevoerd in oud teak. Oud teak is zwaarder en dichter van structuur mede doordat het jarenlang verschillende omstandigheden heeft ervaren. Het oude gerecycled teakhout is qua kleur donker van tint, heeft een geleefd, exclusief karakter en een prachtige structuur. TEAK2 maakt enkel gebruik van de beste kwaliteit teak afkomstig uit Java! Degelijke, massieve en zware opbouw.<\/p>\n<p>Deze\u00a0dichte teakhouten kledingkast heeft een\u00a0landelijke\u00a0uitstraling en past daardoor mooi in een pastoriestijl of\u00a0landelijke\u00a0inrichting. Naast een landelijk interieur ook mooi bij een\u00a0huiselijke\u00a0of moderne stijl. De teak kast kan o.a. dienen als\u00a0dichte\u00a0teakhouten kledingkast, dichte buffetkast of\u00a0teak wandkast\u00a0in zowel\u00a0de slaapkamer als woonkamer of living.<\/p>","protected":false},"excerpt":{"rendered":"<table>\n<tbody>\n<tr>\n<td width=\"110\"><\/td>\n<td width=\"300\"><\/td>\n<\/tr>\n<tr>\n<td width=\"110\">Mat\u00e9riel:<\/td>\n<td width=\"300\">Teck<\/td>\n<\/tr>\n<tr>\n<td width=\"110\">Couleur:<\/td>\n<td width=\"300\">Bruin\u00a0(Donker)<\/td>\n<\/tr>\n<tr>\n<td width=\"110\">Finition:<\/td>\n<td width=\"300\">Vieux teck<\/td>\n<\/tr>\n<\/tbody>\n<\/table>","protected":false},"featured_media":7834,"template":"","meta":{"_seopress_robots_primary_cat":"none","_seopress_titles_title":"Teak Busana 120-180L Old | dichte teakhouten kledingkast","_seopress_titles_desc":"Dichte teakhouten kledingkast in massief oud teak, landelijke stijl en praktische opbergruimte. Landelijke kledingkast - TEAK2.","_seopress_robots_index":""},"product_brand":[],"product_cat":[39,90,47],"product_tag":[42,43,51],"class_list":{"0":"post-9963","1":"product","2":"type-product","3":"status-publish","4":"has-post-thumbnail","6":"product_cat-kasten","7":"product_cat-kledingkast","8":"product_cat-teak-buffetkast","9":"product_tag-klassieke-meubels","10":"product_tag-landelijke-meubels","11":"product_tag-oud-teak","13":"first","14":"onbackorder","15":"taxable","16":"shipping-taxable","17":"purchasable","18":"product-type-variable"},"_links":{"self":[{"href":"https:\/\/teak2.be\/fr\/wp-json\/wp\/v2\/product\/9963","targetHints":{"allow":["GET"]}}],"collection":[{"href":"https:\/\/teak2.be\/fr\/wp-json\/wp\/v2\/product"}],"about":[{"href":"https:\/\/teak2.be\/fr\/wp-json\/wp\/v2\/types\/product"}],"version-history":[{"count":1,"href":"https:\/\/teak2.be\/fr\/wp-json\/wp\/v2\/product\/9963\/revisions"}],"predecessor-version":[{"id":512396,"href":"https:\/\/teak2.be\/fr\/wp-json\/wp\/v2\/product\/9963\/revisions\/512396"}],"wp:featuredmedia":[{"embeddable":true,"href":"https:\/\/teak2.be\/fr\/wp-json\/wp\/v2\/media\/7834"}],"wp:attachment":[{"href":"https:\/\/teak2.be\/fr\/wp-json\/wp\/v2\/media?parent=9963"}],"wp:term":[{"taxonomy":"product_brand","embeddable":true,"href":"https:\/\/teak2.be\/fr\/wp-json\/wp\/v2\/product_brand?post=9963"},{"taxonomy":"product_cat","embeddable":true,"href":"https:\/\/teak2.be\/fr\/wp-json\/wp\/v2\/product_cat?post=9963"},{"taxonomy":"product_tag","embeddable":true,"href":"https:\/\/teak2.be\/fr\/wp-json\/wp\/v2\/product_tag?post=9963"}],"curies":[{"name":"wp","href":"https:\/\/api.w.org\/{rel}","templated":true}]}}