{"id":9995,"date":"2024-10-18T12:26:38","date_gmt":"2024-10-18T12:26:38","guid":{"rendered":"http:\/\/teak2.local\/?post_type=product&#038;p=9995"},"modified":"2025-03-19T15:25:49","modified_gmt":"2025-03-19T14:25:49","slug":"teak-anak-kursi-palang","status":"publish","type":"product","link":"https:\/\/teak2.be\/fr\/product\/teak-anak-kursi-palang\/","title":{"rendered":"Teak Anak Kursi Palang"},"content":{"rendered":"<p>Petite chaise d'enfant en bois, chaise haute en teck lisse. La Teak Anak Kursi Palang est une petite chaise de salle \u00e0 manger ou chaise haute en teck au look country moderne. Cette petite chaise en bois est fabriqu\u00e9e en teck non trait\u00e9. La chaise haute a une construction solide et est identique \u00e0 la version grande, \u00e0 l'exception de sa taille. Parfaite pour un coin enfants ou pour les inclure dans le salon et autres. Robuste et mignonne ! La base de cette chaise en bois moderne est un pied en teck. Elle se combine bien avec la large gamme de tables et de chaises en teck de TEAK2.<\/p>\n<p>De serie Teak Anak Kursi wordt ambachtelijk gemaakt in Indonesi\u00eb en is leverbaar in verschillende maten en\/of uitvoeringen. Deze teakhouten stoel is uitgevoerd in onbehandeld teak. Onbehandeld teak is licht (blank) van kleur en wordt egaal glad geschuurd. Dit teakhout is tevens ook gerecycled teak en heeft een zware, dichte structuur. TEAK2 maakt enkel gebruik van de beste kwaliteit teak afkomstig uit Java! Degelijke, massieve en zware opbouw. De gladde structuur geeft het meubel een strakke, moderne uitstraling.<\/p>\n<p>Deze\u00a0kleine houten stoel\u00a0heeft een landelijke\u00a0uitstraling en past daardoor mooi in een eigentijdse of\u00a0moderne\u00a0inrichting. Naast een modern interieur ook mooi bij een\u00a0huiselijke\u00a0of landelijke stijl. De teakhouten stoel kan o.a. dienen als\u00a0kleine\u00a0teakhouten eetkamerstoel, kinderstoel of\u00a0bijzetstoel voor kinderen in zowel de keuken als eetkamer of woonkamer.<\/p>","protected":false},"excerpt":{"rendered":"<table>\n<tbody>\n<tr>\n<td width=\"110\"><\/td>\n<td width=\"300\"><\/td>\n<\/tr>\n<tr>\n<td width=\"110\">Mat\u00e9riel:<\/td>\n<td width=\"300\">Teck<\/td>\n<\/tr>\n<tr>\n<td width=\"110\">Couleur:<\/td>\n<td width=\"300\">Bruin\u00a0(Licht)<\/td>\n<\/tr>\n<tr>\n<td width=\"110\">Finition:<\/td>\n<td width=\"300\">Teck non trait\u00e9<\/td>\n<\/tr>\n<tr>\n<td width=\"110\">B\u00e2ti:<\/td>\n<td width=\"300\">Pied en teck<\/td>\n<\/tr>\n<\/tbody>\n<\/table>","protected":false},"featured_media":7901,"template":"","meta":{"_seopress_robots_primary_cat":"none","_seopress_titles_title":"Teak Anak Kursi Palang | kleine houten stoel kind, kinderstoel","_seopress_titles_desc":"Kleine houten stoel kind, kinderstoel in glad teak. Kleine teakhouten stoel voor speelhoek of bijzettstoel voor kinderen - TEAK2.","_seopress_robots_index":""},"product_brand":[],"product_cat":[56,57],"product_tag":[43,44,53],"class_list":{"0":"post-9995","1":"product","2":"type-product","3":"status-publish","4":"has-post-thumbnail","6":"product_cat-stoelen","7":"product_cat-teak-eetkamerstoelen","8":"product_tag-landelijke-meubels","9":"product_tag-moderne-meubels","10":"product_tag-onbehandeld-teak","12":"first","13":"instock","14":"taxable","15":"shipping-taxable","16":"purchasable","17":"product-type-variable"},"_links":{"self":[{"href":"https:\/\/teak2.be\/fr\/wp-json\/wp\/v2\/product\/9995","targetHints":{"allow":["GET"]}}],"collection":[{"href":"https:\/\/teak2.be\/fr\/wp-json\/wp\/v2\/product"}],"about":[{"href":"https:\/\/teak2.be\/fr\/wp-json\/wp\/v2\/types\/product"}],"version-history":[{"count":0,"href":"https:\/\/teak2.be\/fr\/wp-json\/wp\/v2\/product\/9995\/revisions"}],"wp:featuredmedia":[{"embeddable":true,"href":"https:\/\/teak2.be\/fr\/wp-json\/wp\/v2\/media\/7901"}],"wp:attachment":[{"href":"https:\/\/teak2.be\/fr\/wp-json\/wp\/v2\/media?parent=9995"}],"wp:term":[{"taxonomy":"product_brand","embeddable":true,"href":"https:\/\/teak2.be\/fr\/wp-json\/wp\/v2\/product_brand?post=9995"},{"taxonomy":"product_cat","embeddable":true,"href":"https:\/\/teak2.be\/fr\/wp-json\/wp\/v2\/product_cat?post=9995"},{"taxonomy":"product_tag","embeddable":true,"href":"https:\/\/teak2.be\/fr\/wp-json\/wp\/v2\/product_tag?post=9995"}],"curies":[{"name":"wp","href":"https:\/\/api.w.org\/{rel}","templated":true}]}}